{"id":5574,"date":"2024-06-09T13:24:06","date_gmt":"2024-06-09T16:24:06","guid":{"rendered":"https:\/\/farmaciadagostino.com.ar\/sitio\/producto\/eucerin-hyaluron-mist-sensible-spray-x150-ml\/"},"modified":"2026-03-09T10:25:13","modified_gmt":"2026-03-09T13:25:13","slug":"eucerin-hyaluron-mist-sensible-spray-x150-ml","status":"publish","type":"product","link":"https:\/\/farmaciadagostino.com.ar\/sitio\/producto\/eucerin-hyaluron-mist-sensible-spray-x150-ml\/","title":{"rendered":"EUCERIN HYALURON MIST SENSIBLE SPRAY x150 ml"},"content":{"rendered":"<p>Su f\u00f3rmula \u00fanica contiene cuatro ingredientes hidratantes efectivos que facilitan la activaci\u00f3n de los propios canales de distribuci\u00f3n de humedad de la piel para transportarla entre sus c\u00e9lulas. Luego de una semana de uso regular, alivia la piel seca e irritada, otorg\u00e1ndole una apariencia saludable.<br \/>\nPropiedades:<br \/>\nSin perfume, sin alcohol y sin colorantes.<br \/>\nLibre de parabenos.<br \/>\nR\u00e1pida absorci\u00f3n.<br \/>\nBeneficios:<br \/>\n\u2013 Hidrataci\u00f3n instant\u00e1nea y duradera.<br \/>\n\u2013 Ayuda a disminuir la irritaci\u00f3n provocada por la resequedad.<br \/>\n\u2013 Protege la piel ante irritantes externos y previene su envejecimiento.<br \/>\n\u2013 La piel luce m\u00e1s radiante y suave.<br \/>\n\u2013 Apta para piel sensible.<br \/>\nComposici\u00f3n:<br \/>\nAqua, Butylene Glycol, Sodium Hyaluronate, Glycerin, Glyceryl, Glucoside, Panthenol or Dexpanthenol, Pantolactone, Arginine HCL, Sodium Citrate, Citric Acid, Trisodium EDTA, Sodium Hydroxide, 1,2-Hexanediol, Phenoxyethanol.<br \/>\nModo de uso:<br \/>\n1) Limpiar el rostro con Eucerin DermatoCLEAN Loci\u00f3n Micelar 3 en 1 que tonifica e hidrata en un s\u00f3lo paso.<br \/>\n2) Aplicar Eucerin HYALURON Mist Spray a 15 cm de distancia de la piel del rostro, cuello y escote en cualquier momento del d\u00eda. Dejar absorber durante 2 a 3 minutos.<\/p>\n","protected":false},"excerpt":{"rendered":"<p>El innovador Spray facial Eucerin HYALURON-FILLER permite una hidrataci\u00f3n instant\u00e1nea y duradera gracias al \u00e1cido hialur\u00f3nico, protegiendo la piel ante irritantes externos y previniendo su envejecimiento.<\/p>\n","protected":false},"featured_media":3181,"comment_status":"open","ping_status":"closed","template":"","meta":[],"product_brand":[],"product_cat":[237,162],"product_tag":[],"class_list":{"0":"post-5574","1":"product","2":"type-product","3":"status-publish","4":"has-post-thumbnail","6":"product_cat-belleza","7":"product_cat-dermocosmetica","9":"first","10":"instock","11":"shipping-taxable","12":"purchasable","13":"product-type-simple"},"_links":{"self":[{"href":"https:\/\/farmaciadagostino.com.ar\/sitio\/wp-json\/wp\/v2\/product\/5574","targetHints":{"allow":["GET"]}}],"collection":[{"href":"https:\/\/farmaciadagostino.com.ar\/sitio\/wp-json\/wp\/v2\/product"}],"about":[{"href":"https:\/\/farmaciadagostino.com.ar\/sitio\/wp-json\/wp\/v2\/types\/product"}],"replies":[{"embeddable":true,"href":"https:\/\/farmaciadagostino.com.ar\/sitio\/wp-json\/wp\/v2\/comments?post=5574"}],"wp:featuredmedia":[{"embeddable":true,"href":"https:\/\/farmaciadagostino.com.ar\/sitio\/wp-json\/wp\/v2\/media\/3181"}],"wp:attachment":[{"href":"https:\/\/farmaciadagostino.com.ar\/sitio\/wp-json\/wp\/v2\/media?parent=5574"}],"wp:term":[{"taxonomy":"product_brand","embeddable":true,"href":"https:\/\/farmaciadagostino.com.ar\/sitio\/wp-json\/wp\/v2\/product_brand?post=5574"},{"taxonomy":"product_cat","embeddable":true,"href":"https:\/\/farmaciadagostino.com.ar\/sitio\/wp-json\/wp\/v2\/product_cat?post=5574"},{"taxonomy":"product_tag","embeddable":true,"href":"https:\/\/farmaciadagostino.com.ar\/sitio\/wp-json\/wp\/v2\/product_tag?post=5574"}],"curies":[{"name":"wp","href":"https:\/\/api.w.org\/{rel}","templated":true}]}}