{"id":5611,"date":"2024-06-09T13:24:11","date_gmt":"2024-06-09T16:24:11","guid":{"rendered":"https:\/\/farmaciadagostino.com.ar\/sitio\/producto\/neutrogena-agua-micelar-7-en-1-x200-ml\/"},"modified":"2026-03-09T10:18:02","modified_gmt":"2026-03-09T13:18:02","slug":"neutrogena-agua-micelar-7-en-1-x200-ml","status":"publish","type":"product","link":"https:\/\/farmaciadagostino.com.ar\/sitio\/producto\/neutrogena-agua-micelar-7-en-1-x200-ml\/","title":{"rendered":"NEUTROGENA AGUA MICELAR 7 EN 1 x200 ml"},"content":{"rendered":"<p>El exfoliante NEUTROGENA\u00ae PURIFIED SKIN\u00ae ofrece una limpieza purificadora y profunda que elimina las impurezas y toxinas de la piel, desobstruye los poros y reduce la oleosidad de la piel *, sin dejar sensaci\u00f3n de resequedad. El exfoliante proporciona una sensaci\u00f3n de piel radiante y suave. Su f\u00f3rmula contiene la tecnolog\u00eda BARRIERCARE\u00ae que preserva la barrera natural de la piel y el \u00e1cido glic\u00f3lico que promueve la renovaci\u00f3n celular. (* Con el uso continuo)<br \/>\nBeneficios.<br \/>\nOil-free.<br \/>\nRespeta el pH de la piel.<br \/>\nDermatol\u00f3gica y Oftalmol\u00f3gicamente testeado.<br \/>\nNo agrede la piel.<br \/>\n7 en 1: limpia, desmaquilla, reduce la oleosidad, desobstruye los poros, purifica, refresca y suaviza.<br \/>\nTecnolog\u00eda Triple Micelar.<br \/>\nModo Uso.<br \/>\nHumedezca un algod\u00f3n con el producto y aplique en el rostro, en el area de los ojos, labios y cuello. No es necesario enjuagar.<\/p>\n","protected":false},"excerpt":{"rendered":"<p>Posee 7 beneficios: limpia, desmaquilla, reduce la oleosidad, desobstruye los poros, purifica, refresca y suaviza la piel. Con exclusiva tecnolog\u00eda Triple Micelar, el producto act\u00faa en tres diferentes aspectos de la limpieza: remoci\u00f3n del maquillaje, exceso de oleosidad e impurezas.<\/p>\n","protected":false},"featured_media":4380,"comment_status":"open","ping_status":"closed","template":"","meta":[],"product_brand":[],"product_cat":[237,162],"product_tag":[],"class_list":{"0":"post-5611","1":"product","2":"type-product","3":"status-publish","4":"has-post-thumbnail","6":"product_cat-belleza","7":"product_cat-dermocosmetica","9":"first","10":"instock","11":"shipping-taxable","12":"purchasable","13":"product-type-simple"},"_links":{"self":[{"href":"https:\/\/farmaciadagostino.com.ar\/sitio\/wp-json\/wp\/v2\/product\/5611","targetHints":{"allow":["GET"]}}],"collection":[{"href":"https:\/\/farmaciadagostino.com.ar\/sitio\/wp-json\/wp\/v2\/product"}],"about":[{"href":"https:\/\/farmaciadagostino.com.ar\/sitio\/wp-json\/wp\/v2\/types\/product"}],"replies":[{"embeddable":true,"href":"https:\/\/farmaciadagostino.com.ar\/sitio\/wp-json\/wp\/v2\/comments?post=5611"}],"wp:featuredmedia":[{"embeddable":true,"href":"https:\/\/farmaciadagostino.com.ar\/sitio\/wp-json\/wp\/v2\/media\/4380"}],"wp:attachment":[{"href":"https:\/\/farmaciadagostino.com.ar\/sitio\/wp-json\/wp\/v2\/media?parent=5611"}],"wp:term":[{"taxonomy":"product_brand","embeddable":true,"href":"https:\/\/farmaciadagostino.com.ar\/sitio\/wp-json\/wp\/v2\/product_brand?post=5611"},{"taxonomy":"product_cat","embeddable":true,"href":"https:\/\/farmaciadagostino.com.ar\/sitio\/wp-json\/wp\/v2\/product_cat?post=5611"},{"taxonomy":"product_tag","embeddable":true,"href":"https:\/\/farmaciadagostino.com.ar\/sitio\/wp-json\/wp\/v2\/product_tag?post=5611"}],"curies":[{"name":"wp","href":"https:\/\/api.w.org\/{rel}","templated":true}]}}