{"id":5619,"date":"2024-06-09T13:24:13","date_gmt":"2024-06-09T16:24:13","guid":{"rendered":"https:\/\/farmaciadagostino.com.ar\/sitio\/producto\/garnier-skin-active-agua-micelar-de-rosas-locion-x400-ml\/"},"modified":"2026-03-09T10:09:49","modified_gmt":"2026-03-09T13:09:49","slug":"garnier-skin-active-agua-micelar-de-rosas-locion-x400-ml","status":"publish","type":"product","link":"https:\/\/farmaciadagostino.com.ar\/sitio\/producto\/garnier-skin-active-agua-micelar-de-rosas-locion-x400-ml\/","title":{"rendered":"GARNIER SKIN ACTIVE AGUA MICELAR DE ROSAS LOCI\u00d3N x400 ml"},"content":{"rendered":"<p>Si ten\u00e9s la piel opaca, cansada, apagada, la nueva Agua Micelar de Rosas es para vos.<br \/>\nApta para todo tipo de piel incluso las sensibles, formulada con AGUA DE ROSAS, ingrediente conocido por iluminar, calmar, hidratar y devolverle vida a tu rostro sin dejar sensaci\u00f3n de tirantez.Para limpiar tu piel todos los d\u00edas, por la ma\u00f1ana y por la noche, gracias al poder de las micelas que atrapan suciedad e impurezas como un im\u00e1n (\u00a1adem\u00e1s de maquillaje!).Sin Alcohol. Sin testeos en animales. F\u00f3rmula vegana.<br \/>\nModo Uso.<br \/>\nModo de uso: Humedecer un disco de algod\u00f3n. Apoyar suavemente sobre la piel para dejar actuar, y a los segundos removerlo con delicadeza. No necesita enjuague.<\/p>\n","protected":false},"excerpt":{"rendered":"<p>Limpia, desmaquilla e ilumina.<\/p>\n","protected":false},"featured_media":2943,"comment_status":"open","ping_status":"closed","template":"","meta":[],"product_brand":[],"product_cat":[237,162],"product_tag":[],"class_list":{"0":"post-5619","1":"product","2":"type-product","3":"status-publish","4":"has-post-thumbnail","6":"product_cat-belleza","7":"product_cat-dermocosmetica","9":"first","10":"instock","11":"shipping-taxable","12":"purchasable","13":"product-type-simple"},"_links":{"self":[{"href":"https:\/\/farmaciadagostino.com.ar\/sitio\/wp-json\/wp\/v2\/product\/5619","targetHints":{"allow":["GET"]}}],"collection":[{"href":"https:\/\/farmaciadagostino.com.ar\/sitio\/wp-json\/wp\/v2\/product"}],"about":[{"href":"https:\/\/farmaciadagostino.com.ar\/sitio\/wp-json\/wp\/v2\/types\/product"}],"replies":[{"embeddable":true,"href":"https:\/\/farmaciadagostino.com.ar\/sitio\/wp-json\/wp\/v2\/comments?post=5619"}],"wp:featuredmedia":[{"embeddable":true,"href":"https:\/\/farmaciadagostino.com.ar\/sitio\/wp-json\/wp\/v2\/media\/2943"}],"wp:attachment":[{"href":"https:\/\/farmaciadagostino.com.ar\/sitio\/wp-json\/wp\/v2\/media?parent=5619"}],"wp:term":[{"taxonomy":"product_brand","embeddable":true,"href":"https:\/\/farmaciadagostino.com.ar\/sitio\/wp-json\/wp\/v2\/product_brand?post=5619"},{"taxonomy":"product_cat","embeddable":true,"href":"https:\/\/farmaciadagostino.com.ar\/sitio\/wp-json\/wp\/v2\/product_cat?post=5619"},{"taxonomy":"product_tag","embeddable":true,"href":"https:\/\/farmaciadagostino.com.ar\/sitio\/wp-json\/wp\/v2\/product_tag?post=5619"}],"curies":[{"name":"wp","href":"https:\/\/api.w.org\/{rel}","templated":true}]}}