{"id":5628,"date":"2024-06-09T13:24:14","date_gmt":"2024-06-09T16:24:14","guid":{"rendered":"https:\/\/farmaciadagostino.com.ar\/sitio\/producto\/eucerin-aquaporin-active-piel-seca-crema-x50-ml\/"},"modified":"2026-03-09T10:25:14","modified_gmt":"2026-03-09T13:25:14","slug":"eucerin-aquaporin-active-piel-seca-crema-x50-ml","status":"publish","type":"product","link":"https:\/\/farmaciadagostino.com.ar\/sitio\/producto\/eucerin-aquaporin-active-piel-seca-crema-x50-ml\/","title":{"rendered":"EUCERIN AQUAPORIN ACTIVE PIEL SECA CREMA x50 ml"},"content":{"rendered":"<p>La piel necesita agua para cumplir sus funciones con eficiencia. La piel bien hidratada es suave y tersa, y luce radiante. Cuando la barrera protectora natural de la piel est\u00e1 debilitada, pierde humectaci\u00f3n y se deshidrata. La piel deshidratada luce opaca, se siente tirante, y no puede mantener alejados a los agentes irritantes externos que la afectan y se vuelve sensible. La hidrataci\u00f3n intensa y duradera es necesaria para que la piel conserve su mejor aspecto y tenga la mejor sensaci\u00f3n.<br \/>\nPara mejorar la hidrataci\u00f3n de la piel, la mayor\u00eda de los humectantes impiden que el agua de la piel se evapore excesivamente o retienen la humedad en la capa m\u00e1s externa de la piel con ingredientes humectantes, como la Glicerina. La piel tiene su propio sistema de hidrataci\u00f3n: las Aquaporinas. Las Aquaporinas son canales microsc\u00f3picos que transportan el agua entre las c\u00e9lulas de la piel y sustentan su hidrataci\u00f3n desde el interior. La l\u00ednea Eucerin AQUAporin ACTIVE mejora la resistencia natural de la piel. Su f\u00f3rmula contiene Glucoglicerol, un principio activo hidratante de \u00faltima generaci\u00f3n que, seg\u00fan se ha comprobado, aumenta la cantidad de Aquaporinas en la piel. Esto significa que, adem\u00e1s de limitar la evaporaci\u00f3n del agua y retenerla en las capas superficiales de la piel, Eucerin AQUAporin ACTIVE refuerza el sistema hidratante natural de la piel.<br \/>\nLa textura aterciopelada de Eucerin AQUAporin ACTIVE para piel seca brinda hidrataci\u00f3n intensa por 24 horas y se absorbe r\u00e1pidamente. Alivia la sensaci\u00f3n de tirantez y deja la piel suave y flexible. La compatibilidad de Eucerin AQUAporin ACTIVE con la piel sensible est\u00e1 probada cl\u00ednica y dermatol\u00f3gicamente, y no contiene perfumes ni parabenos.<br \/>\nMODO DE USO:<br \/>\nAplicala por la ma\u00f1ana y por la noche en el rostro, el cuello y el escote con un suave masaje. Evit\u00e1 el contacto con los ojos.<\/p>\n","protected":false},"excerpt":{"rendered":"<p>Eucerin AQUAporin ACTIVE para piel seca es un humectante facial novedoso que mejora el sistema hidratante natural de la piel y la deja flexible, suave y radiante.<\/p>\n","protected":false},"featured_media":2989,"comment_status":"open","ping_status":"closed","template":"","meta":[],"product_brand":[],"product_cat":[237,162],"product_tag":[],"class_list":{"0":"post-5628","1":"product","2":"type-product","3":"status-publish","4":"has-post-thumbnail","6":"product_cat-belleza","7":"product_cat-dermocosmetica","9":"first","10":"instock","11":"shipping-taxable","12":"purchasable","13":"product-type-simple"},"_links":{"self":[{"href":"https:\/\/farmaciadagostino.com.ar\/sitio\/wp-json\/wp\/v2\/product\/5628","targetHints":{"allow":["GET"]}}],"collection":[{"href":"https:\/\/farmaciadagostino.com.ar\/sitio\/wp-json\/wp\/v2\/product"}],"about":[{"href":"https:\/\/farmaciadagostino.com.ar\/sitio\/wp-json\/wp\/v2\/types\/product"}],"replies":[{"embeddable":true,"href":"https:\/\/farmaciadagostino.com.ar\/sitio\/wp-json\/wp\/v2\/comments?post=5628"}],"wp:featuredmedia":[{"embeddable":true,"href":"https:\/\/farmaciadagostino.com.ar\/sitio\/wp-json\/wp\/v2\/media\/2989"}],"wp:attachment":[{"href":"https:\/\/farmaciadagostino.com.ar\/sitio\/wp-json\/wp\/v2\/media?parent=5628"}],"wp:term":[{"taxonomy":"product_brand","embeddable":true,"href":"https:\/\/farmaciadagostino.com.ar\/sitio\/wp-json\/wp\/v2\/product_brand?post=5628"},{"taxonomy":"product_cat","embeddable":true,"href":"https:\/\/farmaciadagostino.com.ar\/sitio\/wp-json\/wp\/v2\/product_cat?post=5628"},{"taxonomy":"product_tag","embeddable":true,"href":"https:\/\/farmaciadagostino.com.ar\/sitio\/wp-json\/wp\/v2\/product_tag?post=5628"}],"curies":[{"name":"wp","href":"https:\/\/api.w.org\/{rel}","templated":true}]}}