{"id":5650,"date":"2024-06-09T13:24:17","date_gmt":"2024-06-09T16:24:17","guid":{"rendered":"https:\/\/farmaciadagostino.com.ar\/sitio\/producto\/paula-cahen-danvers-nino-beige-agua-x100-ml\/"},"modified":"2026-03-09T10:09:49","modified_gmt":"2026-03-09T13:09:49","slug":"paula-cahen-danvers-nino-beige-agua-x100-ml","status":"publish","type":"product","link":"https:\/\/farmaciadagostino.com.ar\/sitio\/producto\/paula-cahen-danvers-nino-beige-agua-x100-ml\/","title":{"rendered":"PAULA CAHEN DANVERS NI\u00d1O BEIGE AGUA x100 ml"},"content":{"rendered":"<p>Paula Cahen D Anvers lanza una nueva fragancia para ni\u00f1as, En sue\u00f1os. Juegan fragantes naranjas entre azahares y geranios al amparo del c\u00e1lido cedro. Fragancia: Floral<br \/>\nModo Uso.<br \/>\nCuando apliques la fragancia, hazlo manteniendo el frasco a una distancia aproximada de 10 cm respecto a la piel. De esta forma, el aroma se distribuir\u00e1 mejor en la piel. Usa el perfume y deja que este penetre en la piel y se seque por s\u00ed solo, de esta forma el olor perdurar\u00e1 m\u00e1s tiempo.<\/p>\n","protected":false},"excerpt":{"rendered":"<p>Juegan fragantes naranjas entre azahares y geranios al amparo del c\u00e1lido cedro. Fragancia: Floral<\/p>\n","protected":false},"featured_media":3492,"comment_status":"open","ping_status":"closed","template":"","meta":[],"product_brand":[],"product_cat":[237,266],"product_tag":[],"class_list":{"0":"post-5650","1":"product","2":"type-product","3":"status-publish","4":"has-post-thumbnail","6":"product_cat-belleza","7":"product_cat-infancias","9":"first","10":"instock","11":"shipping-taxable","12":"purchasable","13":"product-type-simple"},"_links":{"self":[{"href":"https:\/\/farmaciadagostino.com.ar\/sitio\/wp-json\/wp\/v2\/product\/5650","targetHints":{"allow":["GET"]}}],"collection":[{"href":"https:\/\/farmaciadagostino.com.ar\/sitio\/wp-json\/wp\/v2\/product"}],"about":[{"href":"https:\/\/farmaciadagostino.com.ar\/sitio\/wp-json\/wp\/v2\/types\/product"}],"replies":[{"embeddable":true,"href":"https:\/\/farmaciadagostino.com.ar\/sitio\/wp-json\/wp\/v2\/comments?post=5650"}],"wp:featuredmedia":[{"embeddable":true,"href":"https:\/\/farmaciadagostino.com.ar\/sitio\/wp-json\/wp\/v2\/media\/3492"}],"wp:attachment":[{"href":"https:\/\/farmaciadagostino.com.ar\/sitio\/wp-json\/wp\/v2\/media?parent=5650"}],"wp:term":[{"taxonomy":"product_brand","embeddable":true,"href":"https:\/\/farmaciadagostino.com.ar\/sitio\/wp-json\/wp\/v2\/product_brand?post=5650"},{"taxonomy":"product_cat","embeddable":true,"href":"https:\/\/farmaciadagostino.com.ar\/sitio\/wp-json\/wp\/v2\/product_cat?post=5650"},{"taxonomy":"product_tag","embeddable":true,"href":"https:\/\/farmaciadagostino.com.ar\/sitio\/wp-json\/wp\/v2\/product_tag?post=5650"}],"curies":[{"name":"wp","href":"https:\/\/api.w.org\/{rel}","templated":true}]}}