{"id":5654,"date":"2024-06-09T13:24:17","date_gmt":"2024-06-09T16:24:17","guid":{"rendered":"https:\/\/farmaciadagostino.com.ar\/sitio\/producto\/assy-peine-clasico-metalico-para-liendres-y-piojos\/"},"modified":"2026-03-09T10:18:02","modified_gmt":"2026-03-09T13:18:02","slug":"assy-peine-clasico-metalico-para-liendres-y-piojos","status":"publish","type":"product","link":"https:\/\/farmaciadagostino.com.ar\/sitio\/producto\/assy-peine-clasico-metalico-para-liendres-y-piojos\/","title":{"rendered":"Assy Peine Pediculicida (Dientes Largos)"},"content":{"rendered":"<p>Peine Assy de Acero Templado Inoxidable, se puede hervir para aseptizar ya que est\u00e1 integramente fabricado con el mejor acero. No lastima el cuero cabelludo porque las puntas de sus dientes est\u00e1n redondeadas a trav\u00e9s de un proceso computarizado.Tiene dientes largos efectivo para todo tipo de cabellos: largos, cortos, abundantes etc. Exacta se paraci\u00f3n entre los dientes, peina sin tironear, arrastrando el 100% de los piojos y liendres<\/p>\n","protected":false},"excerpt":{"rendered":"<p>Peine Assy de Acero Templado Inoxidable, se puede hervir para aseptizar ya que est\u00e1 integramente fabricado con el mejor acero<\/p>\n","protected":false},"featured_media":3526,"comment_status":"open","ping_status":"closed","template":"","meta":[],"product_brand":[],"product_cat":[152,149],"product_tag":[],"class_list":{"0":"post-5654","1":"product","2":"type-product","3":"status-publish","4":"has-post-thumbnail","6":"product_cat-cuidado-personal","7":"product_cat-farmacia","9":"first","10":"instock","11":"shipping-taxable","12":"purchasable","13":"product-type-simple"},"_links":{"self":[{"href":"https:\/\/farmaciadagostino.com.ar\/sitio\/wp-json\/wp\/v2\/product\/5654","targetHints":{"allow":["GET"]}}],"collection":[{"href":"https:\/\/farmaciadagostino.com.ar\/sitio\/wp-json\/wp\/v2\/product"}],"about":[{"href":"https:\/\/farmaciadagostino.com.ar\/sitio\/wp-json\/wp\/v2\/types\/product"}],"replies":[{"embeddable":true,"href":"https:\/\/farmaciadagostino.com.ar\/sitio\/wp-json\/wp\/v2\/comments?post=5654"}],"wp:featuredmedia":[{"embeddable":true,"href":"https:\/\/farmaciadagostino.com.ar\/sitio\/wp-json\/wp\/v2\/media\/3526"}],"wp:attachment":[{"href":"https:\/\/farmaciadagostino.com.ar\/sitio\/wp-json\/wp\/v2\/media?parent=5654"}],"wp:term":[{"taxonomy":"product_brand","embeddable":true,"href":"https:\/\/farmaciadagostino.com.ar\/sitio\/wp-json\/wp\/v2\/product_brand?post=5654"},{"taxonomy":"product_cat","embeddable":true,"href":"https:\/\/farmaciadagostino.com.ar\/sitio\/wp-json\/wp\/v2\/product_cat?post=5654"},{"taxonomy":"product_tag","embeddable":true,"href":"https:\/\/farmaciadagostino.com.ar\/sitio\/wp-json\/wp\/v2\/product_tag?post=5654"}],"curies":[{"name":"wp","href":"https:\/\/api.w.org\/{rel}","templated":true}]}}