{"id":5672,"date":"2024-06-09T13:24:21","date_gmt":"2024-06-09T16:24:21","guid":{"rendered":"https:\/\/farmaciadagostino.com.ar\/sitio\/producto\/bagovit-ae-emulsion-hipoalergenica-x200-gr\/"},"modified":"2026-03-09T10:18:02","modified_gmt":"2026-03-09T13:18:02","slug":"bagovit-ae-emulsion-hipoalergenica-x200-gr","status":"publish","type":"product","link":"https:\/\/farmaciadagostino.com.ar\/sitio\/producto\/bagovit-ae-emulsion-hipoalergenica-x200-gr\/","title":{"rendered":"BAGOVIT AE EMUL X 200 ML"},"content":{"rendered":"<p>Hipoalerg\u00e9nica.<br \/>\nLibre de alcohol.<br \/>\nSu f\u00f3rmula fue dise\u00f1ada para incrementar la elasticidad de la piel, estimular la regeneraci\u00f3n d\u00e9rmica y aportarle la humectaci\u00f3n que necesita. Recomendada para el embarazo y etapas posteriores.<br \/>\nPreviene eficazmente la aparici\u00f3n de estr\u00edas atr\u00f3ficas durante el embarazo y meses posteriores. Su textura rica y untuosa, que concentra altas concentraciones de Vitamina A, favorece la aplicaci\u00f3n en todo el cuerpo junto con una agradable sensaci\u00f3n.<br \/>\nModo de uso: Administrar Bag\u00f3vit AE dos veces por d\u00eda, realizando un suave masaje para favorecer su absorci\u00f3n y penetraci\u00f3n a las capas m\u00e1s profundas de la piel.<\/p>\n","protected":false},"excerpt":{"rendered":"<p>Previene eficazmente la aparici\u00f3n de estr\u00edas atr\u00f3ficas durante el embarazo y meses posteriores. Su textura rica y untuosa, que concentra altas concentraciones de Vitamina A, favorece la aplicaci\u00f3n en todo el cuerpo junto con una agradable sensaci\u00f3n.<\/p>\n","protected":false},"featured_media":14242,"comment_status":"open","ping_status":"closed","template":"","meta":[],"product_brand":[],"product_cat":[237,162],"product_tag":[],"class_list":{"0":"post-5672","1":"product","2":"type-product","3":"status-publish","4":"has-post-thumbnail","6":"product_cat-belleza","7":"product_cat-dermocosmetica","9":"first","10":"instock","11":"shipping-taxable","12":"purchasable","13":"product-type-simple"},"_links":{"self":[{"href":"https:\/\/farmaciadagostino.com.ar\/sitio\/wp-json\/wp\/v2\/product\/5672","targetHints":{"allow":["GET"]}}],"collection":[{"href":"https:\/\/farmaciadagostino.com.ar\/sitio\/wp-json\/wp\/v2\/product"}],"about":[{"href":"https:\/\/farmaciadagostino.com.ar\/sitio\/wp-json\/wp\/v2\/types\/product"}],"replies":[{"embeddable":true,"href":"https:\/\/farmaciadagostino.com.ar\/sitio\/wp-json\/wp\/v2\/comments?post=5672"}],"wp:featuredmedia":[{"embeddable":true,"href":"https:\/\/farmaciadagostino.com.ar\/sitio\/wp-json\/wp\/v2\/media\/14242"}],"wp:attachment":[{"href":"https:\/\/farmaciadagostino.com.ar\/sitio\/wp-json\/wp\/v2\/media?parent=5672"}],"wp:term":[{"taxonomy":"product_brand","embeddable":true,"href":"https:\/\/farmaciadagostino.com.ar\/sitio\/wp-json\/wp\/v2\/product_brand?post=5672"},{"taxonomy":"product_cat","embeddable":true,"href":"https:\/\/farmaciadagostino.com.ar\/sitio\/wp-json\/wp\/v2\/product_cat?post=5672"},{"taxonomy":"product_tag","embeddable":true,"href":"https:\/\/farmaciadagostino.com.ar\/sitio\/wp-json\/wp\/v2\/product_tag?post=5672"}],"curies":[{"name":"wp","href":"https:\/\/api.w.org\/{rel}","templated":true}]}}