{"id":5703,"date":"2024-06-09T13:24:32","date_gmt":"2024-06-09T16:24:32","guid":{"rendered":"https:\/\/farmaciadagostino.com.ar\/sitio\/producto\/fluordent-px-pasta-dental-sabor-menta-x60-gr\/"},"modified":"2026-03-09T10:18:03","modified_gmt":"2026-03-09T13:18:03","slug":"fluordent-px-pasta-dental-sabor-menta-x60-gr","status":"publish","type":"product","link":"https:\/\/farmaciadagostino.com.ar\/sitio\/producto\/fluordent-px-pasta-dental-sabor-menta-x60-gr\/","title":{"rendered":"FLUORDENT PX PASTA DENTAL SABOR MENTA x60 gr"},"content":{"rendered":"<p>Prevenci\u00f3n de caries dental<br \/>\nPosee agentes que controlan y\/o disminuyen la formaci\u00f3n de sarro<br \/>\n\u00d3ptima limpieza de las piezas dentales<br \/>\nFavorece la remineralizaci\u00f3n del esmalte<br \/>\nInhibe las bacterias formadoras de la placa bacteriana<br \/>\nAgradable sabor a menta<br \/>\nDe uso diario<br \/>\nAcci\u00f3n Terap\u00e9utica:<br \/>\nFluordent PX por su contenido en fluoruro de sodio es preventivo de caries dental.<\/p>\n","protected":false},"excerpt":{"rendered":"<p>Fluordent PX es la pasta dental de elecci\u00f3n de los especialistas. Su triple formulaci\u00f3n previene las caries, impide la formaci\u00f3n de sarro y refuerza tus dientes haci\u00e9ndolos m\u00e1s resistentes a los ataques \u00e1cidos.<\/p>\n","protected":false},"featured_media":3551,"comment_status":"open","ping_status":"closed","template":"","meta":[],"product_brand":[],"product_cat":[152],"product_tag":[],"class_list":{"0":"post-5703","1":"product","2":"type-product","3":"status-publish","4":"has-post-thumbnail","6":"product_cat-cuidado-personal","8":"first","9":"instock","10":"shipping-taxable","11":"purchasable","12":"product-type-simple"},"_links":{"self":[{"href":"https:\/\/farmaciadagostino.com.ar\/sitio\/wp-json\/wp\/v2\/product\/5703","targetHints":{"allow":["GET"]}}],"collection":[{"href":"https:\/\/farmaciadagostino.com.ar\/sitio\/wp-json\/wp\/v2\/product"}],"about":[{"href":"https:\/\/farmaciadagostino.com.ar\/sitio\/wp-json\/wp\/v2\/types\/product"}],"replies":[{"embeddable":true,"href":"https:\/\/farmaciadagostino.com.ar\/sitio\/wp-json\/wp\/v2\/comments?post=5703"}],"wp:featuredmedia":[{"embeddable":true,"href":"https:\/\/farmaciadagostino.com.ar\/sitio\/wp-json\/wp\/v2\/media\/3551"}],"wp:attachment":[{"href":"https:\/\/farmaciadagostino.com.ar\/sitio\/wp-json\/wp\/v2\/media?parent=5703"}],"wp:term":[{"taxonomy":"product_brand","embeddable":true,"href":"https:\/\/farmaciadagostino.com.ar\/sitio\/wp-json\/wp\/v2\/product_brand?post=5703"},{"taxonomy":"product_cat","embeddable":true,"href":"https:\/\/farmaciadagostino.com.ar\/sitio\/wp-json\/wp\/v2\/product_cat?post=5703"},{"taxonomy":"product_tag","embeddable":true,"href":"https:\/\/farmaciadagostino.com.ar\/sitio\/wp-json\/wp\/v2\/product_tag?post=5703"}],"curies":[{"name":"wp","href":"https:\/\/api.w.org\/{rel}","templated":true}]}}