{"id":5735,"date":"2024-06-09T13:24:41","date_gmt":"2024-06-09T16:24:41","guid":{"rendered":"https:\/\/farmaciadagostino.com.ar\/sitio\/producto\/supradyn-efervescente-x30-comp\/"},"modified":"2026-03-09T10:18:03","modified_gmt":"2026-03-09T13:18:03","slug":"supradyn-efervescente-x30-comp","status":"publish","type":"product","link":"https:\/\/farmaciadagostino.com.ar\/sitio\/producto\/supradyn-efervescente-x30-comp\/","title":{"rendered":"Supradyn Suplemento Nutricional Tabletas Efervescentes (30 Unidades)"},"content":{"rendered":"<p>Supradyn de Bayer es un Suplemento Dietario con una completa formula de Vitaminas y Minerales que ayuda a disfrutar con energia el ritmo de tu dia. \u00bfPor qu\u00e9 tomar Supradyn?<\/p>\n<h5>Beneficios:<\/h5>\n<p>&#8211; El complejo vitam\u00ednico B, Magnesio, Vitamina H y el F\u00f3sforo favorece el aumento de la producci\u00f3n de energ\u00eda.<\/p>\n<p>&#8211; La Vitamina C, B6 y B12 ayudan a reducir el cansancio y la fatiga.<\/p>\n<p>&#8211; La Vitamina A ayuda al mantenimiento de la visi\u00f3n normal.<\/p>\n<p>&#8211; El Calcio, Vitamina D y el Magnesio ayudan al mantenimiento de los huesos y dientes sanos y fuertes.<\/p>\n<p>&#8211; La Vitamina C, A y el Zinc ayudan a la cicatrizaci\u00f3n y a tener una piel saludable.<\/p>\n<p>Supradyn est\u00e1 recomendado para adultos y ni\u00f1os mayores a 12 a\u00f1os.<\/p>\n<p>Supradyn es el Multivitam\u00ednico N\u00b01 en ventas en Argentina.<\/p>\n<h5>Modo de uso:<\/h5>\n<p>Adultos y ni\u00f1os mayores de 12 a\u00f1os: 1 comprimido efervescente por d\u00eda, disueltos en un vaso de agua.<\/p>\n<h5>Advertencias:<\/h5>\n<p>Consulte a su m\u00e9dico antes de consumir este producto. No utilizar en caso de embarazo, mujeres en per\u00edodo de lactancia ni en ni\u00f1os.<\/p>\n","protected":false},"excerpt":{"rendered":"<p>Supradyn de Bayer es un Suplemento Dietario con una completa formula de Vitaminas y Minerales que ayuda a disfrutar con energia el ritmo de tu dia<\/p>\n","protected":false},"featured_media":3625,"comment_status":"open","ping_status":"closed","template":"","meta":[],"product_brand":[],"product_cat":[149],"product_tag":[],"class_list":{"0":"post-5735","1":"product","2":"type-product","3":"status-publish","4":"has-post-thumbnail","6":"product_cat-farmacia","8":"first","9":"instock","10":"shipping-taxable","11":"purchasable","12":"product-type-simple"},"_links":{"self":[{"href":"https:\/\/farmaciadagostino.com.ar\/sitio\/wp-json\/wp\/v2\/product\/5735","targetHints":{"allow":["GET"]}}],"collection":[{"href":"https:\/\/farmaciadagostino.com.ar\/sitio\/wp-json\/wp\/v2\/product"}],"about":[{"href":"https:\/\/farmaciadagostino.com.ar\/sitio\/wp-json\/wp\/v2\/types\/product"}],"replies":[{"embeddable":true,"href":"https:\/\/farmaciadagostino.com.ar\/sitio\/wp-json\/wp\/v2\/comments?post=5735"}],"wp:featuredmedia":[{"embeddable":true,"href":"https:\/\/farmaciadagostino.com.ar\/sitio\/wp-json\/wp\/v2\/media\/3625"}],"wp:attachment":[{"href":"https:\/\/farmaciadagostino.com.ar\/sitio\/wp-json\/wp\/v2\/media?parent=5735"}],"wp:term":[{"taxonomy":"product_brand","embeddable":true,"href":"https:\/\/farmaciadagostino.com.ar\/sitio\/wp-json\/wp\/v2\/product_brand?post=5735"},{"taxonomy":"product_cat","embeddable":true,"href":"https:\/\/farmaciadagostino.com.ar\/sitio\/wp-json\/wp\/v2\/product_cat?post=5735"},{"taxonomy":"product_tag","embeddable":true,"href":"https:\/\/farmaciadagostino.com.ar\/sitio\/wp-json\/wp\/v2\/product_tag?post=5735"}],"curies":[{"name":"wp","href":"https:\/\/api.w.org\/{rel}","templated":true}]}}