{"id":5788,"date":"2024-06-09T13:24:49","date_gmt":"2024-06-09T16:24:49","guid":{"rendered":"https:\/\/farmaciadagostino.com.ar\/sitio\/producto\/sensodyne-pasta-dental-deep-clean-x90-gr\/"},"modified":"2026-03-09T10:09:50","modified_gmt":"2026-03-09T13:09:50","slug":"sensodyne-pasta-dental-deep-clean-x90-gr","status":"publish","type":"product","link":"https:\/\/farmaciadagostino.com.ar\/sitio\/producto\/sensodyne-pasta-dental-deep-clean-x90-gr\/","title":{"rendered":"SENSODYNE PASTA DENTAL DEEP CLEAN x90 gr"},"content":{"rendered":"<p>Sensodyne est\u00e1 especialmente formulado para aliviar la sensibilidad dental. Cuando el esmalte se desgasta o las enc\u00edas retroceden, la dentina debajo queda expuesta. Esto puede provocar sensibilidad dental y molestia, por ejemplo, con alimentos y bebidas calientes y fr\u00edas.<br \/>\nBeneficios.<br \/>\nProtecci\u00f3n duradera contra la sensibilidad dental.<br \/>\nContiene fl\u00faor para proteger contra las caries.<br \/>\nAyuda a remover la acumulaci\u00f3n de placa.<br \/>\nAyuda a mantener las enc\u00edas sanas.<br \/>\nSensaci\u00f3n de limpieza profunda.<br \/>\nModo Uso.<br \/>\nCepille sus dientes dos veces al d\u00eda y no m\u00e1s de tres. Evite la ingesti\u00f3n del producto y esc\u00fapalo despu\u00e9s del cepillado.<\/p>\n","protected":false},"excerpt":{"rendered":"<p>Sensodyne Limpieza Profunda es una pasta dental en gel especialmente desarrollada para aliviar la sensibilidad dental.<\/p>\n","protected":false},"featured_media":4464,"comment_status":"open","ping_status":"closed","template":"","meta":[],"product_brand":[],"product_cat":[152],"product_tag":[],"class_list":{"0":"post-5788","1":"product","2":"type-product","3":"status-publish","4":"has-post-thumbnail","6":"product_cat-cuidado-personal","8":"first","9":"instock","10":"shipping-taxable","11":"purchasable","12":"product-type-simple"},"_links":{"self":[{"href":"https:\/\/farmaciadagostino.com.ar\/sitio\/wp-json\/wp\/v2\/product\/5788","targetHints":{"allow":["GET"]}}],"collection":[{"href":"https:\/\/farmaciadagostino.com.ar\/sitio\/wp-json\/wp\/v2\/product"}],"about":[{"href":"https:\/\/farmaciadagostino.com.ar\/sitio\/wp-json\/wp\/v2\/types\/product"}],"replies":[{"embeddable":true,"href":"https:\/\/farmaciadagostino.com.ar\/sitio\/wp-json\/wp\/v2\/comments?post=5788"}],"wp:featuredmedia":[{"embeddable":true,"href":"https:\/\/farmaciadagostino.com.ar\/sitio\/wp-json\/wp\/v2\/media\/4464"}],"wp:attachment":[{"href":"https:\/\/farmaciadagostino.com.ar\/sitio\/wp-json\/wp\/v2\/media?parent=5788"}],"wp:term":[{"taxonomy":"product_brand","embeddable":true,"href":"https:\/\/farmaciadagostino.com.ar\/sitio\/wp-json\/wp\/v2\/product_brand?post=5788"},{"taxonomy":"product_cat","embeddable":true,"href":"https:\/\/farmaciadagostino.com.ar\/sitio\/wp-json\/wp\/v2\/product_cat?post=5788"},{"taxonomy":"product_tag","embeddable":true,"href":"https:\/\/farmaciadagostino.com.ar\/sitio\/wp-json\/wp\/v2\/product_tag?post=5788"}],"curies":[{"name":"wp","href":"https:\/\/api.w.org\/{rel}","templated":true}]}}