{"id":5934,"date":"2024-06-09T13:25:17","date_gmt":"2024-06-09T16:25:17","guid":{"rendered":"https:\/\/farmaciadagostino.com.ar\/sitio\/producto\/acf-by-dadatina-body-hidratacion-paso-2-crema-250-ml\/"},"modified":"2026-03-09T10:25:18","modified_gmt":"2026-03-09T13:25:18","slug":"acf-by-dadatina-body-hidratacion-paso-2-crema-250-ml","status":"publish","type":"product","link":"https:\/\/farmaciadagostino.com.ar\/sitio\/producto\/acf-by-dadatina-body-hidratacion-paso-2-crema-250-ml\/","title":{"rendered":"ACF BY DADATINA BODY HIDRATACI\u00d3N PASO 2 CREMA 250 ML"},"content":{"rendered":"<p>ACF by DADATINA BODY SOLUTIONS PASO 2: HIDRATACI\u00d3N<br \/>\nEste fluido hidratante es el PASO 2 del tratamiento corporal de limpieza e hidrataci\u00f3n.<br \/>\nSu f\u00f3rmula de textura liviana y r\u00e1pida absorci\u00f3n brinda una acci\u00f3n calmante, hidratante y restauradora de la barrera lip\u00eddica de la piel, gracias a la niacinamida y una combinaci\u00f3n de proceramidas y complejo de postbi\u00f3ticos (hydraskin), junto con extractos naturales de bamb\u00fa, palta y pepino.<br \/>\nEste producto contiene fragancia, no es s\u00f3lo un tratamiento, sino un momento relajante. No utilizamos al\u00e9rgenos en las fragancias ni aceites esenciales.<br \/>\nModo de uso:<br \/>\nAplicar generosamente una o dos veces al d\u00eda sobre la piel limpia y distribuir masajeando todo el cuerpo suavemente.<br \/>\nPara mejores resultados combinalo con los tratamientos corporales Paso 1: Limpieza y Paso 1.5: Exfoliante Inteligente para una limpieza e hidrataci\u00f3n total.<br \/>\nRECOMENDACIONES: realizar test de alergia y comenzar el uso gradualmente. No aplicar sobre piel irritada o lesionada.<\/p>\n","protected":false},"excerpt":{"rendered":"<p>Fluido hidratante de r\u00e1pida absorci\u00f3n, restablece la barrera de la piel con ceramidas y postbi\u00f3ticos.<br \/>\nLa niacinamida al 4% ayuda a atenuar manchas corporales, iluminar la piel, reducir oleosidad y dejar la piel hidratada, sana y restaurada.<\/p>\n","protected":false},"featured_media":4079,"comment_status":"open","ping_status":"closed","template":"","meta":[],"product_brand":[],"product_cat":[237,162],"product_tag":[],"class_list":{"0":"post-5934","1":"product","2":"type-product","3":"status-publish","4":"has-post-thumbnail","6":"product_cat-belleza","7":"product_cat-dermocosmetica","9":"first","10":"instock","11":"shipping-taxable","12":"purchasable","13":"product-type-simple"},"_links":{"self":[{"href":"https:\/\/farmaciadagostino.com.ar\/sitio\/wp-json\/wp\/v2\/product\/5934","targetHints":{"allow":["GET"]}}],"collection":[{"href":"https:\/\/farmaciadagostino.com.ar\/sitio\/wp-json\/wp\/v2\/product"}],"about":[{"href":"https:\/\/farmaciadagostino.com.ar\/sitio\/wp-json\/wp\/v2\/types\/product"}],"replies":[{"embeddable":true,"href":"https:\/\/farmaciadagostino.com.ar\/sitio\/wp-json\/wp\/v2\/comments?post=5934"}],"wp:featuredmedia":[{"embeddable":true,"href":"https:\/\/farmaciadagostino.com.ar\/sitio\/wp-json\/wp\/v2\/media\/4079"}],"wp:attachment":[{"href":"https:\/\/farmaciadagostino.com.ar\/sitio\/wp-json\/wp\/v2\/media?parent=5934"}],"wp:term":[{"taxonomy":"product_brand","embeddable":true,"href":"https:\/\/farmaciadagostino.com.ar\/sitio\/wp-json\/wp\/v2\/product_brand?post=5934"},{"taxonomy":"product_cat","embeddable":true,"href":"https:\/\/farmaciadagostino.com.ar\/sitio\/wp-json\/wp\/v2\/product_cat?post=5934"},{"taxonomy":"product_tag","embeddable":true,"href":"https:\/\/farmaciadagostino.com.ar\/sitio\/wp-json\/wp\/v2\/product_tag?post=5934"}],"curies":[{"name":"wp","href":"https:\/\/api.w.org\/{rel}","templated":true}]}}