{"id":5937,"date":"2024-06-09T13:25:19","date_gmt":"2024-06-09T16:25:19","guid":{"rendered":"https:\/\/farmaciadagostino.com.ar\/sitio\/producto\/dermaglos-facial-crema-ultra-volumen-dia-x50-ml\/"},"modified":"2026-03-09T10:18:04","modified_gmt":"2026-03-09T13:18:04","slug":"dermaglos-facial-crema-ultra-volumen-dia-x50-ml","status":"publish","type":"product","link":"https:\/\/farmaciadagostino.com.ar\/sitio\/producto\/dermaglos-facial-crema-ultra-volumen-dia-x50-ml\/","title":{"rendered":"Crema Facial Dermagl\u00f3s Ultra Volumen D\u00eda x 50 g"},"content":{"rendered":"<p>Formulada para hidratar y atenuar arrugas. Mejora la elasticidad y aporta firmeza, perdidas por la disminuci\u00f3n de la producci\u00f3n de col\u00e1geno y \u00e1cido hialur\u00f3nico. Protege con FPS30. Indicado para piel normal a seca.<\/p>\n<h5>Beneficios:<\/h5>\n<p>&#8211; Hipoalerg\u00e9nica<\/p>\n<p>&#8211; Apta piel sensible <\/p>\n<p>&#8211; Testeada dermatol\u00f3gica y oftalmol\u00f3gicamente <\/p>\n<p>&#8211; Sin TACC <\/p>\n<p>&#8211; Sin parabenos <\/p>\n<p>&#8211; No testeado en animales<\/p>\n<h5>Modo de uso:<\/h5>\n<p>Utilizar por la ma\u00f1ana luego de la limpieza diaria sobre la piel del rostro, cuello y escote mediante un suave masaje circular ascendente.<\/p>\n<h5>Composici\u00f3n:<\/h5>\n<p>\u00c1cido Hialur\u00f3nico: Contribuye a la hidrataci\u00f3n biol\u00f3gica. Mejora la flexibilidad, elasticidad y el tono de la piel.<\/p>\n<p>Col\u00e1geno: Efecto tensor.<\/p>\n<p>Algisium C: Aten\u00faa arrugas y devuelve el volumen. Efecto reafirmante y anti-glicante.<\/p>\n<p>Provitamina B5: estimula la producci\u00f3n de col\u00e1geno y elastina.<\/p>\n<p>Vitamina E: antioxidante. Previene el envejecimiento prematuro de la piel.<\/p>\n<p>Niacinamida: mantiene la luminosidad de la piel.<\/p>\n","protected":false},"excerpt":{"rendered":"<p>Formulada para hidratar y atenuar arrugas<\/p>\n","protected":false},"featured_media":3692,"comment_status":"open","ping_status":"closed","template":"","meta":[],"product_brand":[],"product_cat":[237,162],"product_tag":[],"class_list":{"0":"post-5937","1":"product","2":"type-product","3":"status-publish","4":"has-post-thumbnail","6":"product_cat-belleza","7":"product_cat-dermocosmetica","9":"first","10":"instock","11":"shipping-taxable","12":"purchasable","13":"product-type-simple"},"_links":{"self":[{"href":"https:\/\/farmaciadagostino.com.ar\/sitio\/wp-json\/wp\/v2\/product\/5937","targetHints":{"allow":["GET"]}}],"collection":[{"href":"https:\/\/farmaciadagostino.com.ar\/sitio\/wp-json\/wp\/v2\/product"}],"about":[{"href":"https:\/\/farmaciadagostino.com.ar\/sitio\/wp-json\/wp\/v2\/types\/product"}],"replies":[{"embeddable":true,"href":"https:\/\/farmaciadagostino.com.ar\/sitio\/wp-json\/wp\/v2\/comments?post=5937"}],"wp:featuredmedia":[{"embeddable":true,"href":"https:\/\/farmaciadagostino.com.ar\/sitio\/wp-json\/wp\/v2\/media\/3692"}],"wp:attachment":[{"href":"https:\/\/farmaciadagostino.com.ar\/sitio\/wp-json\/wp\/v2\/media?parent=5937"}],"wp:term":[{"taxonomy":"product_brand","embeddable":true,"href":"https:\/\/farmaciadagostino.com.ar\/sitio\/wp-json\/wp\/v2\/product_brand?post=5937"},{"taxonomy":"product_cat","embeddable":true,"href":"https:\/\/farmaciadagostino.com.ar\/sitio\/wp-json\/wp\/v2\/product_cat?post=5937"},{"taxonomy":"product_tag","embeddable":true,"href":"https:\/\/farmaciadagostino.com.ar\/sitio\/wp-json\/wp\/v2\/product_tag?post=5937"}],"curies":[{"name":"wp","href":"https:\/\/api.w.org\/{rel}","templated":true}]}}