{"id":5938,"date":"2024-06-09T13:25:19","date_gmt":"2024-06-09T16:25:19","guid":{"rendered":"https:\/\/farmaciadagostino.com.ar\/sitio\/producto\/dermaglos-gel-facial-ultra-hidratacion-x50-ml\/"},"modified":"2026-03-09T10:25:18","modified_gmt":"2026-03-09T13:25:18","slug":"dermaglos-gel-facial-ultra-hidratacion-x50-ml","status":"publish","type":"product","link":"https:\/\/farmaciadagostino.com.ar\/sitio\/producto\/dermaglos-gel-facial-ultra-hidratacion-x50-ml\/","title":{"rendered":"Crema Facial Dermagl\u00f3s Ultra Hidrataci\u00f3n D\u00eda Noche x 50 g"},"content":{"rendered":"<p>Hidrata en profundidad por 24 h y previene los primeros signos del envejecimiento con efecto antioxidante. De textura ultra liviana y de r\u00e1pida absorci\u00f3n. Indicado para todo tipo de piel. <\/p>\n<h5>Beneficios:<\/h5>\n<p>&#8211; Hipoalerg\u00e9nica<\/p>\n<p>&#8211; Apta piel sensible <\/p>\n<p>&#8211; Testeada dermatol\u00f3gica y oftalmol\u00f3gicamente <\/p>\n<p>&#8211; Sin TACC <\/p>\n<p>&#8211; Sin parabenos <\/p>\n<p>&#8211; No testeado en animales<\/p>\n<h5>Modo de uso:<\/h5>\n<p>Aplicar tanto de d\u00eda como de noche sobre la piel limpia y tonificada en el rostro, cuello y escote masajeando suavemente en forma circular ascendente hasta que el producto se absorba. Utilizar luego del contorno de ojos Ultra Hidratante.<\/p>\n<h5>Composici\u00f3n:<\/h5>\n<p>\u00c1cido Hialur\u00f3nico: Contribuye a la hidrataci\u00f3n biol\u00f3gica. Mejora la flexibilidad, elasticidad y el tono de la piel.<\/p>\n<p>Vitamina E: antioxidante. Previene el envejecimiento prematuro de la piel.<\/p>\n<p>Hidroxietil Urea: hidrataci\u00f3n prolongada por 24hs. Deja la piel suave sin efecto graso ni pegajoso.<\/p>\n","protected":false},"excerpt":{"rendered":"<p>Hidrata en profundidad por 24 h y previene los primeros signos del envejecimiento con efecto antioxidante<\/p>\n","protected":false},"featured_media":3698,"comment_status":"open","ping_status":"closed","template":"","meta":[],"product_brand":[],"product_cat":[237,162],"product_tag":[],"class_list":{"0":"post-5938","1":"product","2":"type-product","3":"status-publish","4":"has-post-thumbnail","6":"product_cat-belleza","7":"product_cat-dermocosmetica","9":"first","10":"instock","11":"shipping-taxable","12":"purchasable","13":"product-type-simple"},"_links":{"self":[{"href":"https:\/\/farmaciadagostino.com.ar\/sitio\/wp-json\/wp\/v2\/product\/5938","targetHints":{"allow":["GET"]}}],"collection":[{"href":"https:\/\/farmaciadagostino.com.ar\/sitio\/wp-json\/wp\/v2\/product"}],"about":[{"href":"https:\/\/farmaciadagostino.com.ar\/sitio\/wp-json\/wp\/v2\/types\/product"}],"replies":[{"embeddable":true,"href":"https:\/\/farmaciadagostino.com.ar\/sitio\/wp-json\/wp\/v2\/comments?post=5938"}],"wp:featuredmedia":[{"embeddable":true,"href":"https:\/\/farmaciadagostino.com.ar\/sitio\/wp-json\/wp\/v2\/media\/3698"}],"wp:attachment":[{"href":"https:\/\/farmaciadagostino.com.ar\/sitio\/wp-json\/wp\/v2\/media?parent=5938"}],"wp:term":[{"taxonomy":"product_brand","embeddable":true,"href":"https:\/\/farmaciadagostino.com.ar\/sitio\/wp-json\/wp\/v2\/product_brand?post=5938"},{"taxonomy":"product_cat","embeddable":true,"href":"https:\/\/farmaciadagostino.com.ar\/sitio\/wp-json\/wp\/v2\/product_cat?post=5938"},{"taxonomy":"product_tag","embeddable":true,"href":"https:\/\/farmaciadagostino.com.ar\/sitio\/wp-json\/wp\/v2\/product_tag?post=5938"}],"curies":[{"name":"wp","href":"https:\/\/api.w.org\/{rel}","templated":true}]}}