{"id":5956,"date":"2024-06-09T13:25:23","date_gmt":"2024-06-09T16:25:23","guid":{"rendered":"https:\/\/farmaciadagostino.com.ar\/sitio\/producto\/estrella-baby-algodon-precortado-x100-gr\/"},"modified":"2026-03-09T10:18:06","modified_gmt":"2026-03-09T13:18:06","slug":"estrella-baby-algodon-precortado-x100-gr","status":"publish","type":"product","link":"https:\/\/farmaciadagostino.com.ar\/sitio\/producto\/estrella-baby-algodon-precortado-x100-gr\/","title":{"rendered":"Estrella Algodon Precortado 100 gr"},"content":{"rendered":"<p>Con la m\u00e1xima suavidad y pureza, creamos el algod\u00f3n precortado Estrella baby, para hacer m\u00e1s f\u00e1cil y r\u00e1pido el cambio del pa\u00f1al de tu beb\u00e9.<\/p>\n","protected":false},"excerpt":{"rendered":"<p>Con la m\u00e1xima suavidad y pureza, creamos el algod\u00f3n precortado Estrella baby, para hacer m\u00e1s f\u00e1cil y r\u00e1pido el cambio del pa\u00f1al de tu beb\u00e9<\/p>\n","protected":false},"featured_media":3228,"comment_status":"open","ping_status":"closed","template":"","meta":[],"product_brand":[],"product_cat":[152,149],"product_tag":[],"class_list":{"0":"post-5956","1":"product","2":"type-product","3":"status-publish","4":"has-post-thumbnail","6":"product_cat-cuidado-personal","7":"product_cat-farmacia","9":"first","10":"instock","11":"shipping-taxable","12":"purchasable","13":"product-type-simple"},"_links":{"self":[{"href":"https:\/\/farmaciadagostino.com.ar\/sitio\/wp-json\/wp\/v2\/product\/5956","targetHints":{"allow":["GET"]}}],"collection":[{"href":"https:\/\/farmaciadagostino.com.ar\/sitio\/wp-json\/wp\/v2\/product"}],"about":[{"href":"https:\/\/farmaciadagostino.com.ar\/sitio\/wp-json\/wp\/v2\/types\/product"}],"replies":[{"embeddable":true,"href":"https:\/\/farmaciadagostino.com.ar\/sitio\/wp-json\/wp\/v2\/comments?post=5956"}],"wp:featuredmedia":[{"embeddable":true,"href":"https:\/\/farmaciadagostino.com.ar\/sitio\/wp-json\/wp\/v2\/media\/3228"}],"wp:attachment":[{"href":"https:\/\/farmaciadagostino.com.ar\/sitio\/wp-json\/wp\/v2\/media?parent=5956"}],"wp:term":[{"taxonomy":"product_brand","embeddable":true,"href":"https:\/\/farmaciadagostino.com.ar\/sitio\/wp-json\/wp\/v2\/product_brand?post=5956"},{"taxonomy":"product_cat","embeddable":true,"href":"https:\/\/farmaciadagostino.com.ar\/sitio\/wp-json\/wp\/v2\/product_cat?post=5956"},{"taxonomy":"product_tag","embeddable":true,"href":"https:\/\/farmaciadagostino.com.ar\/sitio\/wp-json\/wp\/v2\/product_tag?post=5956"}],"curies":[{"name":"wp","href":"https:\/\/api.w.org\/{rel}","templated":true}]}}