{"id":5961,"date":"2024-06-09T13:25:25","date_gmt":"2024-06-09T16:25:25","guid":{"rendered":"https:\/\/farmaciadagostino.com.ar\/sitio\/producto\/bagovit-a-shampoo-nutricion-profunda-x350-ml\/"},"modified":"2026-03-09T10:09:53","modified_gmt":"2026-03-09T13:09:53","slug":"bagovit-a-shampoo-nutricion-profunda-x350-ml","status":"publish","type":"product","link":"https:\/\/farmaciadagostino.com.ar\/sitio\/producto\/bagovit-a-shampoo-nutricion-profunda-x350-ml\/","title":{"rendered":"Bagovit Capilar Shampoo Nutrici\u00f3n Profunda 350 ml"},"content":{"rendered":"<h5>Descripci\u00f3n<\/h5>\n<p>El Shampoo Nutrici\u00f3n Profunda de Bag\u00f3vit tiene tres veces m\u00e1s nutrici\u00f3n para tu pelo, gracias a su f\u00f3rmula de Pura Vitamina A, combinada con \u00d3leo de Coco 100% natural y Manteca de Karit\u00e9. Sus componentes naturales le otorgan una intensa nutrici\u00f3n al cabello sin dejar efecto graso. Un pelo sedoso y extremadamente suave desde la primera aplicaci\u00f3n. F\u00f3rmula sin parabenos. <\/p>\n<h5>Beneficios<\/h5>\n<p>&#8211; Pura Vitamina A.<br \/>\n&#8211; \u00d3leo de Coco 100% natural.<br \/>\n&#8211; Manteca de Karit\u00e9.<br \/>\n&#8211; Intensa nutrici\u00f3n sin efecto graso.<br \/>\n&#8211; Pelo extremadamente sedoso y suave.<\/p>\n<h5>Modo de uso<\/h5>\n<p>Aplicar sobre el cabello h\u00famedo. Masajear suavemente y enjuagar. Para un cabello m\u00e1s nutrido y protegido utiliza los otros productos de la l\u00ednea Bag\u00f3vit Nutrici\u00f3n Profunda. Para uso diario.<\/p>\n<h5>Ingredientes<\/h5>\n<p>Vitamina A, \u00d3leo de Coco, Manteca de Karit\u00e9 <\/p>\n","protected":false},"excerpt":{"rendered":"<p>Descripci\u00f3nEl Shampoo Nutrici\u00f3n Profunda de Bag\u00f3vit tiene tres veces m\u00e1s nutrici\u00f3n para tu pelo, gracias a su f\u00f3rmula de Pura Vitamina A, combinada con \u00d3leo de Coco 100% natural y Manteca de Karit\u00e9<\/p>\n","protected":false},"featured_media":3302,"comment_status":"open","ping_status":"closed","template":"","meta":[],"product_brand":[],"product_cat":[237,162],"product_tag":[],"class_list":{"0":"post-5961","1":"product","2":"type-product","3":"status-publish","4":"has-post-thumbnail","6":"product_cat-belleza","7":"product_cat-dermocosmetica","9":"first","10":"instock","11":"shipping-taxable","12":"purchasable","13":"product-type-simple"},"_links":{"self":[{"href":"https:\/\/farmaciadagostino.com.ar\/sitio\/wp-json\/wp\/v2\/product\/5961","targetHints":{"allow":["GET"]}}],"collection":[{"href":"https:\/\/farmaciadagostino.com.ar\/sitio\/wp-json\/wp\/v2\/product"}],"about":[{"href":"https:\/\/farmaciadagostino.com.ar\/sitio\/wp-json\/wp\/v2\/types\/product"}],"replies":[{"embeddable":true,"href":"https:\/\/farmaciadagostino.com.ar\/sitio\/wp-json\/wp\/v2\/comments?post=5961"}],"wp:featuredmedia":[{"embeddable":true,"href":"https:\/\/farmaciadagostino.com.ar\/sitio\/wp-json\/wp\/v2\/media\/3302"}],"wp:attachment":[{"href":"https:\/\/farmaciadagostino.com.ar\/sitio\/wp-json\/wp\/v2\/media?parent=5961"}],"wp:term":[{"taxonomy":"product_brand","embeddable":true,"href":"https:\/\/farmaciadagostino.com.ar\/sitio\/wp-json\/wp\/v2\/product_brand?post=5961"},{"taxonomy":"product_cat","embeddable":true,"href":"https:\/\/farmaciadagostino.com.ar\/sitio\/wp-json\/wp\/v2\/product_cat?post=5961"},{"taxonomy":"product_tag","embeddable":true,"href":"https:\/\/farmaciadagostino.com.ar\/sitio\/wp-json\/wp\/v2\/product_tag?post=5961"}],"curies":[{"name":"wp","href":"https:\/\/api.w.org\/{rel}","templated":true}]}}