{"id":5988,"date":"2024-06-09T13:25:33","date_gmt":"2024-06-09T16:25:33","guid":{"rendered":"https:\/\/farmaciadagostino.com.ar\/sitio\/producto\/eucerin-ph-5-aceite-de-ducha-gel-x400-ml\/"},"modified":"2026-03-09T10:18:06","modified_gmt":"2026-03-09T13:18:06","slug":"eucerin-ph-5-aceite-de-ducha-gel-x400-ml","status":"publish","type":"product","link":"https:\/\/farmaciadagostino.com.ar\/sitio\/producto\/eucerin-ph-5-aceite-de-ducha-gel-x400-ml\/","title":{"rendered":"EUCERIN PH 5 ACEITE DE DUCHA GEL x400 ml"},"content":{"rendered":"<p>El Aceite de ducha pH5 Eucerin de uso diario preserva las defensas naturales de la piel y previene su sequedad, incluso despu\u00e9s de la ducha. Su f\u00f3rmula contiene una formulaci\u00f3n \u00fanica de buffer citrato pH5 y surfactantes extra suaves que protegen las enzimas propias de la piel. La reposici\u00f3n intensiva de los l\u00edpidos deja la piel con una sensaci\u00f3n nutrida y sedosa. Est\u00e1 probado en pieles secas y sensibles. Ideal para utilizarse en zonas afectadas por alergias.<br \/>\nPropiedades:<br \/>\nLigeramente perfumado.<br \/>\nLibre de jab\u00f3n alcalino.<br \/>\nBeneficios:<br \/>\n\u2013 Previene la sequedad de la piel.<br \/>\n\u2013 Limpieza gentil y efectiva.<br \/>\n\u2013 Preserva las defensas naturales de la piel.<br \/>\n\u2013 Deja la piel con una sensaci\u00f3n nutrida y sedosa.<br \/>\n\u2013 Apto para piel sensible.<br \/>\nComposici\u00f3n:<br \/>\nGlycine Soja Oil, Laureth-4, MIPA-Laureth Sulfate, Ricinus Communis Seed Oil, Poloxamer 101, Parfum, Aqua, Propylene Glycol, Panthenol, Tocopherol, Citric Acid, Sodium Citrate.<br \/>\nModo de uso:<br \/>\n1) Aplicar Eucerin pH5 Aceite de Ducha a diario para mantener la funci\u00f3n de barrera natural de la piel.<br \/>\n2) Complementar con Eucerin Loci\u00f3n pH5 para cuidar y proteger la piel.<\/p>\n","protected":false},"excerpt":{"rendered":"<p>Un aceite de uso diario que preserva las defensas naturales de la piel y la protege del resecamiento.<\/p>\n","protected":false},"featured_media":2997,"comment_status":"open","ping_status":"closed","template":"","meta":[],"product_brand":[],"product_cat":[237,162],"product_tag":[],"class_list":{"0":"post-5988","1":"product","2":"type-product","3":"status-publish","4":"has-post-thumbnail","6":"product_cat-belleza","7":"product_cat-dermocosmetica","9":"first","10":"instock","11":"shipping-taxable","12":"purchasable","13":"product-type-simple"},"_links":{"self":[{"href":"https:\/\/farmaciadagostino.com.ar\/sitio\/wp-json\/wp\/v2\/product\/5988","targetHints":{"allow":["GET"]}}],"collection":[{"href":"https:\/\/farmaciadagostino.com.ar\/sitio\/wp-json\/wp\/v2\/product"}],"about":[{"href":"https:\/\/farmaciadagostino.com.ar\/sitio\/wp-json\/wp\/v2\/types\/product"}],"replies":[{"embeddable":true,"href":"https:\/\/farmaciadagostino.com.ar\/sitio\/wp-json\/wp\/v2\/comments?post=5988"}],"wp:featuredmedia":[{"embeddable":true,"href":"https:\/\/farmaciadagostino.com.ar\/sitio\/wp-json\/wp\/v2\/media\/2997"}],"wp:attachment":[{"href":"https:\/\/farmaciadagostino.com.ar\/sitio\/wp-json\/wp\/v2\/media?parent=5988"}],"wp:term":[{"taxonomy":"product_brand","embeddable":true,"href":"https:\/\/farmaciadagostino.com.ar\/sitio\/wp-json\/wp\/v2\/product_brand?post=5988"},{"taxonomy":"product_cat","embeddable":true,"href":"https:\/\/farmaciadagostino.com.ar\/sitio\/wp-json\/wp\/v2\/product_cat?post=5988"},{"taxonomy":"product_tag","embeddable":true,"href":"https:\/\/farmaciadagostino.com.ar\/sitio\/wp-json\/wp\/v2\/product_tag?post=5988"}],"curies":[{"name":"wp","href":"https:\/\/api.w.org\/{rel}","templated":true}]}}