{"id":5994,"date":"2024-06-09T13:25:38","date_gmt":"2024-06-09T16:25:38","guid":{"rendered":"https:\/\/farmaciadagostino.com.ar\/sitio\/producto\/metabolic-max-x60-caps\/"},"modified":"2026-03-09T10:09:53","modified_gmt":"2026-03-09T13:09:53","slug":"metabolic-max-x60-caps","status":"publish","type":"product","link":"https:\/\/farmaciadagostino.com.ar\/sitio\/producto\/metabolic-max-x60-caps\/","title":{"rendered":"Suplemento Dietario Metabolic Cla Max x 60 Caps"},"content":{"rendered":"<p>El \u00c1cido linoleico conjugado (CLA) es un nutriente seguro y \u00e1ltamente efectivo en la reducci\u00f3n de la grasa corporal, preserando e incluso aumentando levemente la masa muscular. El \u00c1cido Linoleico Conjugado de Metabolic Cla es un \u00e1cido graso esencial (el organismo humano lo necesita pero no lo produce) por lo cual debe ser incorporado con la dieta. Es un \u00e1cido graso insaturado que est\u00e1 presente en la leche, en la carne de los rumiantes y en vegetales, pero en la dieta habitual su cantidad es baja. Por ello es conveniente su agregado como suplemento. El \u00c1cido Linoleico Conjugado reduce las grasas porque inhibe enzimas que facilitan la incorporaci\u00f3n de los \u00e1cidos grasos a las c\u00e9lulas adiposas o adipocitos. Pero adem\u00e1s, estimula a las enzimas que facilitan la combusti\u00f3n metab\u00f3lica de las grasas en las c\u00e9lulas del m\u00fasculo esquel\u00e9tico, con el consiguiente aporte de energ\u00eda a los m\u00fasculos para que estos mejoren su eficiencia durante el movimiento o durante el ejercicio. Se ha visto que en obesos reduce la grasa abdominal y disminuye el di\u00e1metro sagital abdominal o la circunferencia de la cintura, por lo que puede remodelar la figura corporal.<\/p>\n<h5>Beneficios:<\/h5>\n<p>-Reduce la grasa corporal en personas que realizan ejercicios f\u00edsicos. -Nutriente seguro y \u00e1ltamente efectivo en la reducci\u00f3n de la grasa corporal. -Aumenta levemente la masa muscular.<\/p>\n<h5>Modo de uso:<\/h5>\n<p>Se recomienda tomar 2 c\u00e1psulas (mana\u00f1a y tarde) por d\u00eda como suplemento dietario.<\/p>\n","protected":false},"excerpt":{"rendered":"<p>El \u00c1cido linoleico conjugado (CLA) es un nutriente seguro y \u00e1ltamente efectivo en la reducci\u00f3n de la grasa corporal, preserando e incluso aumentando levemente la masa muscular<\/p>\n","protected":false},"featured_media":3537,"comment_status":"open","ping_status":"closed","template":"","meta":[],"product_brand":[],"product_cat":[149],"product_tag":[],"class_list":{"0":"post-5994","1":"product","2":"type-product","3":"status-publish","4":"has-post-thumbnail","6":"product_cat-farmacia","8":"first","9":"instock","10":"shipping-taxable","11":"purchasable","12":"product-type-simple"},"_links":{"self":[{"href":"https:\/\/farmaciadagostino.com.ar\/sitio\/wp-json\/wp\/v2\/product\/5994","targetHints":{"allow":["GET"]}}],"collection":[{"href":"https:\/\/farmaciadagostino.com.ar\/sitio\/wp-json\/wp\/v2\/product"}],"about":[{"href":"https:\/\/farmaciadagostino.com.ar\/sitio\/wp-json\/wp\/v2\/types\/product"}],"replies":[{"embeddable":true,"href":"https:\/\/farmaciadagostino.com.ar\/sitio\/wp-json\/wp\/v2\/comments?post=5994"}],"wp:featuredmedia":[{"embeddable":true,"href":"https:\/\/farmaciadagostino.com.ar\/sitio\/wp-json\/wp\/v2\/media\/3537"}],"wp:attachment":[{"href":"https:\/\/farmaciadagostino.com.ar\/sitio\/wp-json\/wp\/v2\/media?parent=5994"}],"wp:term":[{"taxonomy":"product_brand","embeddable":true,"href":"https:\/\/farmaciadagostino.com.ar\/sitio\/wp-json\/wp\/v2\/product_brand?post=5994"},{"taxonomy":"product_cat","embeddable":true,"href":"https:\/\/farmaciadagostino.com.ar\/sitio\/wp-json\/wp\/v2\/product_cat?post=5994"},{"taxonomy":"product_tag","embeddable":true,"href":"https:\/\/farmaciadagostino.com.ar\/sitio\/wp-json\/wp\/v2\/product_tag?post=5994"}],"curies":[{"name":"wp","href":"https:\/\/api.w.org\/{rel}","templated":true}]}}