{"id":6001,"date":"2024-06-09T13:25:40","date_gmt":"2024-06-09T16:25:40","guid":{"rendered":"https:\/\/farmaciadagostino.com.ar\/sitio\/producto\/pampers-splashers-panales-talle-3-x12-un\/"},"modified":"2026-03-09T10:18:06","modified_gmt":"2026-03-09T13:18:06","slug":"pampers-splashers-panales-talle-3-x12-un","status":"publish","type":"product","link":"https:\/\/farmaciadagostino.com.ar\/sitio\/producto\/pampers-splashers-panales-talle-3-x12-un\/","title":{"rendered":"PAMPERS SPLASHERS PA\u00d1ALES TALLE 3 x12 un"},"content":{"rendered":"<p>Pampers Splashers no se hinchan en el agua como los pa\u00f1ales regulares d\u00e1ndole a tu beb\u00e9 un ajuste perfecto ya sea dentro o fuera del agua. Para una mayor protecci\u00f3n en el agua, Splashers tiene doble barreras que se ajustan a las piernitas de tu beb\u00e9 para contener el pip\u00ed y pop\u00f3, haci\u00e9ndolo perfecto para la piscina, la playa, parques de diversiones y m\u00e1s. Pampers Splashers est\u00e1 dise\u00f1ado con una cintura el\u00e1stica 360\u00b0 que se ajusta como si fuera un traje de ba\u00f1o y es f\u00e1cil de poner y quitar, incluso cuando est\u00e1 h\u00famedo.Adicionalmente Splashers viene con laterales f\u00e1ciles de sacar para hacer el proceso de descarte m\u00e1s r\u00e1pido y pr\u00e1ctico.<br \/>\nBeneficios.<br \/>\n\u00a1Disfruta del verano con los nuevos pa\u00f1ales desechables para nadar Pampers Splashers edici\u00f3n Baby Shark!<br \/>\nLos pa\u00f1ales desechables para nadar Pampers Splashers est\u00e1n dise\u00f1ados para una m\u00e1xima diversi\u00f3n dentro del agua, ya sea en la piscina, playa o parque de diversiones<br \/>\nNo se hinchan en el agua como los pa\u00f1ales regulares y se ajustan perfecto ya sea h\u00famedo o seco<br \/>\nSus doble barreras de protecci\u00f3n se ajustan alrededor de las piernas de tu beb\u00e9 para contener el pop\u00f3<br \/>\nSu cintura el\u00e1stica 360 provee de ajuste 360 como si fuera ropita de nadar.<\/p>\n","protected":false},"excerpt":{"rendered":"<p>\u00a1Disfruta del verano con los nuevos pa\u00f1ales desechables Pampers Splashers edici\u00f3n Baby Shark!Tu beb\u00e9 se sentir\u00e1 libre con los pa\u00f1ales desechables para nadar Pampers Splashers.<\/p>\n","protected":false},"featured_media":3118,"comment_status":"open","ping_status":"closed","template":"","meta":[],"product_brand":[],"product_cat":[177],"product_tag":[],"class_list":{"0":"post-6001","1":"product","2":"type-product","3":"status-publish","4":"has-post-thumbnail","6":"product_cat-bebe-maternidad","8":"first","9":"instock","10":"shipping-taxable","11":"purchasable","12":"product-type-simple"},"_links":{"self":[{"href":"https:\/\/farmaciadagostino.com.ar\/sitio\/wp-json\/wp\/v2\/product\/6001","targetHints":{"allow":["GET"]}}],"collection":[{"href":"https:\/\/farmaciadagostino.com.ar\/sitio\/wp-json\/wp\/v2\/product"}],"about":[{"href":"https:\/\/farmaciadagostino.com.ar\/sitio\/wp-json\/wp\/v2\/types\/product"}],"replies":[{"embeddable":true,"href":"https:\/\/farmaciadagostino.com.ar\/sitio\/wp-json\/wp\/v2\/comments?post=6001"}],"wp:featuredmedia":[{"embeddable":true,"href":"https:\/\/farmaciadagostino.com.ar\/sitio\/wp-json\/wp\/v2\/media\/3118"}],"wp:attachment":[{"href":"https:\/\/farmaciadagostino.com.ar\/sitio\/wp-json\/wp\/v2\/media?parent=6001"}],"wp:term":[{"taxonomy":"product_brand","embeddable":true,"href":"https:\/\/farmaciadagostino.com.ar\/sitio\/wp-json\/wp\/v2\/product_brand?post=6001"},{"taxonomy":"product_cat","embeddable":true,"href":"https:\/\/farmaciadagostino.com.ar\/sitio\/wp-json\/wp\/v2\/product_cat?post=6001"},{"taxonomy":"product_tag","embeddable":true,"href":"https:\/\/farmaciadagostino.com.ar\/sitio\/wp-json\/wp\/v2\/product_tag?post=6001"}],"curies":[{"name":"wp","href":"https:\/\/api.w.org\/{rel}","templated":true}]}}