{"id":6004,"date":"2024-06-09T13:25:40","date_gmt":"2024-06-09T16:25:40","guid":{"rendered":"https:\/\/farmaciadagostino.com.ar\/sitio\/producto\/curflex-cbd-crema-hidratante-sin-aroma-x100-ml\/"},"modified":"2026-03-09T10:25:21","modified_gmt":"2026-03-09T13:25:21","slug":"curflex-cbd-crema-hidratante-sin-aroma-x100-ml","status":"publish","type":"product","link":"https:\/\/farmaciadagostino.com.ar\/sitio\/producto\/curflex-cbd-crema-hidratante-sin-aroma-x100-ml\/","title":{"rendered":"Curflex Crema Hidratante Cbd Sin Aroma 100 gr"},"content":{"rendered":"<p>Fortalecer los cart\u00edlagos y a restablecer la flexibilidad de las articulaciones. con efecto fr\u00edo-calor combina cannabidiol, \u00e1rnica, salicilato de metilo y mentol. <\/p>\n<h5>Beneficios:<\/h5>\n<p> No graso y r\u00e1pida absorci\u00f3n. <\/p>\n<p>Dermatol\u00f3gicamente testeada. <\/p>\n<p>-Libre de parabenos. <\/p>\n","protected":false},"excerpt":{"rendered":"<p>Fortalecer los cart\u00edlagos y a restablecer la flexibilidad de las articulaciones<\/p>\n","protected":false},"featured_media":3539,"comment_status":"open","ping_status":"closed","template":"","meta":[],"product_brand":[],"product_cat":[149],"product_tag":[],"class_list":{"0":"post-6004","1":"product","2":"type-product","3":"status-publish","4":"has-post-thumbnail","6":"product_cat-farmacia","8":"first","9":"instock","10":"shipping-taxable","11":"purchasable","12":"product-type-simple"},"_links":{"self":[{"href":"https:\/\/farmaciadagostino.com.ar\/sitio\/wp-json\/wp\/v2\/product\/6004","targetHints":{"allow":["GET"]}}],"collection":[{"href":"https:\/\/farmaciadagostino.com.ar\/sitio\/wp-json\/wp\/v2\/product"}],"about":[{"href":"https:\/\/farmaciadagostino.com.ar\/sitio\/wp-json\/wp\/v2\/types\/product"}],"replies":[{"embeddable":true,"href":"https:\/\/farmaciadagostino.com.ar\/sitio\/wp-json\/wp\/v2\/comments?post=6004"}],"wp:featuredmedia":[{"embeddable":true,"href":"https:\/\/farmaciadagostino.com.ar\/sitio\/wp-json\/wp\/v2\/media\/3539"}],"wp:attachment":[{"href":"https:\/\/farmaciadagostino.com.ar\/sitio\/wp-json\/wp\/v2\/media?parent=6004"}],"wp:term":[{"taxonomy":"product_brand","embeddable":true,"href":"https:\/\/farmaciadagostino.com.ar\/sitio\/wp-json\/wp\/v2\/product_brand?post=6004"},{"taxonomy":"product_cat","embeddable":true,"href":"https:\/\/farmaciadagostino.com.ar\/sitio\/wp-json\/wp\/v2\/product_cat?post=6004"},{"taxonomy":"product_tag","embeddable":true,"href":"https:\/\/farmaciadagostino.com.ar\/sitio\/wp-json\/wp\/v2\/product_tag?post=6004"}],"curies":[{"name":"wp","href":"https:\/\/api.w.org\/{rel}","templated":true}]}}