{"id":6031,"date":"2024-06-09T13:25:44","date_gmt":"2024-06-09T16:25:44","guid":{"rendered":"https:\/\/farmaciadagostino.com.ar\/sitio\/producto\/vital-2-leche-en-polvo-x1-kg\/"},"modified":"2026-03-09T10:25:21","modified_gmt":"2026-03-09T13:25:21","slug":"vital-2-leche-en-polvo-x1-kg","status":"publish","type":"product","link":"https:\/\/farmaciadagostino.com.ar\/sitio\/producto\/vital-2-leche-en-polvo-x1-kg\/","title":{"rendered":"VITAL 2 LECHE EN POLVO x1 kg"},"content":{"rendered":"<p>Gracias a esta leche de f\u00f3rmula, ayudar\u00e1s a la alimentaci\u00f3n de los m\u00e1s peque\u00f1os del hogar. Su poderosa combinaci\u00f3n de vitaminas y \u00e1cidos grasos esenciales permitir\u00e1 que tu ni\u00f1o absorba los nutrientes necesarios para crecer sano y fuerte. Una opci\u00f3n pr\u00e1ctica Debido a su formato, esta leche se conservar\u00e1 durante m\u00e1s tiempo, sin necesidad de ser refrigerada. A su vez, podr\u00e1s transportarla con gran facilidad y solo necesitar\u00e1s un poco de agua caliente para prepararla.<\/p>\n","protected":false},"excerpt":{"rendered":"<p>F\u00f3rmula l\u00e1ctea para lactantes en polvo. Libre de Gluten. F\u00d3RMULA DE INICIO<\/p>\n","protected":false},"featured_media":3778,"comment_status":"open","ping_status":"closed","template":"","meta":[],"product_brand":[],"product_cat":[177],"product_tag":[],"class_list":{"0":"post-6031","1":"product","2":"type-product","3":"status-publish","4":"has-post-thumbnail","6":"product_cat-bebe-maternidad","8":"first","9":"instock","10":"shipping-taxable","11":"purchasable","12":"product-type-simple"},"_links":{"self":[{"href":"https:\/\/farmaciadagostino.com.ar\/sitio\/wp-json\/wp\/v2\/product\/6031","targetHints":{"allow":["GET"]}}],"collection":[{"href":"https:\/\/farmaciadagostino.com.ar\/sitio\/wp-json\/wp\/v2\/product"}],"about":[{"href":"https:\/\/farmaciadagostino.com.ar\/sitio\/wp-json\/wp\/v2\/types\/product"}],"replies":[{"embeddable":true,"href":"https:\/\/farmaciadagostino.com.ar\/sitio\/wp-json\/wp\/v2\/comments?post=6031"}],"wp:featuredmedia":[{"embeddable":true,"href":"https:\/\/farmaciadagostino.com.ar\/sitio\/wp-json\/wp\/v2\/media\/3778"}],"wp:attachment":[{"href":"https:\/\/farmaciadagostino.com.ar\/sitio\/wp-json\/wp\/v2\/media?parent=6031"}],"wp:term":[{"taxonomy":"product_brand","embeddable":true,"href":"https:\/\/farmaciadagostino.com.ar\/sitio\/wp-json\/wp\/v2\/product_brand?post=6031"},{"taxonomy":"product_cat","embeddable":true,"href":"https:\/\/farmaciadagostino.com.ar\/sitio\/wp-json\/wp\/v2\/product_cat?post=6031"},{"taxonomy":"product_tag","embeddable":true,"href":"https:\/\/farmaciadagostino.com.ar\/sitio\/wp-json\/wp\/v2\/product_tag?post=6031"}],"curies":[{"name":"wp","href":"https:\/\/api.w.org\/{rel}","templated":true}]}}