{"id":6039,"date":"2024-06-09T13:25:45","date_gmt":"2024-06-09T16:25:45","guid":{"rendered":"https:\/\/farmaciadagostino.com.ar\/sitio\/producto\/rexona-talco-efficient-x100-gr\/"},"modified":"2026-03-09T10:25:21","modified_gmt":"2026-03-09T13:25:21","slug":"rexona-talco-efficient-x100-gr","status":"publish","type":"product","link":"https:\/\/farmaciadagostino.com.ar\/sitio\/producto\/rexona-talco-efficient-x100-gr\/","title":{"rendered":"REXONA TALCO EFFICIENT x100 gr"},"content":{"rendered":"<p>Para mantener tus pies frescos y secos.<br \/>\nTriple acci\u00f3n contra el mal olor.<br \/>\nNueva F\u00f3rmula que permite tener 48 hs de protecci\u00f3n contra la sudoraci\u00f3n y mal olor<br \/>\n\u00bfBajar y subir escaleras, caminar al colectivo, idas y vueltas por la ciudad? Tus pies tambi\u00e9n necesitan estar frescos y secos durante todo el d\u00eda. El sudor de los pies es cuatro veces mayor al de tus axilas, lo que equivale a aproximadamente 284 ml de tu sudor en un d\u00eda, por lo que, muchas veces, los pies necesitan protecci\u00f3n extra.<br \/>\nEl nuevo desodorante para pies Rexona Efficient Original en Talco est\u00e1 especialmente formulado para detener el sudor y el olor producido por los pies.<br \/>\nSu nueva F\u00f3rmula que permite tener 48 hs de protecci\u00f3n y triple acci\u00f3n contra el mal olor:<br \/>\n1) Combate el mal olor.<br \/>\n2) Tecnolog\u00eda Absorbente.<br \/>\n3) Fragancia de larga duraci\u00f3n.<br \/>\nAplic\u00e1 los talcos diariamente a tus pies limpios y secos antes de ponerte los calcetines y los zapatos, tus pies van a permanecer secos y sin olor durante todo el d\u00eda.<br \/>\nMODO DE USO:<br \/>\nNo aplicar sobre piel excesivamente h\u00fameda, irritada o lastimada.<br \/>\nAplicar directamente sobre los pies y en el interior del calzado.<\/p>\n","protected":false},"excerpt":{"rendered":"<p>Los pies son la parte del cuerpo que m\u00e1s se mueve y esfuerza. Es hora de reinvindicarlos, manteni\u00e9ndolos frescos y secos con Efficient, la protecci\u00f3n de Rexona para tus pies.<\/p>\n","protected":false},"featured_media":3389,"comment_status":"open","ping_status":"closed","template":"","meta":[],"product_brand":[],"product_cat":[152],"product_tag":[],"class_list":{"0":"post-6039","1":"product","2":"type-product","3":"status-publish","4":"has-post-thumbnail","6":"product_cat-cuidado-personal","8":"first","9":"instock","10":"shipping-taxable","11":"purchasable","12":"product-type-simple"},"_links":{"self":[{"href":"https:\/\/farmaciadagostino.com.ar\/sitio\/wp-json\/wp\/v2\/product\/6039","targetHints":{"allow":["GET"]}}],"collection":[{"href":"https:\/\/farmaciadagostino.com.ar\/sitio\/wp-json\/wp\/v2\/product"}],"about":[{"href":"https:\/\/farmaciadagostino.com.ar\/sitio\/wp-json\/wp\/v2\/types\/product"}],"replies":[{"embeddable":true,"href":"https:\/\/farmaciadagostino.com.ar\/sitio\/wp-json\/wp\/v2\/comments?post=6039"}],"wp:featuredmedia":[{"embeddable":true,"href":"https:\/\/farmaciadagostino.com.ar\/sitio\/wp-json\/wp\/v2\/media\/3389"}],"wp:attachment":[{"href":"https:\/\/farmaciadagostino.com.ar\/sitio\/wp-json\/wp\/v2\/media?parent=6039"}],"wp:term":[{"taxonomy":"product_brand","embeddable":true,"href":"https:\/\/farmaciadagostino.com.ar\/sitio\/wp-json\/wp\/v2\/product_brand?post=6039"},{"taxonomy":"product_cat","embeddable":true,"href":"https:\/\/farmaciadagostino.com.ar\/sitio\/wp-json\/wp\/v2\/product_cat?post=6039"},{"taxonomy":"product_tag","embeddable":true,"href":"https:\/\/farmaciadagostino.com.ar\/sitio\/wp-json\/wp\/v2\/product_tag?post=6039"}],"curies":[{"name":"wp","href":"https:\/\/api.w.org\/{rel}","templated":true}]}}