{"id":6046,"date":"2024-06-09T13:25:45","date_gmt":"2024-06-09T16:25:45","guid":{"rendered":"https:\/\/farmaciadagostino.com.ar\/sitio\/producto\/femigel-gel-femenino-x100-ml\/"},"modified":"2026-03-09T10:18:06","modified_gmt":"2026-03-09T13:18:06","slug":"femigel-gel-femenino-x100-ml","status":"publish","type":"product","link":"https:\/\/farmaciadagostino.com.ar\/sitio\/producto\/femigel-gel-femenino-x100-ml\/","title":{"rendered":"FEMIGEL GEL FEMENINO x100 ml"},"content":{"rendered":"<p>Su aplicaci\u00f3n regular: Hidrata y lubrica la vulva y vagina. Protege la zona vaginal, previniendo microlesiones.<br \/>\nCalma el ardor, dolor e irritaci\u00f3n producido por la sequedad vaginal. Refresca y devuelve el confort. Favorece la cicatrizaci\u00f3n y mantiene la estructura natural de los tejidos. Contribuye al desarrollo de la microbiota vaginal por su efecto prebi\u00f3tico.<br \/>\n\u00bfQu\u00e9 es la SEQUEDAD VAGINAL? \u00bfPor qu\u00e9 se produce?<br \/>\nLa sequedad vaginal es un problema que afecta a muchas mujeres causado por la falta de hidrataci\u00f3n en la vagina.<br \/>\nCualquiera de estos s\u00edntomas puede indicar SEQUEDAD VAGINAL:<br \/>\n\u00b7 DOLOR o molestia en las relaciones sexuales<br \/>\n\u00b7Ardor o picaz\u00f3n<br \/>\n\u00b7 Irritaci\u00f3n<br \/>\n\u00b7 Poco flujo vaginal o casi nulo<br \/>\nSe suele asociar a la SEQUEDAD VAGINAL con la menopausia aunque puede producirse en CUALQUIER ETAPA DE LA VIDA y en<br \/>\ndiferentes circunstancias:<br \/>\nPuede ocurrir durante las RELACIONES SEXUALES, por ESTR\u00c9S o FACTORES EMOCIONALES, con la ingesta de ANTICONCEPTIVOS ORALES,<br \/>\nespecialmente aquellos que tienen un alto contenido androg\u00e9nico y\/o baja carga estrog\u00e9nica, luego del PARTO Y DURANTE LA LACTANCIA y en la<br \/>\nMENOPAUSIA y POSTMENOPAUSIA donde cesa la actividad ov\u00e1rica y los niveles de estr\u00f3genos permanecen bajos produci\u00e9ndose falta de hidrataci\u00f3n<br \/>\nvaginal y cambios en el pH.<br \/>\nTambi\u00e9n suele asociarse a la ENDOMETRIOSIS, INFECCIONES VAGINALES, RADIOTERAPIA-QUIMIOTERAPIA, MALOS H\u00c1BITOS de HIGIENE \u00cdNTIMA,<br \/>\nTABAQUISMO, S\u00cdNDROME DE SJ\u00d6GREN y DIABETES.<br \/>\nAnte cualquier duda consulte a su m\u00e9dico.<br \/>\n\u00bfQu\u00e9 componentes tiene FEMIGEL y c\u00f3mo act\u00faan?<br \/>\n\u00c1CIDO HIALUR\u00d3NICO: Con el \u00f3ptimo peso molecular y en la mayor concentraci\u00f3n para producir hidrataci\u00f3n inmediata. El \u00e1cido hialur\u00f3nico<br \/>\ntiene la capacidad de retener y captar mol\u00e9culas de agua y as\u00ed mantener la humedad vaginal.<br \/>\n\u00c1CIDO HIALUR\u00d3NICO<br \/>\nBETA-GLUCANO<br \/>\nTREHALOSA<br \/>\nGEL \u00b7 V\u00cdA T\u00d3PICA \u00b7 USO EXTERNO \u00b7 INDUSTRIA ARGENTINA<br \/>\nHIDRATANTE VAGINAL \u00b7 LUBRICANTE<br \/>\n\u00b7 BETA-GLUCANO: Es un polisac\u00e1rido con propiedades hidratantes y humectantes. Por su efecto prebi\u00f3tico, contribuye a evitar la proliferaci\u00f3n de<br \/>\nmicroorganismos pat\u00f3genos causantes de desequilibrios en la microbiota vaginal e infecciones.<br \/>\n\u00b7TREHALOSA: Es un disac\u00e1rido estabilizador y protector de las membranas celulares ante situaciones de estr\u00e9s como la deshidrataci\u00f3n. Repara y<br \/>\nmantiene la estructura celular natural conservando la humedad.<br \/>\n\u00b7 \u00c1CIDO L\u00c1CTICO: Facilita la reconstituci\u00f3n de la microbiota vaginal.<br \/>\n\u00b7EXTRACTO DE CAL\u00c9NDULA: Estimula la regeneraci\u00f3n de tejidos, con propiedades calmantes.<br \/>\nCaracter\u00edsticas de FEMIGEL<br \/>\n\u00b7 No contiene hormonas<br \/>\n\u00b7 No mancha<br \/>\n\u00b7 Incoloro e inodoro<br \/>\n\u00b7 Sin TACC<br \/>\n\u00b7 Sin perfume, colorantes ni parabenos<br \/>\n\u00bfC\u00f3mo se aplica FEMIGEL?<br \/>\nAplicar la cantidad necesaria en la zona vulvar y entrada de la vagina.<br \/>\nUtilizar 1 \u00f3 2veces por d\u00eda, dependiendo de las condiciones de sequedad vaginal. Puede usarse todos los d\u00edas.<br \/>\nPuede ser utilizado por ambos miembros de la pareja antes o durante la relaci\u00f3n sexual.<br \/>\nEs compatible con el uso de profil\u00e1cticos y como lubricante en caso de utilizar juguetes sexuales.<br \/>\nConservaci\u00f3n<br \/>\n\u2013 Conservar a temperatura ambiente.<br \/>\n\u2013 Utilice en el plazo de 12 meses desde su apertura.<\/p>\n","protected":false},"excerpt":{"rendered":"<p>FEMIGEL es un gel con \u00c1cido hialur\u00f3nico para la sequedad vaginal.<\/p>\n","protected":false},"featured_media":3586,"comment_status":"open","ping_status":"closed","template":"","meta":[],"product_brand":[],"product_cat":[239],"product_tag":[],"class_list":{"0":"post-6046","1":"product","2":"type-product","3":"status-publish","4":"has-post-thumbnail","6":"product_cat-intimo","8":"first","9":"instock","10":"shipping-taxable","11":"purchasable","12":"product-type-simple"},"_links":{"self":[{"href":"https:\/\/farmaciadagostino.com.ar\/sitio\/wp-json\/wp\/v2\/product\/6046","targetHints":{"allow":["GET"]}}],"collection":[{"href":"https:\/\/farmaciadagostino.com.ar\/sitio\/wp-json\/wp\/v2\/product"}],"about":[{"href":"https:\/\/farmaciadagostino.com.ar\/sitio\/wp-json\/wp\/v2\/types\/product"}],"replies":[{"embeddable":true,"href":"https:\/\/farmaciadagostino.com.ar\/sitio\/wp-json\/wp\/v2\/comments?post=6046"}],"wp:featuredmedia":[{"embeddable":true,"href":"https:\/\/farmaciadagostino.com.ar\/sitio\/wp-json\/wp\/v2\/media\/3586"}],"wp:attachment":[{"href":"https:\/\/farmaciadagostino.com.ar\/sitio\/wp-json\/wp\/v2\/media?parent=6046"}],"wp:term":[{"taxonomy":"product_brand","embeddable":true,"href":"https:\/\/farmaciadagostino.com.ar\/sitio\/wp-json\/wp\/v2\/product_brand?post=6046"},{"taxonomy":"product_cat","embeddable":true,"href":"https:\/\/farmaciadagostino.com.ar\/sitio\/wp-json\/wp\/v2\/product_cat?post=6046"},{"taxonomy":"product_tag","embeddable":true,"href":"https:\/\/farmaciadagostino.com.ar\/sitio\/wp-json\/wp\/v2\/product_tag?post=6046"}],"curies":[{"name":"wp","href":"https:\/\/api.w.org\/{rel}","templated":true}]}}