{"id":6056,"date":"2024-06-09T13:25:47","date_gmt":"2024-06-09T16:25:47","guid":{"rendered":"https:\/\/farmaciadagostino.com.ar\/sitio\/producto\/curflex-plus-x30-comp\/"},"modified":"2026-03-09T10:09:53","modified_gmt":"2026-03-09T13:09:53","slug":"curflex-plus-x30-comp","status":"publish","type":"product","link":"https:\/\/farmaciadagostino.com.ar\/sitio\/producto\/curflex-plus-x30-comp\/","title":{"rendered":"Curflex Plus Suplemento a Base de Col\u00e1geno 30 comp"},"content":{"rendered":"<p> Suplemento a base de Col\u00e1geno tipo II no desnaturalizado, y vitaminas C y D. <\/p>\n<h5>Beneficios:<\/h5>\n<p>Recupera el col\u00e1geno da\u00f1ado de las articulaciones, devolvi\u00e9ndoles su salud y flexibilidad. Reduce el dolor y la inflamaci\u00f3n por su efecto inmunomodulador. Detiene la erosi\u00f3n del cart\u00edlago articular. Promueve la salud articular a largo plazo. R\u00e1pida recuperaci\u00f3n de la movilidad perdida.<\/p>\n","protected":false},"excerpt":{"rendered":"<p> Suplemento a base de Col\u00e1geno tipo II no desnaturalizado, y vitaminas C y D<\/p>\n","protected":false},"featured_media":3536,"comment_status":"open","ping_status":"closed","template":"","meta":[],"product_brand":[],"product_cat":[149],"product_tag":[],"class_list":{"0":"post-6056","1":"product","2":"type-product","3":"status-publish","4":"has-post-thumbnail","6":"product_cat-farmacia","8":"first","9":"instock","10":"shipping-taxable","11":"purchasable","12":"product-type-simple"},"_links":{"self":[{"href":"https:\/\/farmaciadagostino.com.ar\/sitio\/wp-json\/wp\/v2\/product\/6056","targetHints":{"allow":["GET"]}}],"collection":[{"href":"https:\/\/farmaciadagostino.com.ar\/sitio\/wp-json\/wp\/v2\/product"}],"about":[{"href":"https:\/\/farmaciadagostino.com.ar\/sitio\/wp-json\/wp\/v2\/types\/product"}],"replies":[{"embeddable":true,"href":"https:\/\/farmaciadagostino.com.ar\/sitio\/wp-json\/wp\/v2\/comments?post=6056"}],"wp:featuredmedia":[{"embeddable":true,"href":"https:\/\/farmaciadagostino.com.ar\/sitio\/wp-json\/wp\/v2\/media\/3536"}],"wp:attachment":[{"href":"https:\/\/farmaciadagostino.com.ar\/sitio\/wp-json\/wp\/v2\/media?parent=6056"}],"wp:term":[{"taxonomy":"product_brand","embeddable":true,"href":"https:\/\/farmaciadagostino.com.ar\/sitio\/wp-json\/wp\/v2\/product_brand?post=6056"},{"taxonomy":"product_cat","embeddable":true,"href":"https:\/\/farmaciadagostino.com.ar\/sitio\/wp-json\/wp\/v2\/product_cat?post=6056"},{"taxonomy":"product_tag","embeddable":true,"href":"https:\/\/farmaciadagostino.com.ar\/sitio\/wp-json\/wp\/v2\/product_tag?post=6056"}],"curies":[{"name":"wp","href":"https:\/\/api.w.org\/{rel}","templated":true}]}}