{"id":6057,"date":"2024-06-09T13:25:48","date_gmt":"2024-06-09T16:25:48","guid":{"rendered":"https:\/\/farmaciadagostino.com.ar\/sitio\/producto\/capilatis-shampoo-ortiga-x410-ml\/"},"modified":"2026-03-09T10:18:06","modified_gmt":"2026-03-09T13:18:06","slug":"capilatis-shampoo-ortiga-x410-ml","status":"publish","type":"product","link":"https:\/\/farmaciadagostino.com.ar\/sitio\/producto\/capilatis-shampoo-ortiga-x410-ml\/","title":{"rendered":"CAPILATIS SHAMPOO ORTIGA x410 ml"},"content":{"rendered":"<p>El extracto de Ortiga fortalece la fibra capilar y contribuye a la oxigenaci\u00f3n del bulbo capilar, logrando una profunda limpieza. Los componentes naturales de la Ortiga penetran en la cut\u00edcula del cabello hidrat\u00e1ndola en profundidad y forman un film protector que la fortalece, d\u00e1ndole m\u00e1s cuerpo y brillo.<br \/>\nModo de uso<br \/>\nAplicar sobre el cabello h\u00famedo masajeando suavemente. Dejar actuar unos instantes. Enjuagar. Repetir la operaci\u00f3n. *Mantener fuera del alcance de los ni\u00f1os. En caso de contacto con los ojos enjuagar con abundante agua. De percibir alguna reacci\u00f3n desfavorable suspender su uso. Este producto no est\u00e1 formulado para su uso en ni\u00f1os.<\/p>\n","protected":false},"excerpt":{"rendered":"<p>El Shampoo Tratante Ortiga contribuye a detener la ca\u00edda del cabello.<\/p>\n","protected":false},"featured_media":3589,"comment_status":"open","ping_status":"closed","template":"","meta":[],"product_brand":[],"product_cat":[237,152],"product_tag":[],"class_list":{"0":"post-6057","1":"product","2":"type-product","3":"status-publish","4":"has-post-thumbnail","6":"product_cat-belleza","7":"product_cat-cuidado-personal","9":"first","10":"instock","11":"shipping-taxable","12":"purchasable","13":"product-type-simple"},"_links":{"self":[{"href":"https:\/\/farmaciadagostino.com.ar\/sitio\/wp-json\/wp\/v2\/product\/6057","targetHints":{"allow":["GET"]}}],"collection":[{"href":"https:\/\/farmaciadagostino.com.ar\/sitio\/wp-json\/wp\/v2\/product"}],"about":[{"href":"https:\/\/farmaciadagostino.com.ar\/sitio\/wp-json\/wp\/v2\/types\/product"}],"replies":[{"embeddable":true,"href":"https:\/\/farmaciadagostino.com.ar\/sitio\/wp-json\/wp\/v2\/comments?post=6057"}],"wp:featuredmedia":[{"embeddable":true,"href":"https:\/\/farmaciadagostino.com.ar\/sitio\/wp-json\/wp\/v2\/media\/3589"}],"wp:attachment":[{"href":"https:\/\/farmaciadagostino.com.ar\/sitio\/wp-json\/wp\/v2\/media?parent=6057"}],"wp:term":[{"taxonomy":"product_brand","embeddable":true,"href":"https:\/\/farmaciadagostino.com.ar\/sitio\/wp-json\/wp\/v2\/product_brand?post=6057"},{"taxonomy":"product_cat","embeddable":true,"href":"https:\/\/farmaciadagostino.com.ar\/sitio\/wp-json\/wp\/v2\/product_cat?post=6057"},{"taxonomy":"product_tag","embeddable":true,"href":"https:\/\/farmaciadagostino.com.ar\/sitio\/wp-json\/wp\/v2\/product_tag?post=6057"}],"curies":[{"name":"wp","href":"https:\/\/api.w.org\/{rel}","templated":true}]}}