{"id":6066,"date":"2024-06-09T13:25:49","date_gmt":"2024-06-09T16:25:49","guid":{"rendered":"https:\/\/farmaciadagostino.com.ar\/sitio\/producto\/fluorogel-junior-pasta-dental-mental-x60-gr\/"},"modified":"2026-03-09T10:18:07","modified_gmt":"2026-03-09T13:18:07","slug":"fluorogel-junior-pasta-dental-mental-x60-gr","status":"publish","type":"product","link":"https:\/\/farmaciadagostino.com.ar\/sitio\/producto\/fluorogel-junior-pasta-dental-mental-x60-gr\/","title":{"rendered":"FLUOROGEL JUNIOR PASTA DENTAL MENTAL x60 gr"},"content":{"rendered":"<p>Sabor Menta.<br \/>\nContiene 1086 partes por mill\u00f3n de fluoruro de sodio. Su uso diario fortalece el esmalte dental logrando dientes m\u00e1s sanos y fuertes. Al mismo tiempo, inhibe la placa bacteriana evitando as\u00ed la formaci\u00f3n de caries. Presenta pH neutro, por lo que no irrita la mucosa bucal. Por ser gel, es de baja abrasividad y no da\u00f1a la superficie del diente ni las encias.<\/p>\n","protected":false},"excerpt":{"rendered":"<p>Gel dental preventivo de caries indicado para ni\u00f1os mayores de 7 a\u00f1os.<\/p>\n","protected":false},"featured_media":3930,"comment_status":"open","ping_status":"closed","template":"","meta":[],"product_brand":[],"product_cat":[152],"product_tag":[],"class_list":{"0":"post-6066","1":"product","2":"type-product","3":"status-publish","4":"has-post-thumbnail","6":"product_cat-cuidado-personal","8":"first","9":"instock","10":"shipping-taxable","11":"purchasable","12":"product-type-simple"},"_links":{"self":[{"href":"https:\/\/farmaciadagostino.com.ar\/sitio\/wp-json\/wp\/v2\/product\/6066","targetHints":{"allow":["GET"]}}],"collection":[{"href":"https:\/\/farmaciadagostino.com.ar\/sitio\/wp-json\/wp\/v2\/product"}],"about":[{"href":"https:\/\/farmaciadagostino.com.ar\/sitio\/wp-json\/wp\/v2\/types\/product"}],"replies":[{"embeddable":true,"href":"https:\/\/farmaciadagostino.com.ar\/sitio\/wp-json\/wp\/v2\/comments?post=6066"}],"wp:featuredmedia":[{"embeddable":true,"href":"https:\/\/farmaciadagostino.com.ar\/sitio\/wp-json\/wp\/v2\/media\/3930"}],"wp:attachment":[{"href":"https:\/\/farmaciadagostino.com.ar\/sitio\/wp-json\/wp\/v2\/media?parent=6066"}],"wp:term":[{"taxonomy":"product_brand","embeddable":true,"href":"https:\/\/farmaciadagostino.com.ar\/sitio\/wp-json\/wp\/v2\/product_brand?post=6066"},{"taxonomy":"product_cat","embeddable":true,"href":"https:\/\/farmaciadagostino.com.ar\/sitio\/wp-json\/wp\/v2\/product_cat?post=6066"},{"taxonomy":"product_tag","embeddable":true,"href":"https:\/\/farmaciadagostino.com.ar\/sitio\/wp-json\/wp\/v2\/product_tag?post=6066"}],"curies":[{"name":"wp","href":"https:\/\/api.w.org\/{rel}","templated":true}]}}