{"id":6074,"date":"2024-06-09T13:25:50","date_gmt":"2024-06-09T16:25:50","guid":{"rendered":"https:\/\/farmaciadagostino.com.ar\/sitio\/producto\/cetaphil-hidratante-facial-dermacontrol-con-proteccion-fps-30-x118-ml\/"},"modified":"2026-03-09T10:25:22","modified_gmt":"2026-03-09T13:25:22","slug":"cetaphil-hidratante-facial-dermacontrol-con-proteccion-fps-30-x118-ml","status":"publish","type":"product","link":"https:\/\/farmaciadagostino.com.ar\/sitio\/producto\/cetaphil-hidratante-facial-dermacontrol-con-proteccion-fps-30-x118-ml\/","title":{"rendered":"CETAPHIL HIDRATANTE FACIAL DERMACONTROL CON PROTECCI\u00d3N FPS 30 x118 ml"},"content":{"rendered":"<p>Hidratante facial especialmente formulado para pieles mixtas a grasas , con tendencia acneica. Apto para Adolecentes y adultos con una piel mixtas a grasa , que busca alivio y confort para la piel de su rostro.<br \/>\nBeneficios.<br \/>\n1) Loci\u00f3n facial no grasosa de textura muy liviana, ideal para hidratar el rostro de pieles grasas y con tendencia acneica.<br \/>\n2) Posee la Innovadora Tecnolog\u00eda Oleosoma con un alto factor de protecci\u00f3n solar UVA\/UVB (FPS 30).<br \/>\n3) Contiene alanto\u00edna y \u00e1cido glicirret\u00ednico que calman la irritaci\u00f3n.<br \/>\n4) Con Gluconato de zinc y s\u00edlice que regula y absorbe el sebo.<br \/>\n5) Efecto mate, no brillo.<br \/>\nModo Uso.<br \/>\nUso diario, aplicar con un masaje suave de forma ascendente durante la ma\u00f1ana y\/o noche, en todo el rostro, luego una adecuada higiene.<\/p>\n","protected":false},"excerpt":{"rendered":"<p>\u2013 Ideal para hidratar el rostro de pieles grasas y con tendencia acneica.<br \/>\n\u2013 Con factor de protecci\u00f3n solar UVA\/UVB.<br \/>\n\u2013 Contiene alanto\u00edna y \u00e1cido glicirret\u00ednico que calman la irritaci\u00f3n.<\/p>\n","protected":false},"featured_media":2926,"comment_status":"open","ping_status":"closed","template":"","meta":[],"product_brand":[],"product_cat":[237,152],"product_tag":[],"class_list":{"0":"post-6074","1":"product","2":"type-product","3":"status-publish","4":"has-post-thumbnail","6":"product_cat-belleza","7":"product_cat-cuidado-personal","9":"first","10":"instock","11":"shipping-taxable","12":"purchasable","13":"product-type-simple"},"_links":{"self":[{"href":"https:\/\/farmaciadagostino.com.ar\/sitio\/wp-json\/wp\/v2\/product\/6074","targetHints":{"allow":["GET"]}}],"collection":[{"href":"https:\/\/farmaciadagostino.com.ar\/sitio\/wp-json\/wp\/v2\/product"}],"about":[{"href":"https:\/\/farmaciadagostino.com.ar\/sitio\/wp-json\/wp\/v2\/types\/product"}],"replies":[{"embeddable":true,"href":"https:\/\/farmaciadagostino.com.ar\/sitio\/wp-json\/wp\/v2\/comments?post=6074"}],"wp:featuredmedia":[{"embeddable":true,"href":"https:\/\/farmaciadagostino.com.ar\/sitio\/wp-json\/wp\/v2\/media\/2926"}],"wp:attachment":[{"href":"https:\/\/farmaciadagostino.com.ar\/sitio\/wp-json\/wp\/v2\/media?parent=6074"}],"wp:term":[{"taxonomy":"product_brand","embeddable":true,"href":"https:\/\/farmaciadagostino.com.ar\/sitio\/wp-json\/wp\/v2\/product_brand?post=6074"},{"taxonomy":"product_cat","embeddable":true,"href":"https:\/\/farmaciadagostino.com.ar\/sitio\/wp-json\/wp\/v2\/product_cat?post=6074"},{"taxonomy":"product_tag","embeddable":true,"href":"https:\/\/farmaciadagostino.com.ar\/sitio\/wp-json\/wp\/v2\/product_tag?post=6074"}],"curies":[{"name":"wp","href":"https:\/\/api.w.org\/{rel}","templated":true}]}}