{"id":6090,"date":"2024-06-09T13:25:53","date_gmt":"2024-06-09T16:25:53","guid":{"rendered":"https:\/\/farmaciadagostino.com.ar\/sitio\/producto\/petit-enfant-colonia-hipoalargenica-bebe-x120-ml\/"},"modified":"2026-03-09T10:09:54","modified_gmt":"2026-03-09T13:09:54","slug":"petit-enfant-colonia-hipoalargenica-bebe-x120-ml","status":"publish","type":"product","link":"https:\/\/farmaciadagostino.com.ar\/sitio\/producto\/petit-enfant-colonia-hipoalargenica-bebe-x120-ml\/","title":{"rendered":"PETIT ENFANT COLONIA HIPOALARG\u00c9NICA BEB\u00c9 x120 ml"},"content":{"rendered":"<p>Petit Enfant es una marca l\u00edder en fragancias, higiene y cuidados especiales para beb\u00e9s, pionera en desarrollar productos con f\u00f3rmulas sustentables. La m\u00e1s alta calidad de sus ingredientes se traducen en suavidad y cuidado para la piel del beb\u00e9.<\/p>\n","protected":false},"excerpt":{"rendered":"<p>Colonia hipoalergenica Petit Enfant.<\/p>\n","protected":false},"featured_media":3608,"comment_status":"open","ping_status":"closed","template":"","meta":[],"product_brand":[],"product_cat":[177],"product_tag":[],"class_list":{"0":"post-6090","1":"product","2":"type-product","3":"status-publish","4":"has-post-thumbnail","6":"product_cat-bebe-maternidad","8":"first","9":"instock","10":"shipping-taxable","11":"purchasable","12":"product-type-simple"},"_links":{"self":[{"href":"https:\/\/farmaciadagostino.com.ar\/sitio\/wp-json\/wp\/v2\/product\/6090","targetHints":{"allow":["GET"]}}],"collection":[{"href":"https:\/\/farmaciadagostino.com.ar\/sitio\/wp-json\/wp\/v2\/product"}],"about":[{"href":"https:\/\/farmaciadagostino.com.ar\/sitio\/wp-json\/wp\/v2\/types\/product"}],"replies":[{"embeddable":true,"href":"https:\/\/farmaciadagostino.com.ar\/sitio\/wp-json\/wp\/v2\/comments?post=6090"}],"wp:featuredmedia":[{"embeddable":true,"href":"https:\/\/farmaciadagostino.com.ar\/sitio\/wp-json\/wp\/v2\/media\/3608"}],"wp:attachment":[{"href":"https:\/\/farmaciadagostino.com.ar\/sitio\/wp-json\/wp\/v2\/media?parent=6090"}],"wp:term":[{"taxonomy":"product_brand","embeddable":true,"href":"https:\/\/farmaciadagostino.com.ar\/sitio\/wp-json\/wp\/v2\/product_brand?post=6090"},{"taxonomy":"product_cat","embeddable":true,"href":"https:\/\/farmaciadagostino.com.ar\/sitio\/wp-json\/wp\/v2\/product_cat?post=6090"},{"taxonomy":"product_tag","embeddable":true,"href":"https:\/\/farmaciadagostino.com.ar\/sitio\/wp-json\/wp\/v2\/product_tag?post=6090"}],"curies":[{"name":"wp","href":"https:\/\/api.w.org\/{rel}","templated":true}]}}