{"id":6099,"date":"2024-06-09T13:25:54","date_gmt":"2024-06-09T16:25:54","guid":{"rendered":"https:\/\/farmaciadagostino.com.ar\/sitio\/producto\/nivea-luminous-fluido-dia-locion-anti-mancha-fps50-x40-ml\/"},"modified":"2026-03-09T10:09:54","modified_gmt":"2026-03-09T13:09:54","slug":"nivea-luminous-fluido-dia-locion-anti-mancha-fps50-x40-ml","status":"publish","type":"product","link":"https:\/\/farmaciadagostino.com.ar\/sitio\/producto\/nivea-luminous-fluido-dia-locion-anti-mancha-fps50-x40-ml\/","title":{"rendered":"Nivea Crema Antimanchas D\u00eda 630 luminous Fps50 Todo Tipo de Piel 40 ml"},"content":{"rendered":"<p>La Crema de d\u00eda antimanchas NIVEA Luminous630 ayuda a reducir las manchas existentes y previene su reaparici\u00f3n. Su f\u00f3rmula combina dos ingredientes: Luminous630 para evitar la sobreproducci\u00f3n de melanina, logrando un tono de piel uniforme; y \u00c1cido Hialur\u00f3nico para hidratar y disminuir los signos de envejecimiento. Adem\u00e1s, contiene FPS 50 y filtros UVA\/UVB. Es adecuado para todo tipo de piel.<\/p>\n<h5>Beneficios:<\/h5>\n<p>&#8211; Reduce las manchas causadas por el sol, el envejecimiento y los factores hormonales.<\/p>\n<p>&#8211; Unifica el tono de la piel.<\/p>\n<p>&#8211; Aporta luminosidad al rostro.<\/p>\n<p>&#8211; Contiene FPS 50.<\/p>\n<p>&#8211; Apto para todo tipo de piel.<\/p>\n<h5>Composici\u00f3n:<\/h5>\n<p>Aqua, Homosalate, Butyl, Methoxydibenzoylmethane, Ethylhexyl Salicylate, Ethylhexyl Triazone, Butylene Glycol Dicaprylate\/Dicaprate, Alcohol Denat., Bis-Ethylhexyloxyphenol Methoxyphenyl Triazine, Dimethicone, Silica, Phenylbenzimidazole Sulfonic Acid, Tapioca Starch, Cetearyl Alcohol, Behenyl Alcohol, Methylpropanediol, Glycerin, Isobutylamido Thiazolyl Resorcinol, Sodium Hyaluronate, Tocopheryl Acetate, Sodium Stearoyl Glutamate, Ethylhexylglycerin, Xanthan Gum, Sodium Chloride, Carbomer, Sodium Sulfate, Trisodium EDTA, Acrylates\/C10-30 Alkyl Acrylate Crosspolymer, Sodium Hydroxide, Phenoxyethanol, Benzyl Alcohol, Limonene, Parfum, CI 15985, CI 16035, Vitamina E.<\/p>\n<h5>Propiedades:<\/h5>\n<p>Filtros UVA\/UVB. Sin parabenos.<\/p>\n<h5>Modo de Uso:<\/h5>\n<p>1) Limpiar el rostro.<\/p>\n<p>2) Aplicar NIVEA Luminous630 Crema antimanchas cada ma\u00f1ana.<\/p>\n<p>3) Reaplicar protecci\u00f3n solar cada dos o tres horas.<\/p>\n<p>4) Para un mejor resultado, se recomienda usar el Serum Antimanchas Luminous630.<\/p>\n<p>RECOMENDACI\u00d3N: Aplicar los productos con Luminous630 como m\u00e1ximo 4 veces al d\u00eda. Evitar el contacto directo con los ojos.<\/p>\n","protected":false},"excerpt":{"rendered":"<p>La Crema de d\u00eda antimanchas NIVEA Luminous630 ayuda a reducir las manchas existentes y previene su reaparici\u00f3n<\/p>\n","protected":false},"featured_media":3032,"comment_status":"open","ping_status":"closed","template":"","meta":[],"product_brand":[],"product_cat":[237,262,162,264],"product_tag":[],"class_list":{"0":"post-6099","1":"product","2":"type-product","3":"status-publish","4":"has-post-thumbnail","6":"product_cat-belleza","7":"product_cat-promo","8":"product_cat-dermocosmetica","9":"product_cat-ofertas","11":"first","12":"instock","13":"sale","14":"shipping-taxable","15":"purchasable","16":"product-type-simple"},"_links":{"self":[{"href":"https:\/\/farmaciadagostino.com.ar\/sitio\/wp-json\/wp\/v2\/product\/6099","targetHints":{"allow":["GET"]}}],"collection":[{"href":"https:\/\/farmaciadagostino.com.ar\/sitio\/wp-json\/wp\/v2\/product"}],"about":[{"href":"https:\/\/farmaciadagostino.com.ar\/sitio\/wp-json\/wp\/v2\/types\/product"}],"replies":[{"embeddable":true,"href":"https:\/\/farmaciadagostino.com.ar\/sitio\/wp-json\/wp\/v2\/comments?post=6099"}],"wp:featuredmedia":[{"embeddable":true,"href":"https:\/\/farmaciadagostino.com.ar\/sitio\/wp-json\/wp\/v2\/media\/3032"}],"wp:attachment":[{"href":"https:\/\/farmaciadagostino.com.ar\/sitio\/wp-json\/wp\/v2\/media?parent=6099"}],"wp:term":[{"taxonomy":"product_brand","embeddable":true,"href":"https:\/\/farmaciadagostino.com.ar\/sitio\/wp-json\/wp\/v2\/product_brand?post=6099"},{"taxonomy":"product_cat","embeddable":true,"href":"https:\/\/farmaciadagostino.com.ar\/sitio\/wp-json\/wp\/v2\/product_cat?post=6099"},{"taxonomy":"product_tag","embeddable":true,"href":"https:\/\/farmaciadagostino.com.ar\/sitio\/wp-json\/wp\/v2\/product_tag?post=6099"}],"curies":[{"name":"wp","href":"https:\/\/api.w.org\/{rel}","templated":true}]}}