{"id":6160,"date":"2024-06-09T13:26:04","date_gmt":"2024-06-09T16:26:04","guid":{"rendered":"https:\/\/farmaciadagostino.com.ar\/sitio\/producto\/bagovit-a-acondicionador-reparacion-intensiva-x350-gr\/"},"modified":"2026-03-09T10:25:22","modified_gmt":"2026-03-09T13:25:22","slug":"bagovit-a-acondicionador-reparacion-intensiva-x350-gr","status":"publish","type":"product","link":"https:\/\/farmaciadagostino.com.ar\/sitio\/producto\/bagovit-a-acondicionador-reparacion-intensiva-x350-gr\/","title":{"rendered":"Bagovit Capilar Acondicionador Reparacion Intens 350 ml"},"content":{"rendered":"<h5>Descripci\u00f3n<\/h5>\n<p>El Acondicionador Reparaci\u00f3n Intensiva Bag\u00f3vit combina Vitamina A y \u00d3leo de Arg\u00e1n de Marruecos, los ingredientes necesarios para sellar la cut\u00edcula, restaurar las ra\u00edces y las zonas m\u00e1s da\u00f1adas de tu cabello en tan solo 2 minutos. Su f\u00f3rmula le aporta un brillo natural, dej\u00e1ndolo saludable por dentro y por fuera. Adem\u00e1s, contiene Maca Peruana, que lo ayuda a mantener el volumen capilar y estimular su crecimiento.<\/p>\n<h5>Beneficios<\/h5>\n<p>&#8211; Vitamina A y \u00d3leo de Arg\u00e1n de Marruecos, ideales para reparar tu cabello.<br \/>\n&#8211; Repara la fibra capilar en tan solo dos minutos.<br \/>\n&#8211; Sella la cut\u00edcula, restaura las puntas y las zonas da\u00f1adas del cabello.<br \/>\n&#8211; Mantiene el volumen capilar.<br \/>\n&#8211; Estimula el crecimiento.<\/p>\n<h5>Modo de uso<\/h5>\n<p>Aplicar sobre el cabello h\u00famedo. Masajear suavemente y enjuagar. Para un cabello m\u00e1s reparado y protegido utiliza los otros productos de la l\u00ednea Bag\u00f3vit Reparaci\u00f3n Intensiva. Para uso diario.<\/p>\n<h5>Ingredientes<\/h5>\n<p>Vitamina A, \u00d3leo de Arg\u00e1n, Maca Peruana<\/p>\n","protected":false},"excerpt":{"rendered":"<p>Descripci\u00f3nEl Acondicionador Reparaci\u00f3n Intensiva Bag\u00f3vit combina Vitamina A y \u00d3leo de Arg\u00e1n de Marruecos, los ingredientes necesarios para sellar la cut\u00edcula, restaurar las ra\u00edces y las zonas m\u00e1s da\u00f1adas de tu cabello en tan solo 2 minutos<\/p>\n","protected":false},"featured_media":3309,"comment_status":"open","ping_status":"closed","template":"","meta":[],"product_brand":[],"product_cat":[237,162],"product_tag":[],"class_list":{"0":"post-6160","1":"product","2":"type-product","3":"status-publish","4":"has-post-thumbnail","6":"product_cat-belleza","7":"product_cat-dermocosmetica","9":"first","10":"instock","11":"shipping-taxable","12":"purchasable","13":"product-type-simple"},"_links":{"self":[{"href":"https:\/\/farmaciadagostino.com.ar\/sitio\/wp-json\/wp\/v2\/product\/6160","targetHints":{"allow":["GET"]}}],"collection":[{"href":"https:\/\/farmaciadagostino.com.ar\/sitio\/wp-json\/wp\/v2\/product"}],"about":[{"href":"https:\/\/farmaciadagostino.com.ar\/sitio\/wp-json\/wp\/v2\/types\/product"}],"replies":[{"embeddable":true,"href":"https:\/\/farmaciadagostino.com.ar\/sitio\/wp-json\/wp\/v2\/comments?post=6160"}],"wp:featuredmedia":[{"embeddable":true,"href":"https:\/\/farmaciadagostino.com.ar\/sitio\/wp-json\/wp\/v2\/media\/3309"}],"wp:attachment":[{"href":"https:\/\/farmaciadagostino.com.ar\/sitio\/wp-json\/wp\/v2\/media?parent=6160"}],"wp:term":[{"taxonomy":"product_brand","embeddable":true,"href":"https:\/\/farmaciadagostino.com.ar\/sitio\/wp-json\/wp\/v2\/product_brand?post=6160"},{"taxonomy":"product_cat","embeddable":true,"href":"https:\/\/farmaciadagostino.com.ar\/sitio\/wp-json\/wp\/v2\/product_cat?post=6160"},{"taxonomy":"product_tag","embeddable":true,"href":"https:\/\/farmaciadagostino.com.ar\/sitio\/wp-json\/wp\/v2\/product_tag?post=6160"}],"curies":[{"name":"wp","href":"https:\/\/api.w.org\/{rel}","templated":true}]}}