{"id":6162,"date":"2024-06-09T13:26:04","date_gmt":"2024-06-09T16:26:04","guid":{"rendered":"https:\/\/farmaciadagostino.com.ar\/sitio\/producto\/bagovit-a-acondicionador-capilar-pelo-largo-y-sin-frizz-x350-gr\/"},"modified":"2026-03-09T10:18:07","modified_gmt":"2026-03-09T13:18:07","slug":"bagovit-a-acondicionador-capilar-pelo-largo-y-sin-frizz-x350-gr","status":"publish","type":"product","link":"https:\/\/farmaciadagostino.com.ar\/sitio\/producto\/bagovit-a-acondicionador-capilar-pelo-largo-y-sin-frizz-x350-gr\/","title":{"rendered":"Bagovit Capilar Acondicionador Pelo Largo Y Sin Frizz 350 ml"},"content":{"rendered":"<h5>Descripci\u00f3n<\/h5>\n<p>El Acondicionador Pelo Largo y Sin Frizz Bag\u00f3vit elimina la est\u00e1tica de forma inmediata sin dejar el pelo pesado o grasoso. Su f\u00f3rmula combina Pura Vitamina A con Aloe Vera, favoreciendo la irrigaci\u00f3n sangu\u00ednea de los fol\u00edculos capilares para otorgar al pelo m\u00e1s fuerza, brillo y vitalidad. Adem\u00e1s, tambi\u00e9n contiene Elixir de Flores, que nutre y estimula el crecimiento del pelo. Alisa y controla el frizz hasta 96%. Refuerza las puntas, salvando los \u00faltimos cent\u00edmetros del pelo. Lo fortalece y nutre para prevenir quiebres y mantener el largo liso y brilloso.<\/p>\n<h5>Beneficios<\/h5>\n<p>&#8211; Pura Vitamina A.<br \/>\n&#8211; Aloe Vera: favorece la irrigaci\u00f3n sangu\u00ednea de los fol\u00edculos capilares para otorgar al pelo m\u00e1s fuerza, brillo y vitalidad.<br \/>\n&#8211; Elixir de Flores: nutre y estimula el crecimiento del pelo.<br \/>\n&#8211; Alisa y controla el frizz hasta 96%.<br \/>\n&#8211; Refuerza las puntas, salvando los \u00faltimos cent\u00edmetros del pelo. <\/p>\n<h5>Modo de uso<\/h5>\n<p>Aplicar sobre el cabello h\u00famedo. Masajear suavemente y enjuagar. Para proteger a\u00fan m\u00e1s el cabello del frizz utiliza los otros productos de la l\u00ednea Bag\u00f3vit Pelo Lacio y Sin Frizz. Para uso diario.<\/p>\n<h5>Ingredientes<\/h5>\n<p>Vitamina A, Aloe Vera, Elixir de Flores<\/p>\n","protected":false},"excerpt":{"rendered":"<p>Descripci\u00f3nEl Acondicionador Pelo Largo y Sin Frizz Bag\u00f3vit elimina la est\u00e1tica de forma inmediata sin dejar el pelo pesado o grasoso<\/p>\n","protected":false},"featured_media":3308,"comment_status":"open","ping_status":"closed","template":"","meta":[],"product_brand":[],"product_cat":[237,162],"product_tag":[],"class_list":{"0":"post-6162","1":"product","2":"type-product","3":"status-publish","4":"has-post-thumbnail","6":"product_cat-belleza","7":"product_cat-dermocosmetica","9":"first","10":"instock","11":"shipping-taxable","12":"purchasable","13":"product-type-simple"},"_links":{"self":[{"href":"https:\/\/farmaciadagostino.com.ar\/sitio\/wp-json\/wp\/v2\/product\/6162","targetHints":{"allow":["GET"]}}],"collection":[{"href":"https:\/\/farmaciadagostino.com.ar\/sitio\/wp-json\/wp\/v2\/product"}],"about":[{"href":"https:\/\/farmaciadagostino.com.ar\/sitio\/wp-json\/wp\/v2\/types\/product"}],"replies":[{"embeddable":true,"href":"https:\/\/farmaciadagostino.com.ar\/sitio\/wp-json\/wp\/v2\/comments?post=6162"}],"wp:featuredmedia":[{"embeddable":true,"href":"https:\/\/farmaciadagostino.com.ar\/sitio\/wp-json\/wp\/v2\/media\/3308"}],"wp:attachment":[{"href":"https:\/\/farmaciadagostino.com.ar\/sitio\/wp-json\/wp\/v2\/media?parent=6162"}],"wp:term":[{"taxonomy":"product_brand","embeddable":true,"href":"https:\/\/farmaciadagostino.com.ar\/sitio\/wp-json\/wp\/v2\/product_brand?post=6162"},{"taxonomy":"product_cat","embeddable":true,"href":"https:\/\/farmaciadagostino.com.ar\/sitio\/wp-json\/wp\/v2\/product_cat?post=6162"},{"taxonomy":"product_tag","embeddable":true,"href":"https:\/\/farmaciadagostino.com.ar\/sitio\/wp-json\/wp\/v2\/product_tag?post=6162"}],"curies":[{"name":"wp","href":"https:\/\/api.w.org\/{rel}","templated":true}]}}