{"id":6167,"date":"2024-06-09T13:26:06","date_gmt":"2024-06-09T16:26:06","guid":{"rendered":"https:\/\/farmaciadagostino.com.ar\/sitio\/producto\/bagovit-a-acondicionador-brillo-sublime-x350-gr\/"},"modified":"2026-03-09T10:09:54","modified_gmt":"2026-03-09T13:09:54","slug":"bagovit-a-acondicionador-brillo-sublime-x350-gr","status":"publish","type":"product","link":"https:\/\/farmaciadagostino.com.ar\/sitio\/producto\/bagovit-a-acondicionador-brillo-sublime-x350-gr\/","title":{"rendered":"Bagovit Capilar Acondicionador Brillo Luminoso 350 ml"},"content":{"rendered":"<p>Combina Pura Vitamina A + Agua de Rosa Blanca (Hidrata el cabello en toda su extensi\u00f3n, logrando un brillo so\u00f1ado) + Aceite de Baobab (Estimula la regeneraci\u00f3n de las c\u00e9lulas, aporta brillo y protege del encrespamiento.)<\/p>\n","protected":false},"excerpt":{"rendered":"<p>Tu pelo 3 veces m\u00e1s brillante y sedoso. Hidrata el cabello en toda su extensi\u00f3n, logrando un brillo incre\u00edble y de larga duraci\u00f3n en forma inmediata. Remueve impurezas y deja tu pelo hasta 3 veces m\u00e1s brillante y sedoso desde el primer uso.<\/p>\n","protected":false},"featured_media":3305,"comment_status":"open","ping_status":"closed","template":"","meta":[],"product_brand":[],"product_cat":[237,162],"product_tag":[],"class_list":{"0":"post-6167","1":"product","2":"type-product","3":"status-publish","4":"has-post-thumbnail","6":"product_cat-belleza","7":"product_cat-dermocosmetica","9":"first","10":"instock","11":"shipping-taxable","12":"purchasable","13":"product-type-simple"},"_links":{"self":[{"href":"https:\/\/farmaciadagostino.com.ar\/sitio\/wp-json\/wp\/v2\/product\/6167","targetHints":{"allow":["GET"]}}],"collection":[{"href":"https:\/\/farmaciadagostino.com.ar\/sitio\/wp-json\/wp\/v2\/product"}],"about":[{"href":"https:\/\/farmaciadagostino.com.ar\/sitio\/wp-json\/wp\/v2\/types\/product"}],"replies":[{"embeddable":true,"href":"https:\/\/farmaciadagostino.com.ar\/sitio\/wp-json\/wp\/v2\/comments?post=6167"}],"wp:featuredmedia":[{"embeddable":true,"href":"https:\/\/farmaciadagostino.com.ar\/sitio\/wp-json\/wp\/v2\/media\/3305"}],"wp:attachment":[{"href":"https:\/\/farmaciadagostino.com.ar\/sitio\/wp-json\/wp\/v2\/media?parent=6167"}],"wp:term":[{"taxonomy":"product_brand","embeddable":true,"href":"https:\/\/farmaciadagostino.com.ar\/sitio\/wp-json\/wp\/v2\/product_brand?post=6167"},{"taxonomy":"product_cat","embeddable":true,"href":"https:\/\/farmaciadagostino.com.ar\/sitio\/wp-json\/wp\/v2\/product_cat?post=6167"},{"taxonomy":"product_tag","embeddable":true,"href":"https:\/\/farmaciadagostino.com.ar\/sitio\/wp-json\/wp\/v2\/product_tag?post=6167"}],"curies":[{"name":"wp","href":"https:\/\/api.w.org\/{rel}","templated":true}]}}