{"id":6210,"date":"2024-06-09T13:26:14","date_gmt":"2024-06-09T16:26:14","guid":{"rendered":"https:\/\/farmaciadagostino.com.ar\/sitio\/producto\/adolfo-dominguez-perfume-mujer-terracota-musk-120-ml\/"},"modified":"2026-03-09T10:25:22","modified_gmt":"2026-03-09T13:25:22","slug":"adolfo-dominguez-perfume-mujer-terracota-musk-120-ml","status":"publish","type":"product","link":"https:\/\/farmaciadagostino.com.ar\/sitio\/producto\/adolfo-dominguez-perfume-mujer-terracota-musk-120-ml\/","title":{"rendered":"ADOLFO DOMINGUEZ PERFUME MUJER TERRACOTA MUSK 120 ML"},"content":{"rendered":"<p>Familia Olfativa: Gourmand Musk<br \/>\nSalida: Bergamota, Lichi, Freesia<br \/>\nCoraz\u00f3n: Flor de Azahar, Tiar\u00e9, Jazm\u00edn<br \/>\nFondo: Iris, Ambrete, Vainilla, Musk<\/p>\n","protected":false},"excerpt":{"rendered":"<p>Conecta con tu sensualidad innata. Se funde en ti, te abraza. M\u00e1gica. Envolvente.<\/p>\n","protected":false},"featured_media":4511,"comment_status":"open","ping_status":"closed","template":"","meta":[],"product_brand":[],"product_cat":[237],"product_tag":[],"class_list":{"0":"post-6210","1":"product","2":"type-product","3":"status-publish","4":"has-post-thumbnail","6":"product_cat-belleza","8":"first","9":"instock","10":"shipping-taxable","11":"purchasable","12":"product-type-simple"},"_links":{"self":[{"href":"https:\/\/farmaciadagostino.com.ar\/sitio\/wp-json\/wp\/v2\/product\/6210","targetHints":{"allow":["GET"]}}],"collection":[{"href":"https:\/\/farmaciadagostino.com.ar\/sitio\/wp-json\/wp\/v2\/product"}],"about":[{"href":"https:\/\/farmaciadagostino.com.ar\/sitio\/wp-json\/wp\/v2\/types\/product"}],"replies":[{"embeddable":true,"href":"https:\/\/farmaciadagostino.com.ar\/sitio\/wp-json\/wp\/v2\/comments?post=6210"}],"wp:featuredmedia":[{"embeddable":true,"href":"https:\/\/farmaciadagostino.com.ar\/sitio\/wp-json\/wp\/v2\/media\/4511"}],"wp:attachment":[{"href":"https:\/\/farmaciadagostino.com.ar\/sitio\/wp-json\/wp\/v2\/media?parent=6210"}],"wp:term":[{"taxonomy":"product_brand","embeddable":true,"href":"https:\/\/farmaciadagostino.com.ar\/sitio\/wp-json\/wp\/v2\/product_brand?post=6210"},{"taxonomy":"product_cat","embeddable":true,"href":"https:\/\/farmaciadagostino.com.ar\/sitio\/wp-json\/wp\/v2\/product_cat?post=6210"},{"taxonomy":"product_tag","embeddable":true,"href":"https:\/\/farmaciadagostino.com.ar\/sitio\/wp-json\/wp\/v2\/product_tag?post=6210"}],"curies":[{"name":"wp","href":"https:\/\/api.w.org\/{rel}","templated":true}]}}