{"id":6213,"date":"2024-06-09T13:26:14","date_gmt":"2024-06-09T16:26:14","guid":{"rendered":"https:\/\/farmaciadagostino.com.ar\/sitio\/producto\/dermaglos-crema-con-color-bb-cream-tono-claro-fps30-x50-gr\/"},"modified":"2026-03-09T10:25:22","modified_gmt":"2026-03-09T13:25:22","slug":"dermaglos-crema-con-color-bb-cream-tono-claro-fps30-x50-gr","status":"publish","type":"product","link":"https:\/\/farmaciadagostino.com.ar\/sitio\/producto\/dermaglos-crema-con-color-bb-cream-tono-claro-fps30-x50-gr\/","title":{"rendered":"Dermaglos Crema Con Color Bb Cream Tono Claro Con Fps30 50 gr"},"content":{"rendered":"<h5>Descripci\u00f3n\/Beneficios:<\/h5>\n<p>Crema con color que brinda una soluci\u00f3n pr\u00e1ctica en un solo paso. Promueve una hidrataci\u00f3n por 24hs, unificando el tono de manera natural, ilumina y protege la piel. Otorga elasticidad y suavidad sin efecto graso. Previene los signos de envejecimiento prematuro. Disponible en tono claro y tono medio.<\/p>\n<h5>Componentes: <\/h5>\n<p>Con Hydrovance, Vitamina E, Alanto\u00edna y Aceites de arroz y damasco.<\/p>\n<h5>Tipo de Piel: <\/h5>\n<p>Apta piel sensible \u2013 Hipoalerg\u00e9nica \u2013 No comedog\u00e9nica \u2013 Sin parabenos \u2013 Sin TACC \u2013 Testeada dermatol\u00f3gica y oftalmol\u00f3gicamente.<\/p>\n<h5>Modo de Uso<\/h5>\n<p>Aplicar el producto en el rostro con ayuda de los dedos mayor y anular y masajear suavemente con movimientos circulares ascendentes hasta lograr un tono uniforme. Aplicar en rostro, cuello y escote.<\/p>\n","protected":false},"excerpt":{"rendered":"<p>Descripci\u00f3n\/Beneficios:<br \/>\nCrema con color que brinda una soluci\u00f3n pr\u00e1ctica en un solo paso<\/p>\n","protected":false},"featured_media":3681,"comment_status":"open","ping_status":"closed","template":"","meta":[],"product_brand":[],"product_cat":[237,162],"product_tag":[],"class_list":{"0":"post-6213","1":"product","2":"type-product","3":"status-publish","4":"has-post-thumbnail","6":"product_cat-belleza","7":"product_cat-dermocosmetica","9":"first","10":"instock","11":"shipping-taxable","12":"purchasable","13":"product-type-simple"},"_links":{"self":[{"href":"https:\/\/farmaciadagostino.com.ar\/sitio\/wp-json\/wp\/v2\/product\/6213","targetHints":{"allow":["GET"]}}],"collection":[{"href":"https:\/\/farmaciadagostino.com.ar\/sitio\/wp-json\/wp\/v2\/product"}],"about":[{"href":"https:\/\/farmaciadagostino.com.ar\/sitio\/wp-json\/wp\/v2\/types\/product"}],"replies":[{"embeddable":true,"href":"https:\/\/farmaciadagostino.com.ar\/sitio\/wp-json\/wp\/v2\/comments?post=6213"}],"wp:featuredmedia":[{"embeddable":true,"href":"https:\/\/farmaciadagostino.com.ar\/sitio\/wp-json\/wp\/v2\/media\/3681"}],"wp:attachment":[{"href":"https:\/\/farmaciadagostino.com.ar\/sitio\/wp-json\/wp\/v2\/media?parent=6213"}],"wp:term":[{"taxonomy":"product_brand","embeddable":true,"href":"https:\/\/farmaciadagostino.com.ar\/sitio\/wp-json\/wp\/v2\/product_brand?post=6213"},{"taxonomy":"product_cat","embeddable":true,"href":"https:\/\/farmaciadagostino.com.ar\/sitio\/wp-json\/wp\/v2\/product_cat?post=6213"},{"taxonomy":"product_tag","embeddable":true,"href":"https:\/\/farmaciadagostino.com.ar\/sitio\/wp-json\/wp\/v2\/product_tag?post=6213"}],"curies":[{"name":"wp","href":"https:\/\/api.w.org\/{rel}","templated":true}]}}