{"id":6226,"date":"2024-06-09T13:26:15","date_gmt":"2024-06-09T16:26:15","guid":{"rendered":"https:\/\/farmaciadagostino.com.ar\/sitio\/producto\/little-paris-baby-boy-colonia-torre-locion-x90-ml\/"},"modified":"2026-03-09T10:09:57","modified_gmt":"2026-03-09T13:09:57","slug":"little-paris-baby-boy-colonia-torre-locion-x90-ml","status":"publish","type":"product","link":"https:\/\/farmaciadagostino.com.ar\/sitio\/producto\/little-paris-baby-boy-colonia-torre-locion-x90-ml\/","title":{"rendered":"LITTLE PARIS BABY BOY COLONIA TORRE LOCI\u00d3N x90 ml"},"content":{"rendered":"<p>Fragancia Boy con aroma c\u00edtrico presentada en su envase original con forma de Torre Eiffel. Libre de parabenos para una m\u00e1xima seguridad en el cuidado del beb\u00e9. Modo de uso: hasta el a\u00f1o se recomienda no perfumar al ni\u00f1o\/a sino hacerlo sobre su ropa. La fragancia esta preparada para fijarse muy bien sobre algod\u00f3n y lanas. Rociar la fragancia a 15 cm de distancia del lugar deseado y disfruta todo el d\u00eda de su aroma. Si decid\u00eds colocarlo sobre su cuerpo aplicarla primero en tus manos y desde all\u00ed perfumarlo con suaves caricias que le encantar\u00e1n.<\/p>\n","protected":false},"excerpt":{"rendered":"<p>Colonia hipoalerg\u00e9nica para beb\u00e9s y ni\u00f1os de 0 a 3 a\u00f1os.<\/p>\n","protected":false},"featured_media":14649,"comment_status":"open","ping_status":"closed","template":"","meta":[],"product_brand":[],"product_cat":[177,237,266],"product_tag":[],"class_list":{"0":"post-6226","1":"product","2":"type-product","3":"status-publish","4":"has-post-thumbnail","6":"product_cat-bebe-maternidad","7":"product_cat-belleza","8":"product_cat-infancias","10":"first","11":"instock","12":"shipping-taxable","13":"purchasable","14":"product-type-simple"},"_links":{"self":[{"href":"https:\/\/farmaciadagostino.com.ar\/sitio\/wp-json\/wp\/v2\/product\/6226","targetHints":{"allow":["GET"]}}],"collection":[{"href":"https:\/\/farmaciadagostino.com.ar\/sitio\/wp-json\/wp\/v2\/product"}],"about":[{"href":"https:\/\/farmaciadagostino.com.ar\/sitio\/wp-json\/wp\/v2\/types\/product"}],"replies":[{"embeddable":true,"href":"https:\/\/farmaciadagostino.com.ar\/sitio\/wp-json\/wp\/v2\/comments?post=6226"}],"wp:featuredmedia":[{"embeddable":true,"href":"https:\/\/farmaciadagostino.com.ar\/sitio\/wp-json\/wp\/v2\/media\/14649"}],"wp:attachment":[{"href":"https:\/\/farmaciadagostino.com.ar\/sitio\/wp-json\/wp\/v2\/media?parent=6226"}],"wp:term":[{"taxonomy":"product_brand","embeddable":true,"href":"https:\/\/farmaciadagostino.com.ar\/sitio\/wp-json\/wp\/v2\/product_brand?post=6226"},{"taxonomy":"product_cat","embeddable":true,"href":"https:\/\/farmaciadagostino.com.ar\/sitio\/wp-json\/wp\/v2\/product_cat?post=6226"},{"taxonomy":"product_tag","embeddable":true,"href":"https:\/\/farmaciadagostino.com.ar\/sitio\/wp-json\/wp\/v2\/product_tag?post=6226"}],"curies":[{"name":"wp","href":"https:\/\/api.w.org\/{rel}","templated":true}]}}