{"id":6228,"date":"2024-06-09T13:26:16","date_gmt":"2024-06-09T16:26:16","guid":{"rendered":"https:\/\/farmaciadagostino.com.ar\/sitio\/producto\/bensimon-perfume-blue-edp-locion-x-100-ml\/"},"modified":"2026-03-09T10:25:22","modified_gmt":"2026-03-09T13:25:22","slug":"bensimon-perfume-blue-edp-locion-x-100-ml","status":"publish","type":"product","link":"https:\/\/farmaciadagostino.com.ar\/sitio\/producto\/bensimon-perfume-blue-edp-locion-x-100-ml\/","title":{"rendered":"BENSIMON PERFUME BLUE EDP LOCI\u00d3N x 100 ml"},"content":{"rendered":"<p>De car\u00e1cter masculina intensa Blue es la fragancia que ha heredado una elegancia confiada, con el desprecio f\u00e1cil de la juventud, transmitida por una exc\u00e9ntrica combinaci\u00f3n magn\u00e9tica que resurge en toda su proyecci\u00f3n.<br \/>\nUna fragancia \u00fanica de la familia Foug\u00e9re, que identifica la esencia con una combinaci\u00f3n de lavanda como nota central y su fondo oriental exotico identificada por el Haba Tonka y Patchuli.<\/p>\n","protected":false},"excerpt":{"rendered":"<p>Blue se asocia principalmente con el agua, momentos al aire libre, libertad sin l\u00edmites.<\/p>\n","protected":false},"featured_media":4298,"comment_status":"open","ping_status":"closed","template":"","meta":[],"product_brand":[],"product_cat":[237],"product_tag":[],"class_list":{"0":"post-6228","1":"product","2":"type-product","3":"status-publish","4":"has-post-thumbnail","6":"product_cat-belleza","8":"first","9":"instock","10":"shipping-taxable","11":"purchasable","12":"product-type-simple"},"_links":{"self":[{"href":"https:\/\/farmaciadagostino.com.ar\/sitio\/wp-json\/wp\/v2\/product\/6228","targetHints":{"allow":["GET"]}}],"collection":[{"href":"https:\/\/farmaciadagostino.com.ar\/sitio\/wp-json\/wp\/v2\/product"}],"about":[{"href":"https:\/\/farmaciadagostino.com.ar\/sitio\/wp-json\/wp\/v2\/types\/product"}],"replies":[{"embeddable":true,"href":"https:\/\/farmaciadagostino.com.ar\/sitio\/wp-json\/wp\/v2\/comments?post=6228"}],"wp:featuredmedia":[{"embeddable":true,"href":"https:\/\/farmaciadagostino.com.ar\/sitio\/wp-json\/wp\/v2\/media\/4298"}],"wp:attachment":[{"href":"https:\/\/farmaciadagostino.com.ar\/sitio\/wp-json\/wp\/v2\/media?parent=6228"}],"wp:term":[{"taxonomy":"product_brand","embeddable":true,"href":"https:\/\/farmaciadagostino.com.ar\/sitio\/wp-json\/wp\/v2\/product_brand?post=6228"},{"taxonomy":"product_cat","embeddable":true,"href":"https:\/\/farmaciadagostino.com.ar\/sitio\/wp-json\/wp\/v2\/product_cat?post=6228"},{"taxonomy":"product_tag","embeddable":true,"href":"https:\/\/farmaciadagostino.com.ar\/sitio\/wp-json\/wp\/v2\/product_tag?post=6228"}],"curies":[{"name":"wp","href":"https:\/\/api.w.org\/{rel}","templated":true}]}}