{"id":6231,"date":"2024-06-09T13:26:16","date_gmt":"2024-06-09T16:26:16","guid":{"rendered":"https:\/\/farmaciadagostino.com.ar\/sitio\/producto\/cheeky-pretty-girls-edt-locion-x100-ml\/"},"modified":"2026-03-09T10:18:08","modified_gmt":"2026-03-09T13:18:08","slug":"cheeky-pretty-girls-edt-locion-x100-ml","status":"publish","type":"product","link":"https:\/\/farmaciadagostino.com.ar\/sitio\/producto\/cheeky-pretty-girls-edt-locion-x100-ml\/","title":{"rendered":"CHEEKY PRETTY GIRLS EDT LOCI\u00d3N x100 ml"},"content":{"rendered":"<p>Salida con un mix frutal de manzana verde, lima y bergamota. Coraz\u00f3n de muguet, jazm\u00edn y rosa, con un toque de \u00e1mbar.<br \/>\nModo de uso:<br \/>\nAplicar en la zona que quiera sentir la fragancia.<\/p>\n","protected":false},"excerpt":{"rendered":"<p>Cheeky Pretty Perfume Para Nenas<\/p>\n","protected":false},"featured_media":4285,"comment_status":"open","ping_status":"closed","template":"","meta":[],"product_brand":[],"product_cat":[177,237,266],"product_tag":[],"class_list":{"0":"post-6231","1":"product","2":"type-product","3":"status-publish","4":"has-post-thumbnail","6":"product_cat-bebe-maternidad","7":"product_cat-belleza","8":"product_cat-infancias","10":"first","11":"instock","12":"shipping-taxable","13":"purchasable","14":"product-type-simple"},"_links":{"self":[{"href":"https:\/\/farmaciadagostino.com.ar\/sitio\/wp-json\/wp\/v2\/product\/6231","targetHints":{"allow":["GET"]}}],"collection":[{"href":"https:\/\/farmaciadagostino.com.ar\/sitio\/wp-json\/wp\/v2\/product"}],"about":[{"href":"https:\/\/farmaciadagostino.com.ar\/sitio\/wp-json\/wp\/v2\/types\/product"}],"replies":[{"embeddable":true,"href":"https:\/\/farmaciadagostino.com.ar\/sitio\/wp-json\/wp\/v2\/comments?post=6231"}],"wp:featuredmedia":[{"embeddable":true,"href":"https:\/\/farmaciadagostino.com.ar\/sitio\/wp-json\/wp\/v2\/media\/4285"}],"wp:attachment":[{"href":"https:\/\/farmaciadagostino.com.ar\/sitio\/wp-json\/wp\/v2\/media?parent=6231"}],"wp:term":[{"taxonomy":"product_brand","embeddable":true,"href":"https:\/\/farmaciadagostino.com.ar\/sitio\/wp-json\/wp\/v2\/product_brand?post=6231"},{"taxonomy":"product_cat","embeddable":true,"href":"https:\/\/farmaciadagostino.com.ar\/sitio\/wp-json\/wp\/v2\/product_cat?post=6231"},{"taxonomy":"product_tag","embeddable":true,"href":"https:\/\/farmaciadagostino.com.ar\/sitio\/wp-json\/wp\/v2\/product_tag?post=6231"}],"curies":[{"name":"wp","href":"https:\/\/api.w.org\/{rel}","templated":true}]}}