{"id":6236,"date":"2024-06-09T13:26:16","date_gmt":"2024-06-09T16:26:16","guid":{"rendered":"https:\/\/farmaciadagostino.com.ar\/sitio\/producto\/dermaglos-crema-facial-nutricion-piel-seca-x50-gr\/"},"modified":"2026-03-09T10:09:57","modified_gmt":"2026-03-09T13:09:57","slug":"dermaglos-crema-facial-nutricion-piel-seca-x50-gr","status":"publish","type":"product","link":"https:\/\/farmaciadagostino.com.ar\/sitio\/producto\/dermaglos-crema-facial-nutricion-piel-seca-x50-gr\/","title":{"rendered":"Dermaglos Crema Nutritiva Piel Seca 50 gr"},"content":{"rendered":"<h5>Nombre<\/h5>\n<p>Crema Facial Dermagl\u00f3s nutrici\u00f3n intensa de noche para piel seca a muy seca x 50 gr<\/p>\n<h5>Descripci\u00f3n<\/h5>\n<p>Aporta importantes beneficios de reparaci\u00f3n gracias a la acci\u00f3n equilibrada de sus componentes. Act\u00faa en la estructura de la piel, reafirmando tejidos y nutriendo profundamente.<\/p>\n<h5>Modo de Uso<\/h5>\n<p>Aplicar cada noche sobre rostro, contorno de ojos, cuello y escote perfectamente limpios. Masajear suavemente con movimientos circulares ascendentes.<\/p>\n<h5>Eficacia \/ Beneficios<\/h5>\n<p>Aporta importantes beneficios de reparaci\u00f3n gracias a la acci\u00f3n equilibrada de sus componentes.<\/p>\n<h5>Ingredientes<\/h5>\n<p>Provitamina B5, Vitamina A, Vitamina E.<\/p>\n","protected":false},"excerpt":{"rendered":"<p>NombreCrema Facial Dermagl\u00f3s nutrici\u00f3n intensa de noche para piel seca a muy seca x 50 grDescripci\u00f3nAporta importantes beneficios de reparaci\u00f3n gracias a la acci\u00f3n equilibrada de sus componentes<\/p>\n","protected":false},"featured_media":3676,"comment_status":"open","ping_status":"closed","template":"","meta":[],"product_brand":[],"product_cat":[237,162],"product_tag":[],"class_list":{"0":"post-6236","1":"product","2":"type-product","3":"status-publish","4":"has-post-thumbnail","6":"product_cat-belleza","7":"product_cat-dermocosmetica","9":"first","10":"instock","11":"shipping-taxable","12":"purchasable","13":"product-type-simple"},"_links":{"self":[{"href":"https:\/\/farmaciadagostino.com.ar\/sitio\/wp-json\/wp\/v2\/product\/6236","targetHints":{"allow":["GET"]}}],"collection":[{"href":"https:\/\/farmaciadagostino.com.ar\/sitio\/wp-json\/wp\/v2\/product"}],"about":[{"href":"https:\/\/farmaciadagostino.com.ar\/sitio\/wp-json\/wp\/v2\/types\/product"}],"replies":[{"embeddable":true,"href":"https:\/\/farmaciadagostino.com.ar\/sitio\/wp-json\/wp\/v2\/comments?post=6236"}],"wp:featuredmedia":[{"embeddable":true,"href":"https:\/\/farmaciadagostino.com.ar\/sitio\/wp-json\/wp\/v2\/media\/3676"}],"wp:attachment":[{"href":"https:\/\/farmaciadagostino.com.ar\/sitio\/wp-json\/wp\/v2\/media?parent=6236"}],"wp:term":[{"taxonomy":"product_brand","embeddable":true,"href":"https:\/\/farmaciadagostino.com.ar\/sitio\/wp-json\/wp\/v2\/product_brand?post=6236"},{"taxonomy":"product_cat","embeddable":true,"href":"https:\/\/farmaciadagostino.com.ar\/sitio\/wp-json\/wp\/v2\/product_cat?post=6236"},{"taxonomy":"product_tag","embeddable":true,"href":"https:\/\/farmaciadagostino.com.ar\/sitio\/wp-json\/wp\/v2\/product_tag?post=6236"}],"curies":[{"name":"wp","href":"https:\/\/api.w.org\/{rel}","templated":true}]}}