{"id":6237,"date":"2024-06-09T13:26:17","date_gmt":"2024-06-09T16:26:17","guid":{"rendered":"https:\/\/farmaciadagostino.com.ar\/sitio\/producto\/dermaglos-crema-nutritiva-de-noche-pieles-normales-x70-gr\/"},"modified":"2026-03-09T10:18:08","modified_gmt":"2026-03-09T13:18:08","slug":"dermaglos-crema-nutritiva-de-noche-pieles-normales-x70-gr","status":"publish","type":"product","link":"https:\/\/farmaciadagostino.com.ar\/sitio\/producto\/dermaglos-crema-nutritiva-de-noche-pieles-normales-x70-gr\/","title":{"rendered":"Dermaglos Crema Nutritiva de Noche 70 gr"},"content":{"rendered":"<p> crema nutritiva para la noche que aporta importantes beneficios de reparaci\u00f3n gracias a la acci\u00f3n equilibrada de sus componentes. <\/p>\n<h5>Beneficios:<\/h5>\n<p> Formulada con Provitamina B5, Vitaminas A y E, que act\u00faa sobre la estructura de la piel, reafirmando tejidos y nutriendo profundamente logrando reparar el da\u00f1o al que est\u00e1 expuesta todos los d\u00edas. <\/p>\n<h5>Modo de Uso:<\/h5>\n<p>Aplicar cada noche sobre rostro, contorno de ojos, cuello y escote perfectamente limpios. Masajear suavemente con movimientos circulares ascendentes. <\/p>\n","protected":false},"excerpt":{"rendered":"<p>crema nutritiva para la noche que aporta importantes beneficios de reparaci\u00f3n gracias a la acci\u00f3n equilibrada de sus componentes<\/p>\n","protected":false},"featured_media":3672,"comment_status":"open","ping_status":"closed","template":"","meta":[],"product_brand":[],"product_cat":[237,162],"product_tag":[],"class_list":{"0":"post-6237","1":"product","2":"type-product","3":"status-publish","4":"has-post-thumbnail","6":"product_cat-belleza","7":"product_cat-dermocosmetica","9":"first","10":"instock","11":"shipping-taxable","12":"purchasable","13":"product-type-simple"},"_links":{"self":[{"href":"https:\/\/farmaciadagostino.com.ar\/sitio\/wp-json\/wp\/v2\/product\/6237","targetHints":{"allow":["GET"]}}],"collection":[{"href":"https:\/\/farmaciadagostino.com.ar\/sitio\/wp-json\/wp\/v2\/product"}],"about":[{"href":"https:\/\/farmaciadagostino.com.ar\/sitio\/wp-json\/wp\/v2\/types\/product"}],"replies":[{"embeddable":true,"href":"https:\/\/farmaciadagostino.com.ar\/sitio\/wp-json\/wp\/v2\/comments?post=6237"}],"wp:featuredmedia":[{"embeddable":true,"href":"https:\/\/farmaciadagostino.com.ar\/sitio\/wp-json\/wp\/v2\/media\/3672"}],"wp:attachment":[{"href":"https:\/\/farmaciadagostino.com.ar\/sitio\/wp-json\/wp\/v2\/media?parent=6237"}],"wp:term":[{"taxonomy":"product_brand","embeddable":true,"href":"https:\/\/farmaciadagostino.com.ar\/sitio\/wp-json\/wp\/v2\/product_brand?post=6237"},{"taxonomy":"product_cat","embeddable":true,"href":"https:\/\/farmaciadagostino.com.ar\/sitio\/wp-json\/wp\/v2\/product_cat?post=6237"},{"taxonomy":"product_tag","embeddable":true,"href":"https:\/\/farmaciadagostino.com.ar\/sitio\/wp-json\/wp\/v2\/product_tag?post=6237"}],"curies":[{"name":"wp","href":"https:\/\/api.w.org\/{rel}","templated":true}]}}