{"id":6238,"date":"2024-06-09T13:26:17","date_gmt":"2024-06-09T16:26:17","guid":{"rendered":"https:\/\/farmaciadagostino.com.ar\/sitio\/producto\/dermaglos-crema-protectora-matificante-pieles-mixtas-a-gras-f30-x50-gr\/"},"modified":"2026-03-09T10:25:23","modified_gmt":"2026-03-09T13:25:23","slug":"dermaglos-crema-protectora-matificante-pieles-mixtas-a-gras-f30-x50-gr","status":"publish","type":"product","link":"https:\/\/farmaciadagostino.com.ar\/sitio\/producto\/dermaglos-crema-protectora-matificante-pieles-mixtas-a-gras-f30-x50-gr\/","title":{"rendered":"Dermaglos Crema Protectora Con Fps30 50 gr"},"content":{"rendered":"<p>La crema facial protectora Dermagl\u00f3s Hidratante FPS 30 x 50 g con su innovadora f\u00f3rmula le proporciona a la piel todo lo que necesita para mantenerse protegida, suave e hidratada, sin efecto graso. Especialmente indicada para pieles mixtas a grasas.<\/p>\n<h5>Beneficios:<\/h5>\n<p>La vitamina E previene el envejecimiento prematuro de la piel. A su vez, contiene provitamina B5 que repara los tejidos de col\u00e1geno y elastina responsables del sost\u00e9n cut\u00e1neo. Le aporta a la piel sensaci\u00f3n de suavidad. Tambi\u00e9n contiene oleoabsorbentes que Dejan la piel suave, sin sensaci\u00f3n de grasitud y con acabado mate. Y por \u00faltimo, factor de protecci\u00f3n solar 30 que protege la piel contra los da\u00f1os producidos por los rayos UVA y UVB.<\/p>\n<h5>Modo de Uso:<\/h5>\n<p>Aplicar todos los d\u00edas sobre la piel limpia como parte de la rutina del cuidado diario.<\/p>\n","protected":false},"excerpt":{"rendered":"<p>La crema facial protectora Dermagl\u00f3s Hidratante FPS 30 x 50 g con su innovadora f\u00f3rmula le proporciona a la piel todo lo que necesita para mantenerse protegida, suave e hidratada, sin efecto graso<\/p>\n","protected":false},"featured_media":3674,"comment_status":"open","ping_status":"closed","template":"","meta":[],"product_brand":[],"product_cat":[237,162],"product_tag":[],"class_list":{"0":"post-6238","1":"product","2":"type-product","3":"status-publish","4":"has-post-thumbnail","6":"product_cat-belleza","7":"product_cat-dermocosmetica","9":"first","10":"instock","11":"shipping-taxable","12":"purchasable","13":"product-type-simple"},"_links":{"self":[{"href":"https:\/\/farmaciadagostino.com.ar\/sitio\/wp-json\/wp\/v2\/product\/6238","targetHints":{"allow":["GET"]}}],"collection":[{"href":"https:\/\/farmaciadagostino.com.ar\/sitio\/wp-json\/wp\/v2\/product"}],"about":[{"href":"https:\/\/farmaciadagostino.com.ar\/sitio\/wp-json\/wp\/v2\/types\/product"}],"replies":[{"embeddable":true,"href":"https:\/\/farmaciadagostino.com.ar\/sitio\/wp-json\/wp\/v2\/comments?post=6238"}],"wp:featuredmedia":[{"embeddable":true,"href":"https:\/\/farmaciadagostino.com.ar\/sitio\/wp-json\/wp\/v2\/media\/3674"}],"wp:attachment":[{"href":"https:\/\/farmaciadagostino.com.ar\/sitio\/wp-json\/wp\/v2\/media?parent=6238"}],"wp:term":[{"taxonomy":"product_brand","embeddable":true,"href":"https:\/\/farmaciadagostino.com.ar\/sitio\/wp-json\/wp\/v2\/product_brand?post=6238"},{"taxonomy":"product_cat","embeddable":true,"href":"https:\/\/farmaciadagostino.com.ar\/sitio\/wp-json\/wp\/v2\/product_cat?post=6238"},{"taxonomy":"product_tag","embeddable":true,"href":"https:\/\/farmaciadagostino.com.ar\/sitio\/wp-json\/wp\/v2\/product_tag?post=6238"}],"curies":[{"name":"wp","href":"https:\/\/api.w.org\/{rel}","templated":true}]}}