{"id":6242,"date":"2024-06-09T13:26:18","date_gmt":"2024-06-09T16:26:18","guid":{"rendered":"https:\/\/farmaciadagostino.com.ar\/sitio\/producto\/dermaglos-emulsion-hidratacion-prolongada-fps-20-x70-gr\/"},"modified":"2026-03-09T10:09:57","modified_gmt":"2026-03-09T13:09:57","slug":"dermaglos-emulsion-hidratacion-prolongada-fps-20-x70-gr","status":"publish","type":"product","link":"https:\/\/farmaciadagostino.com.ar\/sitio\/producto\/dermaglos-emulsion-hidratacion-prolongada-fps-20-x70-gr\/","title":{"rendered":"Dermaglos Emulsi\u00f3n Hidratante de D\u00eda Con Fps20 70 ml"},"content":{"rendered":"<p> Especialmente dise\u00f1ados para pieles normales a mixtas. Proporciona hidrataci\u00f3n profunda para mantener la piel suave y luminosa. <\/p>\n<h5>Beneficios:<\/h5>\n<p> previenen el envejecimiento prematuro de la piel, protegi\u00e9ndola de los rayos solares (UVA\/UVB) ya que cuenta con Factor de protecci\u00f3n solar 20, contiene vitamina A y E que normaliza la piel seca y deshidratada. <\/p>\n<h5>Modo de Uso:<\/h5>\n<p>Aplicar cada ma\u00f1ana sobre rostro, cuello y escote perfectamente limpios. Masajear suavemente con movimientos circulares ascendentes. Usar sola o como base de maquillaje. <\/p>\n","protected":false},"excerpt":{"rendered":"<p>Especialmente dise\u00f1ados para pieles normales a mixtas<\/p>\n","protected":false},"featured_media":3631,"comment_status":"open","ping_status":"closed","template":"","meta":[],"product_brand":[],"product_cat":[237,262,162,264],"product_tag":[],"class_list":{"0":"post-6242","1":"product","2":"type-product","3":"status-publish","4":"has-post-thumbnail","6":"product_cat-belleza","7":"product_cat-promo","8":"product_cat-dermocosmetica","9":"product_cat-ofertas","11":"first","12":"instock","13":"sale","14":"shipping-taxable","15":"purchasable","16":"product-type-simple"},"_links":{"self":[{"href":"https:\/\/farmaciadagostino.com.ar\/sitio\/wp-json\/wp\/v2\/product\/6242","targetHints":{"allow":["GET"]}}],"collection":[{"href":"https:\/\/farmaciadagostino.com.ar\/sitio\/wp-json\/wp\/v2\/product"}],"about":[{"href":"https:\/\/farmaciadagostino.com.ar\/sitio\/wp-json\/wp\/v2\/types\/product"}],"replies":[{"embeddable":true,"href":"https:\/\/farmaciadagostino.com.ar\/sitio\/wp-json\/wp\/v2\/comments?post=6242"}],"wp:featuredmedia":[{"embeddable":true,"href":"https:\/\/farmaciadagostino.com.ar\/sitio\/wp-json\/wp\/v2\/media\/3631"}],"wp:attachment":[{"href":"https:\/\/farmaciadagostino.com.ar\/sitio\/wp-json\/wp\/v2\/media?parent=6242"}],"wp:term":[{"taxonomy":"product_brand","embeddable":true,"href":"https:\/\/farmaciadagostino.com.ar\/sitio\/wp-json\/wp\/v2\/product_brand?post=6242"},{"taxonomy":"product_cat","embeddable":true,"href":"https:\/\/farmaciadagostino.com.ar\/sitio\/wp-json\/wp\/v2\/product_cat?post=6242"},{"taxonomy":"product_tag","embeddable":true,"href":"https:\/\/farmaciadagostino.com.ar\/sitio\/wp-json\/wp\/v2\/product_tag?post=6242"}],"curies":[{"name":"wp","href":"https:\/\/api.w.org\/{rel}","templated":true}]}}