{"id":6243,"date":"2024-06-09T13:26:18","date_gmt":"2024-06-09T16:26:18","guid":{"rendered":"https:\/\/farmaciadagostino.com.ar\/sitio\/producto\/dermaglos-emulsion-hidratante-de-dia-fps-12-x75-ml\/"},"modified":"2026-03-09T10:18:08","modified_gmt":"2026-03-09T13:18:08","slug":"dermaglos-emulsion-hidratante-de-dia-fps-12-x75-ml","status":"publish","type":"product","link":"https:\/\/farmaciadagostino.com.ar\/sitio\/producto\/dermaglos-emulsion-hidratante-de-dia-fps-12-x75-ml\/","title":{"rendered":"Dermaglos Emulsi\u00f3n Hidratante de D\u00eda Con Fps 12 75 gr"},"content":{"rendered":"<p> La emulsi\u00f3n Hidratante est\u00e1 especialmente formulada para pieles normales a mixtas. Protege y proporciona a la piel la hidrataci\u00f3n necesaria para mantenerla joven, de textura liviana. <\/p>\n<h5>Beneficios:<\/h5>\n<p> Previene la aparici\u00f3n de manchas y brinda protecci\u00f3n UVA \/UVB. Contiene FPS 12 vitaminas A y E que normaliza la piel seca y deshidratada y previene el envejecimiento prematuro de la piel. <\/p>\n<h5>Modo de Uso:<\/h5>\n<p> Aplicar la Crema o Emulsi\u00f3n Hidratante Dermagl\u00f3s sobre la piel limpia y tonificada, cada ma\u00f1ana, en rostro, cuello y escote. Usar los dedos mayor y anular para la aplicaci\u00f3n, realizando movimientos circulares ascendentes. Usar sola o como paso previo al maquillaje. <\/p>\n","protected":false},"excerpt":{"rendered":"<p>La emulsi\u00f3n Hidratante est\u00e1 especialmente formulada para pieles normales a mixtas<\/p>\n","protected":false},"featured_media":3678,"comment_status":"open","ping_status":"closed","template":"","meta":[],"product_brand":[],"product_cat":[237,162],"product_tag":[],"class_list":{"0":"post-6243","1":"product","2":"type-product","3":"status-publish","4":"has-post-thumbnail","6":"product_cat-belleza","7":"product_cat-dermocosmetica","9":"first","10":"instock","11":"shipping-taxable","12":"purchasable","13":"product-type-simple"},"_links":{"self":[{"href":"https:\/\/farmaciadagostino.com.ar\/sitio\/wp-json\/wp\/v2\/product\/6243","targetHints":{"allow":["GET"]}}],"collection":[{"href":"https:\/\/farmaciadagostino.com.ar\/sitio\/wp-json\/wp\/v2\/product"}],"about":[{"href":"https:\/\/farmaciadagostino.com.ar\/sitio\/wp-json\/wp\/v2\/types\/product"}],"replies":[{"embeddable":true,"href":"https:\/\/farmaciadagostino.com.ar\/sitio\/wp-json\/wp\/v2\/comments?post=6243"}],"wp:featuredmedia":[{"embeddable":true,"href":"https:\/\/farmaciadagostino.com.ar\/sitio\/wp-json\/wp\/v2\/media\/3678"}],"wp:attachment":[{"href":"https:\/\/farmaciadagostino.com.ar\/sitio\/wp-json\/wp\/v2\/media?parent=6243"}],"wp:term":[{"taxonomy":"product_brand","embeddable":true,"href":"https:\/\/farmaciadagostino.com.ar\/sitio\/wp-json\/wp\/v2\/product_brand?post=6243"},{"taxonomy":"product_cat","embeddable":true,"href":"https:\/\/farmaciadagostino.com.ar\/sitio\/wp-json\/wp\/v2\/product_cat?post=6243"},{"taxonomy":"product_tag","embeddable":true,"href":"https:\/\/farmaciadagostino.com.ar\/sitio\/wp-json\/wp\/v2\/product_tag?post=6243"}],"curies":[{"name":"wp","href":"https:\/\/api.w.org\/{rel}","templated":true}]}}