{"id":6244,"date":"2024-06-09T13:26:18","date_gmt":"2024-06-09T16:26:18","guid":{"rendered":"https:\/\/farmaciadagostino.com.ar\/sitio\/producto\/dermaglos-desmaquillante-bifaz-de-ojos-locion-x100-ml\/"},"modified":"2026-03-09T10:25:23","modified_gmt":"2026-03-09T13:25:23","slug":"dermaglos-desmaquillante-bifaz-de-ojos-locion-x100-ml","status":"publish","type":"product","link":"https:\/\/farmaciadagostino.com.ar\/sitio\/producto\/dermaglos-desmaquillante-bifaz-de-ojos-locion-x100-ml\/","title":{"rendered":"Dermaglos Desmaquillante Bifaz de Ojos 100 ml"},"content":{"rendered":"<p>El desmaquillante de ojos Dermagl\u00f3s tiene una f\u00f3rmula bifaz que elimina f\u00e1cilmente el maquillaje a prueba de agua y de larga duraci\u00f3n otorgando a la piel una agradable sensaci\u00f3n de suavidad sin dejar residuo graso.<\/p>\n<h5>Beneficios:<\/h5>\n<p>F\u00f3rmula de dos fases que remueve r\u00e1pidamente el maquillaje. Provitamina B5; Hidrata la piel dej\u00e1ndola suave y sedosa. Bisabolol; Descongestiona, calma y suaviza. Alanto\u00edna; Regeneradora de la piel. Brinda sensaci\u00f3n suave y tersa a la piel. Pantenol. Efecto no irritante, humectante y acondicionador.<\/p>\n<h5>Modo de Uso:<\/h5>\n<p>Agitar hasta que se unifiquen las dos fases, luego aplicar con un disco de algod\u00f3n sobr\u00e9 los p\u00e1rpados sin restregar. Limpiar desde el p\u00e1rpado m\u00f3vil hasta el final de las pesta\u00f1as, repitiendo la operaci\u00f3n sobre el p\u00e1rpado inferior.<\/p>\n","protected":false},"excerpt":{"rendered":"<p>El desmaquillante de ojos Dermagl\u00f3s tiene una f\u00f3rmula bifaz que elimina f\u00e1cilmente el maquillaje a prueba de agua y de larga duraci\u00f3n otorgando a la piel una agradable sensaci\u00f3n de suavidad sin dejar residuo graso<\/p>\n","protected":false},"featured_media":3655,"comment_status":"open","ping_status":"closed","template":"","meta":[],"product_brand":[],"product_cat":[237,162],"product_tag":[],"class_list":{"0":"post-6244","1":"product","2":"type-product","3":"status-publish","4":"has-post-thumbnail","6":"product_cat-belleza","7":"product_cat-dermocosmetica","9":"first","10":"instock","11":"shipping-taxable","12":"purchasable","13":"product-type-simple"},"_links":{"self":[{"href":"https:\/\/farmaciadagostino.com.ar\/sitio\/wp-json\/wp\/v2\/product\/6244","targetHints":{"allow":["GET"]}}],"collection":[{"href":"https:\/\/farmaciadagostino.com.ar\/sitio\/wp-json\/wp\/v2\/product"}],"about":[{"href":"https:\/\/farmaciadagostino.com.ar\/sitio\/wp-json\/wp\/v2\/types\/product"}],"replies":[{"embeddable":true,"href":"https:\/\/farmaciadagostino.com.ar\/sitio\/wp-json\/wp\/v2\/comments?post=6244"}],"wp:featuredmedia":[{"embeddable":true,"href":"https:\/\/farmaciadagostino.com.ar\/sitio\/wp-json\/wp\/v2\/media\/3655"}],"wp:attachment":[{"href":"https:\/\/farmaciadagostino.com.ar\/sitio\/wp-json\/wp\/v2\/media?parent=6244"}],"wp:term":[{"taxonomy":"product_brand","embeddable":true,"href":"https:\/\/farmaciadagostino.com.ar\/sitio\/wp-json\/wp\/v2\/product_brand?post=6244"},{"taxonomy":"product_cat","embeddable":true,"href":"https:\/\/farmaciadagostino.com.ar\/sitio\/wp-json\/wp\/v2\/product_cat?post=6244"},{"taxonomy":"product_tag","embeddable":true,"href":"https:\/\/farmaciadagostino.com.ar\/sitio\/wp-json\/wp\/v2\/product_tag?post=6244"}],"curies":[{"name":"wp","href":"https:\/\/api.w.org\/{rel}","templated":true}]}}