{"id":6246,"date":"2024-06-09T13:26:18","date_gmt":"2024-06-09T16:26:18","guid":{"rendered":"https:\/\/farmaciadagostino.com.ar\/sitio\/producto\/dermaglos-crema-corporal-piel-del-diabetico-x120-gr\/"},"modified":"2026-03-09T10:18:08","modified_gmt":"2026-03-09T13:18:08","slug":"dermaglos-crema-corporal-piel-del-diabetico-x120-gr","status":"publish","type":"product","link":"https:\/\/farmaciadagostino.com.ar\/sitio\/producto\/dermaglos-crema-corporal-piel-del-diabetico-x120-gr\/","title":{"rendered":"Dermaglos Crema Corporal Piel Del Diab\u00e9tico 100 gr"},"content":{"rendered":"<\/p>\n<h5>Descripci\u00f3n:<\/h5>\n<p>La Crema Corporal Piel del Diab\u00e9tico tiene una exclusiva formulaci\u00f3n que contiene una combinaci\u00f3n de Urea, Aceite de Rosa Mosqueta y Casta\u00f1o de Indias con efecto antiglicante que otorgan m\u00e1xima hidrataci\u00f3n y suavidad a la piel sana de las personas con diabetes, disminuyendo as\u00ed la resequedad especialmente en codos y pies.<\/p>\n<h5>Modo de Uso:<\/h5>\n<p>Aplicar entre dos o tres veces en el d\u00eda en todo el cuerpo o sobre la zona a tratar o proteger, realizando un suave masaje para favorecer su penetraci\u00f3n.<\/p>\n<h5>Precauciones:<\/h5>\n<p>Discontinuar el uso del producto y consultar al m\u00e9dico ante cualquier signo de enrojecimiento, descamaci\u00f3n o picaz\u00f3n. Aplicar sobre la piel sana. No aplicar en piel lastimada, herida, ampollada o ulcerada. No utilizar sobre cicatrices queloides. No aplicar el producto entre los dedos del pie.<\/p>\n","protected":false},"excerpt":{"rendered":"<p>Descripci\u00f3n:La Crema Corporal Piel del Diab\u00e9tico tiene una exclusiva formulaci\u00f3n que contiene una combinaci\u00f3n de Urea, Aceite de Rosa Mosqueta y Casta\u00f1o de Indias con efecto antiglicante que otorgan m\u00e1xima hidrataci\u00f3n y suavidad a la piel sana de las personas con diabetes, disminuyendo as\u00ed la resequedad especialmente en codos y pies<\/p>\n","protected":false},"featured_media":3683,"comment_status":"open","ping_status":"closed","template":"","meta":[],"product_brand":[],"product_cat":[237,162],"product_tag":[],"class_list":{"0":"post-6246","1":"product","2":"type-product","3":"status-publish","4":"has-post-thumbnail","6":"product_cat-belleza","7":"product_cat-dermocosmetica","9":"first","10":"instock","11":"shipping-taxable","12":"purchasable","13":"product-type-simple"},"_links":{"self":[{"href":"https:\/\/farmaciadagostino.com.ar\/sitio\/wp-json\/wp\/v2\/product\/6246","targetHints":{"allow":["GET"]}}],"collection":[{"href":"https:\/\/farmaciadagostino.com.ar\/sitio\/wp-json\/wp\/v2\/product"}],"about":[{"href":"https:\/\/farmaciadagostino.com.ar\/sitio\/wp-json\/wp\/v2\/types\/product"}],"replies":[{"embeddable":true,"href":"https:\/\/farmaciadagostino.com.ar\/sitio\/wp-json\/wp\/v2\/comments?post=6246"}],"wp:featuredmedia":[{"embeddable":true,"href":"https:\/\/farmaciadagostino.com.ar\/sitio\/wp-json\/wp\/v2\/media\/3683"}],"wp:attachment":[{"href":"https:\/\/farmaciadagostino.com.ar\/sitio\/wp-json\/wp\/v2\/media?parent=6246"}],"wp:term":[{"taxonomy":"product_brand","embeddable":true,"href":"https:\/\/farmaciadagostino.com.ar\/sitio\/wp-json\/wp\/v2\/product_brand?post=6246"},{"taxonomy":"product_cat","embeddable":true,"href":"https:\/\/farmaciadagostino.com.ar\/sitio\/wp-json\/wp\/v2\/product_cat?post=6246"},{"taxonomy":"product_tag","embeddable":true,"href":"https:\/\/farmaciadagostino.com.ar\/sitio\/wp-json\/wp\/v2\/product_tag?post=6246"}],"curies":[{"name":"wp","href":"https:\/\/api.w.org\/{rel}","templated":true}]}}