{"id":6248,"date":"2024-06-09T13:26:22","date_gmt":"2024-06-09T16:26:22","guid":{"rendered":"https:\/\/farmaciadagostino.com.ar\/sitio\/producto\/acf-by-dadatina-serum-reparador-vol-2-30-ml\/"},"modified":"2026-03-09T10:09:57","modified_gmt":"2026-03-09T13:09:57","slug":"acf-by-dadatina-serum-reparador-vol-2-30-ml","status":"publish","type":"product","link":"https:\/\/farmaciadagostino.com.ar\/sitio\/producto\/acf-by-dadatina-serum-reparador-vol-2-30-ml\/","title":{"rendered":"ACF BY DADATINA SERUM REPARADOR VOL 2 30 ML"},"content":{"rendered":"<p>SERUM VOL.2: RESTAURACI\u00d3N ACF by DADATINA<br \/>\nSerum exclusivo de ACF formulado con colaboraci\u00f3n de @soydadatina<br \/>\nSu f\u00f3rmula combina \u00e1cido hialur\u00f3nico de diversos pesos moleculares con un pol\u00edmero cruzado para hidratar m\u00faltiples niveles de la piel. La vitamina B5 potencia la hidrataci\u00f3n y restaura la barrera cut\u00e1nea dejando una apariencia suave y el\u00e1stica.<br \/>\nPRINCIPIOS ACTIVOS<br \/>\nHYLASOME EG-10 1,2%<br \/>\nACIDO HIALUR\u00d3NICO BPM 1%<br \/>\nVITAMINA B5 0,7%: Humecta, rellena y restaura la barrera de la piel.<br \/>\n*Hylasome es una marca comercial de Genzyme Biosurgery Corporation (ahora Sanofi) cuyo uso est\u00e1 autorizado para LuroMed LLC<br \/>\nMODO DE USO:<br \/>\nSERUM VOL.2: RESTAURACI\u00d3N: colocar 3 a 4 gotas en rostro y cuello despu\u00e9s de la limpieza y presionar suavemente con las manos para que se absorba. Continuar la rutina aplicando una crema de d\u00eda\/noche.<br \/>\nRECOMENDACIONES: Mantener a temperatura ambiente, puede ser utilizado de d\u00eda y de noche. Apto todo tipo de piel.<br \/>\nADVERTENCIAS: Evitar el contorno de ojos. En caso de irritaci\u00f3n suspenda su uso y consulte con un m\u00e9dico. No ingerir. Mantener alejado de los ni\u00f1os. Lavar con abundante agua en caso de contacto con los ojos. Conserve en lugar fresco y no lo exponga al sol. USO EXTERNO.<\/p>\n","protected":false},"excerpt":{"rendered":"<p>Humecta, rellena y restaura la barrera de la piel.<\/p>\n","protected":false},"featured_media":4067,"comment_status":"open","ping_status":"closed","template":"","meta":[],"product_brand":[],"product_cat":[237,162],"product_tag":[],"class_list":{"0":"post-6248","1":"product","2":"type-product","3":"status-publish","4":"has-post-thumbnail","6":"product_cat-belleza","7":"product_cat-dermocosmetica","9":"first","10":"instock","11":"shipping-taxable","12":"purchasable","13":"product-type-simple"},"_links":{"self":[{"href":"https:\/\/farmaciadagostino.com.ar\/sitio\/wp-json\/wp\/v2\/product\/6248","targetHints":{"allow":["GET"]}}],"collection":[{"href":"https:\/\/farmaciadagostino.com.ar\/sitio\/wp-json\/wp\/v2\/product"}],"about":[{"href":"https:\/\/farmaciadagostino.com.ar\/sitio\/wp-json\/wp\/v2\/types\/product"}],"replies":[{"embeddable":true,"href":"https:\/\/farmaciadagostino.com.ar\/sitio\/wp-json\/wp\/v2\/comments?post=6248"}],"wp:featuredmedia":[{"embeddable":true,"href":"https:\/\/farmaciadagostino.com.ar\/sitio\/wp-json\/wp\/v2\/media\/4067"}],"wp:attachment":[{"href":"https:\/\/farmaciadagostino.com.ar\/sitio\/wp-json\/wp\/v2\/media?parent=6248"}],"wp:term":[{"taxonomy":"product_brand","embeddable":true,"href":"https:\/\/farmaciadagostino.com.ar\/sitio\/wp-json\/wp\/v2\/product_brand?post=6248"},{"taxonomy":"product_cat","embeddable":true,"href":"https:\/\/farmaciadagostino.com.ar\/sitio\/wp-json\/wp\/v2\/product_cat?post=6248"},{"taxonomy":"product_tag","embeddable":true,"href":"https:\/\/farmaciadagostino.com.ar\/sitio\/wp-json\/wp\/v2\/product_tag?post=6248"}],"curies":[{"name":"wp","href":"https:\/\/api.w.org\/{rel}","templated":true}]}}