{"id":6261,"date":"2024-06-09T13:26:24","date_gmt":"2024-06-09T16:26:24","guid":{"rendered":"https:\/\/farmaciadagostino.com.ar\/sitio\/producto\/arlyt-solucion-oftalmica-express-x240-ml\/"},"modified":"2026-03-09T10:18:08","modified_gmt":"2026-03-09T13:18:08","slug":"arlyt-solucion-oftalmica-express-x240-ml","status":"publish","type":"product","link":"https:\/\/farmaciadagostino.com.ar\/sitio\/producto\/arlyt-solucion-oftalmica-express-x240-ml\/","title":{"rendered":"ARLYT EXPRESS SOL X 240 ML"},"content":{"rendered":"<p>Solucion multiprop\u00f3sito est\u00e9ril para todo tipo de lentes de contacto blandas. Limpiador, desinfectante, conservadora, humectante y de enjuage.<\/p>\n<p>INSTRUCCIONES GENERALES:<\/p>\n<p>-Antes de manipular las lentes de contacto l\u00e1vese bien las manos con jab\u00f3n neutro y enju\u00e1gueselas.<\/p>\n<p>MODO DE USO DIARIO:<\/p>\n<p>Paso 1: Sacar una lente de contacto y enjuagarla durante algunos segundos con arlyt Express.<br \/>\nPaso 2: Colocar en el portalentes una cantidad suficiente de arlyt Express para cubrir enteramente la lente e introducir la que acaba de enjuagar.<br \/>\nPaso 3: No es necesario frotar la lente de contacto, realizarlo si su contact\u00f3logo lo recomienda. En ese caso, colocar 2 o 3 gotas en la lente de contacto y frotarla suavemente durante 20 segundos.<br \/>\nPaso 4: Retirar la otra lente y repetir las operaciones realizadas con la primera.<br \/>\nPaso 5: Dejar las lentes en el estuche cerrado durante toda la noche o al menos por 4 horas.<br \/>\nPaso 6: Antes de volver a colocarse las lentes, enju\u00e1guelas durante algunos segundos con arlyt Express.<\/p>\n<p>PRECAUCIONES:<\/p>\n<p>Mantener fuera del alcance de los ni\u00f1os. No ingerir. Descartar el contenido del envase luego de 90 d\u00edas de su apertura, y utilizar siempre soluci\u00f3n nueva en su portalentes. No aceptar si el precinto de seguridad de la tapa ha sido violado o da\u00f1ado. Guarde a temperatura ambiente inferior a 30\u00ba C. Proteger el producto de la luz. No refrigere ni congele.<\/p>\n<p>Autorizado por A.N.M.A.T. \u00b7 P.M. Legajo N\u00ba 2174-1 \u00b7 Direcci\u00f3n T\u00e9cnica: Karen Weber MN:17527 MP:21210<\/p>\n","protected":false},"excerpt":{"rendered":"<p>Solucion multiprop\u00f3sito est\u00e9ril para todo tipo de lentes de contacto blandas<\/p>\n","protected":false},"featured_media":4263,"comment_status":"open","ping_status":"closed","template":"","meta":[],"product_brand":[],"product_cat":[149],"product_tag":[],"class_list":{"0":"post-6261","1":"product","2":"type-product","3":"status-publish","4":"has-post-thumbnail","6":"product_cat-farmacia","8":"first","9":"instock","10":"shipping-taxable","11":"purchasable","12":"product-type-simple"},"_links":{"self":[{"href":"https:\/\/farmaciadagostino.com.ar\/sitio\/wp-json\/wp\/v2\/product\/6261","targetHints":{"allow":["GET"]}}],"collection":[{"href":"https:\/\/farmaciadagostino.com.ar\/sitio\/wp-json\/wp\/v2\/product"}],"about":[{"href":"https:\/\/farmaciadagostino.com.ar\/sitio\/wp-json\/wp\/v2\/types\/product"}],"replies":[{"embeddable":true,"href":"https:\/\/farmaciadagostino.com.ar\/sitio\/wp-json\/wp\/v2\/comments?post=6261"}],"wp:featuredmedia":[{"embeddable":true,"href":"https:\/\/farmaciadagostino.com.ar\/sitio\/wp-json\/wp\/v2\/media\/4263"}],"wp:attachment":[{"href":"https:\/\/farmaciadagostino.com.ar\/sitio\/wp-json\/wp\/v2\/media?parent=6261"}],"wp:term":[{"taxonomy":"product_brand","embeddable":true,"href":"https:\/\/farmaciadagostino.com.ar\/sitio\/wp-json\/wp\/v2\/product_brand?post=6261"},{"taxonomy":"product_cat","embeddable":true,"href":"https:\/\/farmaciadagostino.com.ar\/sitio\/wp-json\/wp\/v2\/product_cat?post=6261"},{"taxonomy":"product_tag","embeddable":true,"href":"https:\/\/farmaciadagostino.com.ar\/sitio\/wp-json\/wp\/v2\/product_tag?post=6261"}],"curies":[{"name":"wp","href":"https:\/\/api.w.org\/{rel}","templated":true}]}}