{"id":6271,"date":"2024-06-09T13:26:26","date_gmt":"2024-06-09T16:26:26","guid":{"rendered":"https:\/\/farmaciadagostino.com.ar\/sitio\/producto\/zona-libre-de-piojos-madres-abuelas-locion-shampoo-balsamo\/"},"modified":"2026-03-09T10:18:08","modified_gmt":"2026-03-09T13:18:08","slug":"zona-libre-de-piojos-madres-abuelas-locion-shampoo-balsamo","status":"publish","type":"product","link":"https:\/\/farmaciadagostino.com.ar\/sitio\/producto\/zona-libre-de-piojos-madres-abuelas-locion-shampoo-balsamo\/","title":{"rendered":"ZONA LIBRE DE PIOJOS MADRES\/ABUELAS LOCI\u00d3N SHAMPOO B\u00c1LSAMO"},"content":{"rendered":"<p>El cabello y el cuero cabelludo de la mujer son bio-funcionalmente diferentes al de los ni\u00f1os y merecen ser tratados de una forma espec\u00edfica.<br \/>\nSus ingredientes son totalmente inocuos y no son absorbidos por el cuero cabelludo.<br \/>\nNo envenena qu\u00edmicamente a los piojos, sino que los asfixia, por lo que puede utilizarse sin riesgo tantas veces como sea necesario.<br \/>\nElimina piojos y liendres, dejando tu cabello luminoso, radiante, sedoso y con brillo.<br \/>\nCada envase rinde hasta 2 aplicaciones en pelo corto y 1 en pelo largo.<br \/>\nSin insecticidas<br \/>\n100% efectivo<br \/>\nElimina inmovilizando y asfixiando<br \/>\nCon Farmacapil (sin t\u00f3xicos)<br \/>\nMODO DE USO:<br \/>\nAplique Zona Libre Loci\u00f3n Madres &amp; Abuelas sobre el pelo seco con el aplicador, asegur\u00e1ndose de rociar generosamente todo el cabello, incluyendo las ra\u00edces. Este sistema permite una sencilla aplicaci\u00f3n sin derrames.<br \/>\nPara garantizar su eficacia, d\u00e9jelo actuar por al menos 5 minutos. Al ser un producto no t\u00f3xico, no es necesario retirarlo inmediatamente pudiendo inclusive permanecer en el pelo hasta las 12 horas. De esta forma Zona Libre Loci\u00f3n Madres y Abuelas puede ser aplicado en cualquier circunstancia y momento del d\u00eda.<\/p>\n","protected":false},"excerpt":{"rendered":"<p>Zona Libre Loci\u00f3n Madres &amp; Abuelas es el primer producto para los piojos especialmente formulado para adultos con Farmacapil.<\/p>\n","protected":false},"featured_media":4255,"comment_status":"open","ping_status":"closed","template":"","meta":[],"product_brand":[],"product_cat":[152,149],"product_tag":[],"class_list":{"0":"post-6271","1":"product","2":"type-product","3":"status-publish","4":"has-post-thumbnail","6":"product_cat-cuidado-personal","7":"product_cat-farmacia","9":"first","10":"instock","11":"shipping-taxable","12":"purchasable","13":"product-type-simple"},"_links":{"self":[{"href":"https:\/\/farmaciadagostino.com.ar\/sitio\/wp-json\/wp\/v2\/product\/6271","targetHints":{"allow":["GET"]}}],"collection":[{"href":"https:\/\/farmaciadagostino.com.ar\/sitio\/wp-json\/wp\/v2\/product"}],"about":[{"href":"https:\/\/farmaciadagostino.com.ar\/sitio\/wp-json\/wp\/v2\/types\/product"}],"replies":[{"embeddable":true,"href":"https:\/\/farmaciadagostino.com.ar\/sitio\/wp-json\/wp\/v2\/comments?post=6271"}],"wp:featuredmedia":[{"embeddable":true,"href":"https:\/\/farmaciadagostino.com.ar\/sitio\/wp-json\/wp\/v2\/media\/4255"}],"wp:attachment":[{"href":"https:\/\/farmaciadagostino.com.ar\/sitio\/wp-json\/wp\/v2\/media?parent=6271"}],"wp:term":[{"taxonomy":"product_brand","embeddable":true,"href":"https:\/\/farmaciadagostino.com.ar\/sitio\/wp-json\/wp\/v2\/product_brand?post=6271"},{"taxonomy":"product_cat","embeddable":true,"href":"https:\/\/farmaciadagostino.com.ar\/sitio\/wp-json\/wp\/v2\/product_cat?post=6271"},{"taxonomy":"product_tag","embeddable":true,"href":"https:\/\/farmaciadagostino.com.ar\/sitio\/wp-json\/wp\/v2\/product_tag?post=6271"}],"curies":[{"name":"wp","href":"https:\/\/api.w.org\/{rel}","templated":true}]}}