{"id":6273,"date":"2024-06-09T13:26:26","date_gmt":"2024-06-09T16:26:26","guid":{"rendered":"https:\/\/farmaciadagostino.com.ar\/sitio\/producto\/zona-libre-bebe-locion-x20-ml\/"},"modified":"2026-03-09T10:09:57","modified_gmt":"2026-03-09T13:09:57","slug":"zona-libre-bebe-locion-x20-ml","status":"publish","type":"product","link":"https:\/\/farmaciadagostino.com.ar\/sitio\/producto\/zona-libre-bebe-locion-x20-ml\/","title":{"rendered":"Zona Libre Loci\u00f3n Bebe 20 ml"},"content":{"rendered":"<p>Si tu beb\u00e9 entre 1 a 3 a\u00f1os tiene piojos Zona Libre te presenta una novedad mundial:<\/p>\n<p>Zona Libre Beb\u00e9\u00ae<\/p>\n<p>La \u00fanica loci\u00f3n en el mundo especialmente formulada para beb\u00e9s de 1 a 3 a\u00f1os dermatol\u00f3gicamente testeada bajo control pedi\u00e1trico con FARMACAPIL\u00ae revolucionario compuesto que act\u00faa f\u00edsica y no qu\u00edmicamente, no atacando a los piojos sino simplemente ahog\u00e1ndolos y elimin\u00e1ndolos INSTANTANEAMENTE en una sola aplicaci\u00f3n.<\/p>\n<p>Zona Libre Beb\u00e9s no tiene olor, no arde, no da\u00f1a el pelo y puede utilizarse tantas veces como quieras ante nuevos contagios. Y como no necesit\u00e1s peine fino, es r\u00e1pido y tus chicos no sufren. Adem\u00e1s, Zona Libre Beb\u00e9 es mucho m\u00e1s barato porque tiene la cantidad justa que tu Beb\u00e9 necesita para que no te sobre.<\/p>\n<p>Zona Libre Beb\u00e9 es seguro y 100% efectivo.<\/p>\n<p>Modo de uso:<br \/>\n1)Destape el frasco de Zona Libre\u00ae Beb\u00e9 Loci\u00f3ny coloque enroscando el aplicador que se encuentra en el estuche.<\/p>\n<p>2)Aplique Zona Libre\u00ae Beb\u00e9 Loci\u00f3nsobre el pelo seco con el aplicador, asegur\u00e1ndose de rociar generosamente todo el cabello. Este sistema permite una sencilla aplicaci\u00f3n sin derrames.<br \/>\nPara conseguir el resultado r\u00e1pido y revolucionario que Zona Libre\u00ae Beb\u00e9 Loci\u00f3n ofrece, es muy importante que el producto humedezca el pelo totalmente. Dado que Zona Libre\u00aeBeb\u00e9 Loci\u00f3n es absolutamente no t\u00f3xico, no hay ning\u00fan problema respecto de la cantidad de producto aplicada.<\/p>\n<p>3) Para garantizar su eficacia, dejar actuar de 10 a 15 minutos.<\/p>\n<p>4) Para retirar el producto, coloque abundante Zona Libre\u00aeBeb\u00e9 Shampoo(frasco pl\u00e1stico provisto en este kit) sin humedecer el pelo y masaje\u00e1ndolo.<br \/>\nLuego, humed\u00e9zcalo y lave el cabello. Enjuagar con abundante agua tantas veces como sea necesario, asegurarse que no queden restos del Shampoo en el cabello y en el cuero cabelludo.<br \/>\nZona Libre\u00aeBeb\u00e9 Shampoo est\u00e1 especialmente formulado para remover la loci\u00f3n y no debe permanecer en el cabello por m\u00e1s de 2 minutos.<\/p>\n<p>Advertencias:<br \/>\nSolo para uso externo. Evite el contacto con ojos, mucosas o lesiones cut\u00e1neas. Si sucediera, lave con abundante agua.<br \/>\nLa loci\u00f3n no debe permanecer en el cabello entre 10 a 15 minutos. El shampoo est\u00e1 especialmente formulado para remover la loci\u00f3n y no debe permanecer en el cabello por m\u00e1s de 1 minuto.<br \/>\nNo conserve el producto, ni lo aplique en cercan\u00edas de llama o fuentes de calor. Tenga precauci\u00f3n si el producto se derramase ya que la superficie quedar\u00e1 resbaladiza.<\/p>\n","protected":false},"excerpt":{"rendered":"<p>Si tu beb\u00e9 entre 1 a 3 a\u00f1os tiene piojos Zona Libre te presenta una novedad mundial:<\/p>\n<p>Zona Libre Beb\u00e9\u00ae<\/p>\n<p>La \u00fanica loci\u00f3n en el mundo especialmente formulada para beb\u00e9s de 1 a 3 a\u00f1os dermatol\u00f3gicamente testeada bajo control pedi\u00e1trico con FARMACAPIL\u00ae revolucionario compuesto que act\u00faa f\u00edsica y no qu\u00edmicamente, no atacando a los piojos sino simplemente ahog\u00e1ndolos y elimin\u00e1ndolos INSTANTANEAMENTE en una sola aplicaci\u00f3n<\/p>\n","protected":false},"featured_media":4257,"comment_status":"open","ping_status":"closed","template":"","meta":[],"product_brand":[],"product_cat":[152,149],"product_tag":[],"class_list":{"0":"post-6273","1":"product","2":"type-product","3":"status-publish","4":"has-post-thumbnail","6":"product_cat-cuidado-personal","7":"product_cat-farmacia","9":"first","10":"instock","11":"shipping-taxable","12":"purchasable","13":"product-type-simple"},"_links":{"self":[{"href":"https:\/\/farmaciadagostino.com.ar\/sitio\/wp-json\/wp\/v2\/product\/6273","targetHints":{"allow":["GET"]}}],"collection":[{"href":"https:\/\/farmaciadagostino.com.ar\/sitio\/wp-json\/wp\/v2\/product"}],"about":[{"href":"https:\/\/farmaciadagostino.com.ar\/sitio\/wp-json\/wp\/v2\/types\/product"}],"replies":[{"embeddable":true,"href":"https:\/\/farmaciadagostino.com.ar\/sitio\/wp-json\/wp\/v2\/comments?post=6273"}],"wp:featuredmedia":[{"embeddable":true,"href":"https:\/\/farmaciadagostino.com.ar\/sitio\/wp-json\/wp\/v2\/media\/4257"}],"wp:attachment":[{"href":"https:\/\/farmaciadagostino.com.ar\/sitio\/wp-json\/wp\/v2\/media?parent=6273"}],"wp:term":[{"taxonomy":"product_brand","embeddable":true,"href":"https:\/\/farmaciadagostino.com.ar\/sitio\/wp-json\/wp\/v2\/product_brand?post=6273"},{"taxonomy":"product_cat","embeddable":true,"href":"https:\/\/farmaciadagostino.com.ar\/sitio\/wp-json\/wp\/v2\/product_cat?post=6273"},{"taxonomy":"product_tag","embeddable":true,"href":"https:\/\/farmaciadagostino.com.ar\/sitio\/wp-json\/wp\/v2\/product_tag?post=6273"}],"curies":[{"name":"wp","href":"https:\/\/api.w.org\/{rel}","templated":true}]}}