{"id":6279,"date":"2024-06-09T13:26:27","date_gmt":"2024-06-09T16:26:27","guid":{"rendered":"https:\/\/farmaciadagostino.com.ar\/sitio\/producto\/evagina-jabon-liquido-x200-ml\/"},"modified":"2026-03-09T10:18:08","modified_gmt":"2026-03-09T13:18:08","slug":"evagina-jabon-liquido-x200-ml","status":"publish","type":"product","link":"https:\/\/farmaciadagostino.com.ar\/sitio\/producto\/evagina-jabon-liquido-x200-ml\/","title":{"rendered":"EVAGINA JAB\u00d3N L\u00cdQUIDO x200 ml"},"content":{"rendered":"<p>Alivia la picaz\u00f3n y evita malos olores. Protege la microbiota vaginal y aporta sensaci\u00f3n de frescura por 24 horas.<\/p>\n","protected":false},"excerpt":{"rendered":"<p>Jab\u00f3n l\u00edquido vaginal con una innovadora f\u00f3rmula con \u00c1cido Hialur\u00f3nico que higieniza, hidrata y protege, respetando el pH.<\/p>\n","protected":false},"featured_media":3830,"comment_status":"open","ping_status":"closed","template":"","meta":[],"product_brand":[],"product_cat":[152,239],"product_tag":[],"class_list":{"0":"post-6279","1":"product","2":"type-product","3":"status-publish","4":"has-post-thumbnail","6":"product_cat-cuidado-personal","7":"product_cat-intimo","9":"first","10":"instock","11":"shipping-taxable","12":"purchasable","13":"product-type-simple"},"_links":{"self":[{"href":"https:\/\/farmaciadagostino.com.ar\/sitio\/wp-json\/wp\/v2\/product\/6279","targetHints":{"allow":["GET"]}}],"collection":[{"href":"https:\/\/farmaciadagostino.com.ar\/sitio\/wp-json\/wp\/v2\/product"}],"about":[{"href":"https:\/\/farmaciadagostino.com.ar\/sitio\/wp-json\/wp\/v2\/types\/product"}],"replies":[{"embeddable":true,"href":"https:\/\/farmaciadagostino.com.ar\/sitio\/wp-json\/wp\/v2\/comments?post=6279"}],"wp:featuredmedia":[{"embeddable":true,"href":"https:\/\/farmaciadagostino.com.ar\/sitio\/wp-json\/wp\/v2\/media\/3830"}],"wp:attachment":[{"href":"https:\/\/farmaciadagostino.com.ar\/sitio\/wp-json\/wp\/v2\/media?parent=6279"}],"wp:term":[{"taxonomy":"product_brand","embeddable":true,"href":"https:\/\/farmaciadagostino.com.ar\/sitio\/wp-json\/wp\/v2\/product_brand?post=6279"},{"taxonomy":"product_cat","embeddable":true,"href":"https:\/\/farmaciadagostino.com.ar\/sitio\/wp-json\/wp\/v2\/product_cat?post=6279"},{"taxonomy":"product_tag","embeddable":true,"href":"https:\/\/farmaciadagostino.com.ar\/sitio\/wp-json\/wp\/v2\/product_tag?post=6279"}],"curies":[{"name":"wp","href":"https:\/\/api.w.org\/{rel}","templated":true}]}}