{"id":6293,"date":"2024-06-09T13:26:30","date_gmt":"2024-06-09T16:26:30","guid":{"rendered":"https:\/\/farmaciadagostino.com.ar\/sitio\/producto\/viasek-espuma-ph6-8-x75-ml\/"},"modified":"2026-03-09T10:25:23","modified_gmt":"2026-03-09T13:25:23","slug":"viasek-espuma-ph6-8-x75-ml","status":"publish","type":"product","link":"https:\/\/farmaciadagostino.com.ar\/sitio\/producto\/viasek-espuma-ph6-8-x75-ml\/","title":{"rendered":"VIASEK ESPUMA PH6.8 x75 ml"},"content":{"rendered":"<p>Posee un pH que se adapta a cada momento de la vida de una mujer, por ello existe en dos versiones:<br \/>\nViasek Espuma Edad Fertil y<br \/>\nViasek Espuma Menopausia<br \/>\nLa zona vaginal tiene un pH, que se define como el entorno que posibilita la vida en ese tejido. El pH de la vagina va cambiando con los a\u00f1os: el pH de una mujer f\u00e9rtil es muy \u00e1cido (alrededor de 3,5) y poco a poco, a partir de la menopausia el pH va tendiendo a alcalinizarse llegando a valores de 6-7.<br \/>\nSu f\u00f3rmula con \u00e1cido hialur\u00f3nico de alto peso molecular y activos calmantes de origen natural posee una acci\u00f3n hidratante que restaura el confort.<br \/>\nSu textura espec\u00edfica limpia delicadamente las mucosas \u00edntimas por su afinidad, manteni\u00e9ndolas suaves y lubrificadas.<br \/>\nSu textura \u201cespuma\u201d permite una aplicaci\u00f3n suave sin necesidad de ejercer fricci\u00f3n ni molestia en la zona.<br \/>\nViasek Espuma<br \/>\nMenopausia<br \/>\nSu uso es ideal para la Sequedad Vaginal en pre-menopausia y menopausia y para la prevenci\u00f3n de Infecciones urinarias recurrentes en esa etapa.<br \/>\nIndicaciones de uso:<br \/>\nSequedad Vaginal.<br \/>\nPrevenci\u00f3n en Infecciones Urinarias Recurrentes.<br \/>\n\u00bfPor qu\u00e9 usar Espuma ?<br \/>\nHigiene Suave y Delicada.<br \/>\nRespeta el pH vaginal.<br \/>\nMantiene el equilibrio de la Flora Vaginal.<br \/>\nProtege las Defensas Naturales de las Infecciones.<br \/>\nPosee un pH fisiol\u00f3gico que se adapta a cada edad biol\u00f3gica de la mujer.<br \/>\nProvee alivio a los s\u00edntomas de la Sequedad Vaginal.<br \/>\nProporciona y favorece la hidrataci\u00f3n natural gracias a su exclusivo \u00c1cido Hialur\u00f3nico que permite retenci\u00f3n de agua.<br \/>\nMODO DE USO ESPUMA VIASEK PH 3.5<br \/>\nColocar la espuma sobre los dedos.<br \/>\nAplicar en la zona vulvo-genital, previamente humedecida.<br \/>\nPasar los dedos con suavidad por los pliegues de los labios externos mayores e internos menores, y alrededor del cl\u00edtoris.<br \/>\nLuego, enjuagar con abundante agua.<br \/>\nUtilizar tantas veces por d\u00eda como sea necesario.<\/p>\n","protected":false},"excerpt":{"rendered":"<p>Es una Espuma de Higiene \u00edntima suave adecuada para la higiene diaria femenina, con propiedades protectoras e hidratantes. Est\u00e1 indicada para casos de sequedad de los genitales externos.<\/p>\n","protected":false},"featured_media":4113,"comment_status":"open","ping_status":"closed","template":"","meta":[],"product_brand":[],"product_cat":[239],"product_tag":[],"class_list":{"0":"post-6293","1":"product","2":"type-product","3":"status-publish","4":"has-post-thumbnail","6":"product_cat-intimo","8":"first","9":"instock","10":"shipping-taxable","11":"purchasable","12":"product-type-simple"},"_links":{"self":[{"href":"https:\/\/farmaciadagostino.com.ar\/sitio\/wp-json\/wp\/v2\/product\/6293","targetHints":{"allow":["GET"]}}],"collection":[{"href":"https:\/\/farmaciadagostino.com.ar\/sitio\/wp-json\/wp\/v2\/product"}],"about":[{"href":"https:\/\/farmaciadagostino.com.ar\/sitio\/wp-json\/wp\/v2\/types\/product"}],"replies":[{"embeddable":true,"href":"https:\/\/farmaciadagostino.com.ar\/sitio\/wp-json\/wp\/v2\/comments?post=6293"}],"wp:featuredmedia":[{"embeddable":true,"href":"https:\/\/farmaciadagostino.com.ar\/sitio\/wp-json\/wp\/v2\/media\/4113"}],"wp:attachment":[{"href":"https:\/\/farmaciadagostino.com.ar\/sitio\/wp-json\/wp\/v2\/media?parent=6293"}],"wp:term":[{"taxonomy":"product_brand","embeddable":true,"href":"https:\/\/farmaciadagostino.com.ar\/sitio\/wp-json\/wp\/v2\/product_brand?post=6293"},{"taxonomy":"product_cat","embeddable":true,"href":"https:\/\/farmaciadagostino.com.ar\/sitio\/wp-json\/wp\/v2\/product_cat?post=6293"},{"taxonomy":"product_tag","embeddable":true,"href":"https:\/\/farmaciadagostino.com.ar\/sitio\/wp-json\/wp\/v2\/product_tag?post=6293"}],"curies":[{"name":"wp","href":"https:\/\/api.w.org\/{rel}","templated":true}]}}