{"id":6297,"date":"2024-06-09T13:26:34","date_gmt":"2024-06-09T16:26:34","guid":{"rendered":"https:\/\/farmaciadagostino.com.ar\/sitio\/producto\/evacopa-copa-menstrual-d40-talle-1-x1-un\/"},"modified":"2026-03-09T10:25:23","modified_gmt":"2026-03-09T13:25:23","slug":"evacopa-copa-menstrual-d40-talle-1-x1-un","status":"publish","type":"product","link":"https:\/\/farmaciadagostino.com.ar\/sitio\/producto\/evacopa-copa-menstrual-d40-talle-1-x1-un\/","title":{"rendered":"EVACOPA COPA MENSTRUAL D40 TALLE 1 x1 un"},"content":{"rendered":"<p>Contenido: 1 copa menstrual, bolsa de tela respirable y manual de uso.<br \/>\nEs de silicona calidad farmac\u00e9utica para evitar desarrollo bacteriano.<br \/>\nApto vegano.<br \/>\nHipoalergenica, no altera el pH vaginal.<br \/>\nLibre de aditivos, olores, colorantes t\u00f3xicos.<br \/>\nEs c\u00f3moda, se puede usar hasta por 12 horas continuas, y es segura (evita infecciones y no genera irritaciones).<br \/>\nReutilizable hasta por 5 a\u00f1os.<\/p>\n","protected":false},"excerpt":{"rendered":"<p>F\u00e1cil de colocar. F\u00e1cil de extraer. F\u00e1cil de higienizar.<\/p>\n","protected":false},"featured_media":3817,"comment_status":"open","ping_status":"closed","template":"","meta":[],"product_brand":[],"product_cat":[152,239],"product_tag":[],"class_list":{"0":"post-6297","1":"product","2":"type-product","3":"status-publish","4":"has-post-thumbnail","6":"product_cat-cuidado-personal","7":"product_cat-intimo","9":"first","10":"instock","11":"shipping-taxable","12":"purchasable","13":"product-type-simple"},"_links":{"self":[{"href":"https:\/\/farmaciadagostino.com.ar\/sitio\/wp-json\/wp\/v2\/product\/6297","targetHints":{"allow":["GET"]}}],"collection":[{"href":"https:\/\/farmaciadagostino.com.ar\/sitio\/wp-json\/wp\/v2\/product"}],"about":[{"href":"https:\/\/farmaciadagostino.com.ar\/sitio\/wp-json\/wp\/v2\/types\/product"}],"replies":[{"embeddable":true,"href":"https:\/\/farmaciadagostino.com.ar\/sitio\/wp-json\/wp\/v2\/comments?post=6297"}],"wp:featuredmedia":[{"embeddable":true,"href":"https:\/\/farmaciadagostino.com.ar\/sitio\/wp-json\/wp\/v2\/media\/3817"}],"wp:attachment":[{"href":"https:\/\/farmaciadagostino.com.ar\/sitio\/wp-json\/wp\/v2\/media?parent=6297"}],"wp:term":[{"taxonomy":"product_brand","embeddable":true,"href":"https:\/\/farmaciadagostino.com.ar\/sitio\/wp-json\/wp\/v2\/product_brand?post=6297"},{"taxonomy":"product_cat","embeddable":true,"href":"https:\/\/farmaciadagostino.com.ar\/sitio\/wp-json\/wp\/v2\/product_cat?post=6297"},{"taxonomy":"product_tag","embeddable":true,"href":"https:\/\/farmaciadagostino.com.ar\/sitio\/wp-json\/wp\/v2\/product_tag?post=6297"}],"curies":[{"name":"wp","href":"https:\/\/api.w.org\/{rel}","templated":true}]}}